{"id":1089,"date":"2022-06-05T20:39:15","date_gmt":"2022-06-05T18:39:15","guid":{"rendered":"http:\/\/assumpcio.alcover.arqtgn.cat\/?page_id=1089"},"modified":"2023-06-15T11:54:50","modified_gmt":"2023-06-15T09:54:50","slug":"la-custodia-eucaritica-dalcover","status":"publish","type":"page","link":"https:\/\/assumpcio.alcover.arqtgn.cat\/?page_id=1089","title":{"rendered":"LA CUST\u00d2DIA EUCARISTICA D\u2019ALCOVER"},"content":{"rendered":"<p><strong>LA CUST\u00d2DIA G\u00d2TICA D\u2019ALCOVER DEL <span style=\"color: #000000\"><a style=\"color: #000000\" href=\"https:\/\/ca.wikipedia.org\/wiki\/Segle_XV\" target=\"_blank\" rel=\"noopener\">SEGLE XV<\/a><\/span><\/strong><\/p>\n<div id=\"attachment_1093\" style=\"width: 153px\" class=\"wp-caption alignleft\"><a href=\"https:\/\/assumpcio.alcover.arqtgn.cat\/wp-content\/uploads\/sites\/39\/2022\/06\/Captura-de-Pantalla-2022-06-05-a-las-13.18.13.png\" target=\"_blank\" rel=\"noopener\"><img decoding=\"async\" aria-describedby=\"caption-attachment-1093\" class=\"wp-image-1093 size-medium\" src=\"https:\/\/assumpcio.alcover.arqtgn.cat\/wp-content\/uploads\/sites\/39\/2022\/06\/Captura-de-Pantalla-2022-06-05-a-las-13.18.13-143x300.png\" alt=\"\" width=\"143\" height=\"300\" srcset=\"https:\/\/assumpcio.alcover.arqtgn.cat\/wp-content\/uploads\/sites\/39\/2022\/06\/Captura-de-Pantalla-2022-06-05-a-las-13.18.13-143x300.png 143w, https:\/\/assumpcio.alcover.arqtgn.cat\/wp-content\/uploads\/sites\/39\/2022\/06\/Captura-de-Pantalla-2022-06-05-a-las-13.18.13-487x1024.png 487w, https:\/\/assumpcio.alcover.arqtgn.cat\/wp-content\/uploads\/sites\/39\/2022\/06\/Captura-de-Pantalla-2022-06-05-a-las-13.18.13.png 564w\" sizes=\"(max-width: 143px) 100vw, 143px\" \/><\/a><p id=\"caption-attachment-1093\" class=\"wp-caption-text\"><strong>Cust\u00f2dia S. XV<\/strong><\/p><\/div>\n<p style=\"text-align: justify\"><strong><span style=\"color: #000000\">L&#8217;esgl\u00e9sia d&#8217;Alcover posseeix tamb\u00e9 d\u2019una gran joia d&#8217;extraordinari valor art\u00edstic.<\/span><\/strong><\/p>\n<p><strong>ORFEBRERIA EUCAR\u00cdSTICA<\/strong><\/p>\n<p style=\"text-align: justify\"><span style=\"color: #000000\">Quan els primitius cristians veieren la necessitat de tenir sempre H\u00f2sties Consagrades per b\u00e9 dels fidels, s&#8217;acorda guardar-les a la patena embolicades en draps de Ili.<\/span><\/p>\n<p style=\"text-align: justify\"><span style=\"color: #000000\">M\u00e9s tard, amb motiu del Concili de Trento, es mana que el Sant\u00edssim Sagrament fos tancat amb pany i clau; \u00e9s aleshores quan es construeixen unes caixetes que poden ser d&#8217;or, per\u00f2 tamb\u00e9 d&#8217;argent, d&#8217;ivori, d&#8217;estany, etc.<\/span><\/p>\n<p style=\"text-align: justify\"><span style=\"color: #000000\">El 1614 Alcover, la Selva del Camp i el Rourell les tenen d&#8217;ivori, mentre que la Febr\u00f3 la t\u00e9 d&#8217;estany.<\/span><\/p>\n<p style=\"text-align: justify\"><span style=\"color: #000000\">En la Visita Pastoral de 1449 a Alcover es fa aquesta menci\u00f3 que segueix: &#8220;<em>Una Cust\u00f2dia de marfil, la qual est\u00e0 a tall de capsa rodona amb son cobertor del mateix i ben guarnida de perles es troba els S.S. VIII&#8221;<\/em>. Com pot veure&#8217;s, la poblaci\u00f3 d&#8217;Alcover tenia una veritable joia que fou el Sagrari, fins que es feu el de l&#8217;Altar Major (1679-1699).<\/span><\/p>\n<p style=\"text-align: justify\"><span style=\"color: #000000\">La magn\u00edfica<\/span> <strong><a href=\"https:\/\/ca.wikipedia.org\/wiki\/Cust%C3%B2dia\" target=\"_blank\" rel=\"noopener\">Cust\u00f2dia<\/a><\/strong> <span style=\"color: #000000\">g\u00f2tica d\u2019argent cisellada i daurada en forma de templet o <a style=\"color: #000000\" href=\"https:\/\/ca.wikipedia.org\/wiki\/Cust%C3%B2dia\" target=\"_blank\" rel=\"noopener\">ostensori<\/a>, amb decoraci\u00f3 ogival molt florida, la qual aconsegueix d\u2019al\u00e7ada mesura un metre.<\/span><\/p>\n<p><img fetchpriority=\"high\" decoding=\"async\" class=\"alignright wp-image-1094 \" src=\"https:\/\/assumpcio.alcover.arqtgn.cat\/wp-content\/uploads\/sites\/39\/2022\/06\/Captura-de-Pantalla-2022-06-05-a-las-19.26.43-116x300.png\" alt=\"\" width=\"147\" height=\"364\" \/><\/p>\n<p style=\"text-align: justify\"><span style=\"color: #000000\">La Cust\u00f2dia de la parr\u00f2quia de l\u2019Assumpci\u00f3 de l\u2019Alcover que posseeix, \u00e9s de la meitat del <a style=\"color: #000000\" href=\"https:\/\/ca.wikipedia.org\/wiki\/Segle_XV\" target=\"_blank\" rel=\"noopener\">segle XV.<\/a> segons el llibret del reverend<\/span><\/p>\n<p style=\"text-align: justify\"><span style=\"color: #000000\">L&#8217;historiador i arxiver\u00a0catal\u00e0<\/span><a href=\"https:\/\/ca.wikipedia.org\/wiki\/San%C3%A7_Capdevila_i_Felip\" target=\"_blank\" rel=\"noopener\">\u00a0<strong>Mn. San\u00e7 Capdevila i Felip<\/strong><\/a> <span style=\"color: #000000\"><span class=\"hiddenGrammarError\">va<\/span>\u00a0publicar amb motiu del Congr\u00e9s Eucar\u00edstic de Tarragona de l&#8217;any 1922 o 23. Diu aix\u00ed: <em>&#8220;La Cust\u00f2dia g\u00f2tica d&#8217;Alcover i la seva germana la de la Selva del Camp, constru\u00efda per al reusenc <strong>Guillem de Duell en 1444-1451<\/strong>&#8220;<\/em>. En un plaf\u00f3 del peu de la Cust\u00f2dia porta esculpit<\/span> <strong><a href=\"https:\/\/ca.wikipedia.org\/wiki\/Escut_d%27Alcover\" target=\"_blank\" rel=\"noopener\">l&#8217;escut de la Vila d\u2019Alcover<\/a>.<\/strong><\/p>\n<p style=\"text-align: justify\"><span style=\"color: #000000\">Aquesta pe\u00e7a art\u00edstica, nom\u00e9s \u00e9s treta en molt escasses ocasions i actes molt especials, com pot ser en alguna process\u00f3 eucar\u00edstica, per exemple el dia del<\/span> <strong><a href=\"https:\/\/ca.wikipedia.org\/wiki\/Corpus_Christi\" target=\"_blank\" rel=\"noopener\">Corpus Christi<\/a>,<\/strong> <span style=\"color: #000000\">etc.<\/span><\/p>\n<p style=\"text-align: justify\"><span style=\"color: #000000\">L&#8217;\u00faltima vegada que no va processionar la citada cust\u00f2dia, va ser durant els anys de la<\/span> <strong><a href=\"https:\/\/ca.wikipedia.org\/wiki\/Pand%C3%A8mia_de_COVID-19\" target=\"_blank\" rel=\"noopener\">pand\u00e8mia<\/a><\/strong> del <strong><a href=\"https:\/\/ca.wikipedia.org\/wiki\/Coronavirus\" target=\"_blank\" rel=\"noopener\">coronavirus<\/a><\/strong> <span style=\"color: #000000\">dels anys <strong>2019, 2020 i 2021<\/strong>, durant la celebraci\u00f3 de l&#8217;eucaristia del<\/span> <strong><a href=\"https:\/\/ca.wikipedia.org\/wiki\/Corpus_Christi\" target=\"_blank\" rel=\"noopener\">Corpus Christi<\/a><\/strong>, <span style=\"color: #000000\">el rector de la parr\u00f2quia de Ntra. Sra, de l&#8217;Assumpci\u00f3 Mn. V\u00edctor Mosquera Ramos, va sortir amb la Cust\u00f2dia a fora de la porta principal del temple, <strong>per a donar la benedicci\u00f3 eucar\u00edstica a tot el poble d&#8217;Alcover.<\/strong> Com es pot observar a la fotografia que s&#8217;adjunta.<\/span><\/p>\n<p style=\"text-align: justify\"><span style=\"color: #000000\">Sense cap mena de dubte \u00e9s una gran i \u00fanica pe\u00e7a d&#8217;un gran valor tant material com art\u00edstic.<\/span><\/p>\n<div id=\"attachment_3078\" style=\"width: 818px\" class=\"wp-caption aligncenter\"><a href=\"https:\/\/assumpcio.alcover.arqtgn.cat\/wp-content\/uploads\/sites\/39\/2022\/09\/Detall-de-la-Custodia-del-segle-XV.jpg\" target=\"_blank\" rel=\"noopener\"><img decoding=\"async\" aria-describedby=\"caption-attachment-3078\" class=\"wp-image-3078 size-full\" src=\"https:\/\/assumpcio.alcover.arqtgn.cat\/wp-content\/uploads\/sites\/39\/2022\/09\/Detall-de-la-Custodia-del-segle-XV.jpg\" alt=\"\" width=\"808\" height=\"1448\" srcset=\"https:\/\/assumpcio.alcover.arqtgn.cat\/wp-content\/uploads\/sites\/39\/2022\/09\/Detall-de-la-Custodia-del-segle-XV.jpg 808w, https:\/\/assumpcio.alcover.arqtgn.cat\/wp-content\/uploads\/sites\/39\/2022\/09\/Detall-de-la-Custodia-del-segle-XV-167x300.jpg 167w, https:\/\/assumpcio.alcover.arqtgn.cat\/wp-content\/uploads\/sites\/39\/2022\/09\/Detall-de-la-Custodia-del-segle-XV-571x1024.jpg 571w, https:\/\/assumpcio.alcover.arqtgn.cat\/wp-content\/uploads\/sites\/39\/2022\/09\/Detall-de-la-Custodia-del-segle-XV-768x1376.jpg 768w\" sizes=\"(max-width: 808px) 100vw, 808px\" \/><\/a><p id=\"caption-attachment-3078\" class=\"wp-caption-text\"><strong>Detall de la Cust\u00f2dia del segle XV, <span class=\"Y2IQFc\" lang=\"ca\">processionant el dia del Corpus, any 2022<\/span><\/strong><\/p><\/div>\n<div id=\"attachment_1095\" style=\"width: 970px\" class=\"wp-caption aligncenter\"><a href=\"https:\/\/assumpcio.alcover.arqtgn.cat\/wp-content\/uploads\/sites\/39\/2022\/06\/196249556_4039620119463541_1491228711203376298_n-copia.jpg\" target=\"_blank\" rel=\"noopener\"><img loading=\"lazy\" decoding=\"async\" aria-describedby=\"caption-attachment-1095\" class=\"wp-image-1095 size-full\" src=\"https:\/\/assumpcio.alcover.arqtgn.cat\/wp-content\/uploads\/sites\/39\/2022\/06\/196249556_4039620119463541_1491228711203376298_n-copia.jpg\" alt=\"\" width=\"960\" height=\"720\" srcset=\"https:\/\/assumpcio.alcover.arqtgn.cat\/wp-content\/uploads\/sites\/39\/2022\/06\/196249556_4039620119463541_1491228711203376298_n-copia.jpg 960w, https:\/\/assumpcio.alcover.arqtgn.cat\/wp-content\/uploads\/sites\/39\/2022\/06\/196249556_4039620119463541_1491228711203376298_n-copia-300x225.jpg 300w, https:\/\/assumpcio.alcover.arqtgn.cat\/wp-content\/uploads\/sites\/39\/2022\/06\/196249556_4039620119463541_1491228711203376298_n-copia-768x576.jpg 768w\" sizes=\"(max-width: 960px) 100vw, 960px\" \/><\/a><p id=\"caption-attachment-1095\" class=\"wp-caption-text\"><strong>Benedicci\u00f3 eucar\u00edstica a tot el poble d&#8217;Alcover l&#8217;any 2021<\/strong><\/p><\/div>\n","protected":false},"excerpt":{"rendered":"<p>LA CUST\u00d2DIA G\u00d2TICA D\u2019ALCOVER DEL SEGLE XV L&#8217;esgl\u00e9sia d&#8217;Alcover posseeix tamb\u00e9 d\u2019una gran joia d&#8217;extraordinari valor art\u00edstic. ORFEBRERIA EUCAR\u00cdSTICA Quan els primitius cristians veieren la necessitat de tenir sempre H\u00f2sties <a class=\"more-link\" href=\"https:\/\/assumpcio.alcover.arqtgn.cat\/?page_id=1089\">Continue Reading &rarr;<\/a><\/p>\n","protected":false},"author":39,"featured_media":0,"parent":0,"menu_order":0,"comment_status":"closed","ping_status":"closed","template":"","meta":{"footnotes":""},"class_list":["post-1089","page","type-page","status-publish","hentry"],"_links":{"self":[{"href":"https:\/\/assumpcio.alcover.arqtgn.cat\/index.php?rest_route=\/wp\/v2\/pages\/1089","targetHints":{"allow":["GET"]}}],"collection":[{"href":"https:\/\/assumpcio.alcover.arqtgn.cat\/index.php?rest_route=\/wp\/v2\/pages"}],"about":[{"href":"https:\/\/assumpcio.alcover.arqtgn.cat\/index.php?rest_route=\/wp\/v2\/types\/page"}],"author":[{"embeddable":true,"href":"https:\/\/assumpcio.alcover.arqtgn.cat\/index.php?rest_route=\/wp\/v2\/users\/39"}],"replies":[{"embeddable":true,"href":"https:\/\/assumpcio.alcover.arqtgn.cat\/index.php?rest_route=%2Fwp%2Fv2%2Fcomments&post=1089"}],"version-history":[{"count":47,"href":"https:\/\/assumpcio.alcover.arqtgn.cat\/index.php?rest_route=\/wp\/v2\/pages\/1089\/revisions"}],"predecessor-version":[{"id":5352,"href":"https:\/\/assumpcio.alcover.arqtgn.cat\/index.php?rest_route=\/wp\/v2\/pages\/1089\/revisions\/5352"}],"wp:attachment":[{"href":"https:\/\/assumpcio.alcover.arqtgn.cat\/index.php?rest_route=%2Fwp%2Fv2%2Fmedia&parent=1089"}],"curies":[{"name":"wp","href":"https:\/\/api.w.org\/{rel}","templated":true}]}}