{"id":123,"date":"2022-05-21T17:35:48","date_gmt":"2022-05-21T15:35:48","guid":{"rendered":"http:\/\/assumpcio.alcover.arqtgn.cat\/?page_id=123"},"modified":"2022-10-02T11:33:51","modified_gmt":"2022-10-02T09:33:51","slug":"el-mila","status":"publish","type":"page","link":"https:\/\/assumpcio.alcover.arqtgn.cat\/?page_id=123","title":{"rendered":"Parr\u00f2quia de Sta. \u00darsula de El Mil\u00e0."},"content":{"rendered":"<p style=\"text-align: justify\"><strong>ESGL\u00c9SIA PARROQUIAL SANTA \u00daRSULA DEL MIL\u00c0<\/strong><\/p>\n<div id=\"attachment_181\" style=\"width: 210px\" class=\"wp-caption alignleft\"><a href=\"https:\/\/assumpcio.alcover.arqtgn.cat\/wp-content\/uploads\/sites\/39\/2022\/05\/ESGLESIA-VELLA-MILA-1.jpeg\" target=\"_blank\" rel=\"noopener\"><img fetchpriority=\"high\" decoding=\"async\" aria-describedby=\"caption-attachment-181\" class=\"wp-image-181 size-medium\" src=\"https:\/\/assumpcio.alcover.arqtgn.cat\/wp-content\/uploads\/sites\/39\/2022\/05\/ESGLESIA-VELLA-MILA-1-200x300.jpeg\" alt=\"\" width=\"200\" height=\"300\" srcset=\"https:\/\/assumpcio.alcover.arqtgn.cat\/wp-content\/uploads\/sites\/39\/2022\/05\/ESGLESIA-VELLA-MILA-1-200x300.jpeg 200w, https:\/\/assumpcio.alcover.arqtgn.cat\/wp-content\/uploads\/sites\/39\/2022\/05\/ESGLESIA-VELLA-MILA-1-682x1024.jpeg 682w, https:\/\/assumpcio.alcover.arqtgn.cat\/wp-content\/uploads\/sites\/39\/2022\/05\/ESGLESIA-VELLA-MILA-1-768x1153.jpeg 768w, https:\/\/assumpcio.alcover.arqtgn.cat\/wp-content\/uploads\/sites\/39\/2022\/05\/ESGLESIA-VELLA-MILA-1-1023x1536.jpeg 1023w, https:\/\/assumpcio.alcover.arqtgn.cat\/wp-content\/uploads\/sites\/39\/2022\/05\/ESGLESIA-VELLA-MILA-1.jpeg 1066w\" sizes=\"(max-width: 200px) 100vw, 200px\" \/><\/a><p id=\"caption-attachment-181\" class=\"wp-caption-text\"><strong>Esgl\u00e9sia vella<\/strong><\/p><\/div>\n<p style=\"text-align: justify\"><strong> L&#8217;esgl\u00e9sia vella del Mil\u00e0<br \/>\n<\/strong><span style=\"color: #000000\">L&#8217;esgl\u00e9sia vella del Mil\u00e0 dedicada a l&#8217;advocaci\u00f3 de <strong><a style=\"color: #000000\" href=\"https:\/\/ca.wikipedia.org\/wiki\/Santa_%C3%9Arsula_del_Mil%C3%A0\">Santa \u00darsula<\/a><\/strong>, data, possiblement, del segle XVIII i es troba, per un dels seus costats, annexada a l&#8217;anomenat &#8220;castell&#8221;, essent la capella d&#8217;aquest des de l&#8217;any 1711, quan va acabar-se. \u00c9s un edifici d&#8217;estil g\u00f2tic, d&#8217;una nau, de planta rectangular i elaborat amb pedra i ma\u00e7oneria. Segons l&#8217;historiador Carles Bertran, l&#8217;esgl\u00e9sia posse\u00efa arcs ogivals, avui dia desapareguts, que subjectaven la seva coberta, la qual era de fusta. S&#8217;hi accedia despr\u00e9s de pujar tres graons i travessar la porta principal, adovellada amb un \u00f2cul al capdamunt. El dia de Tots Sants del 1909, un cicl\u00f3 va rec\u00f3rrer la conca del riu Francol\u00ed destruint plantacions i cases de les poblacions properes. Al Mil\u00e0, el campanar de l&#8217;esgl\u00e9sia, amb dues obertures per col\u00b7locar-hi dues campanes, va caure sobre la seva volta. Aquest fet va provocar que el Sant\u00edssim Sagrament fos traslladat a la casa rectoral i que la missa se celebr\u00e9s all\u00e0 i al &#8220;castell&#8221;, propietat de la fam\u00edlia Veciana-Sainz de la Torre. Posteriorment, es va llogar un magatzem per celebrar els oficis religiosos, situat al n\u00famero 17 del carrer Major. Aquesta situaci\u00f3 va durar dos anys.<\/span><\/p>\n<div id=\"attachment_180\" style=\"width: 300px\" class=\"wp-caption alignright\"><a style=\"color: #000000\" href=\"https:\/\/assumpcio.alcover.arqtgn.cat\/wp-content\/uploads\/sites\/39\/2022\/05\/Esglesia-dEl-Mila.jpg\" target=\"_blank\" rel=\"noopener\"><img decoding=\"async\" aria-describedby=\"caption-attachment-180\" class=\"wp-image-180\" src=\"https:\/\/assumpcio.alcover.arqtgn.cat\/wp-content\/uploads\/sites\/39\/2022\/05\/Esglesia-dEl-Mila-300x253.jpg\" alt=\"\" width=\"290\" height=\"245\" srcset=\"https:\/\/assumpcio.alcover.arqtgn.cat\/wp-content\/uploads\/sites\/39\/2022\/05\/Esglesia-dEl-Mila-300x253.jpg 300w, https:\/\/assumpcio.alcover.arqtgn.cat\/wp-content\/uploads\/sites\/39\/2022\/05\/Esglesia-dEl-Mila-1024x864.jpg 1024w, https:\/\/assumpcio.alcover.arqtgn.cat\/wp-content\/uploads\/sites\/39\/2022\/05\/Esglesia-dEl-Mila-768x648.jpg 768w, https:\/\/assumpcio.alcover.arqtgn.cat\/wp-content\/uploads\/sites\/39\/2022\/05\/Esglesia-dEl-Mila.jpg 1420w\" sizes=\"(max-width: 290px) 100vw, 290px\" \/><\/a><p id=\"caption-attachment-180\" class=\"wp-caption-text\"><span style=\"color: #000000\"><strong>Esgl\u00e9sia nova<\/strong><\/span><\/p><\/div>\n<p style=\"text-align: justify\"><span style=\"color: #000000\"><strong><br \/>\nLa nova esgl\u00e9sia de Santa \u00darsula del Mil\u00e0<br \/>\n<\/strong>Del 1910 al 1912 es va construir la nova esgl\u00e9sia de Santa \u00darsula del Mil\u00e0 gr\u00e0cies als constructors del Mil\u00e0 Pere i Isidre Ban\u00fas. El temple es va acabar el 24 de mar\u00e7 del 1912 i el mateix dia s&#8217;hi va traslladar, en un acte on va participar tot el poble, el Sant\u00edssim Sagrament. L&#8217;endem\u00e0 es va celebrar la primera missa i es va beneir. Dos anys i mig despr\u00e9s, el 21 d&#8217;octubre del 1914, el secretari de cambra de l&#8217;arquebisbe de Tarragona, Lloren\u00e7 Virgili, en nom d&#8217;aquest, va beneir per segona vegada l&#8217;esgl\u00e9sia parroquial del Mil\u00e0.<\/span><\/p>\n<p style=\"text-align: justify\"><span style=\"color: #000000\"><strong>Santa \u00darsula del Mil\u00e0<\/strong>\u00a0\u00e9s l&#8217;esgl\u00e9sia parroquial del Mil\u00e0\u00a0(<strong><a style=\"color: #000000\" href=\"https:\/\/ca.wikipedia.org\/wiki\/Alt_Camp\">Alt Camp<\/a><\/strong>) sota l&#8217;advocaci\u00f3 de santa\u00a0<strong><a style=\"color: #000000\" href=\"https:\/\/ca.wikipedia.org\/wiki\/%C3%9Arsula_de_Col%C3%B2nia\">\u00darsula de Col\u00f2nia<\/a><\/strong>. L&#8217;edifici va ser constru\u00eft de nou l&#8217;any 1919 i est\u00e0 protegit com a b\u00e9 cultural d&#8217;inter\u00e8s local. La parr\u00f2quia est\u00e0 adscrita a l&#8217;arxiprestat de l&#8217;Alt Camp i pertany a l&#8217;<a style=\"color: #000000\" href=\"https:\/\/www.arquebisbattarragona.cat\/\"><strong>Arquebisbat de Tarragona<\/strong>.<\/a>\u00a0Aquesta esgl\u00e9sia va edificar-se a principis del segle\u00a0xx, despr\u00e9s que un cicl\u00f3 enderroqu\u00e9s l&#8217;anterior, de la qual encara es poden veure les restes al costat. Va ser restaurada despr\u00e9s de l&#8217;acabament de la Guerra Civil de 1936-39.<\/span><\/p>\n<p style=\"text-align: justify\"><span style=\"color: #000000\"><strong>Arquitectura<\/strong><\/span><br \/>\n<span style=\"color: #000000\">\u00c9s un edifici neog\u00f2tic d&#8217;una sola\u00a0nau\u00a0amb quatre trams i\u00a0capelles\u00a0laterals. Els suports s\u00f3n\u00a0pilars\u00a0i els\u00a0arcs\u00a0s\u00f3n apuntats. La\u00a0volta\u00a0\u00e9s de creueria. La\u00a0fa\u00e7ana\u00a0\u00e9s sim\u00e8trica, llevat de la torre que s&#8217;aixeca a la banda esquerra. Est\u00e0 formada per un cos central, m\u00e9s elevat, i dos laterals acabats en l\u00ednia recta. La\u00a0porta, centrada, \u00e9s d&#8217;arc apuntat i est\u00e0 formada per cinc\u00a0arquivoltes\u00a0que emmarquen un timp\u00e0 llis. A la part superior hi ha una\u00a0obertura\u00a0circular amb cinc\u00a0l\u00f2buls. La fa\u00e7ana t\u00e9 un acabament esglaonat decorat amb\u00a0pinacles\u00a0d&#8217;inspiraci\u00f3 g\u00f2tica. La\u00a0coberta\u00a0\u00e9s de teula, a dues vessants. Els materials emprats s\u00f3n la pedra i el ma\u00f3.<br \/>\n<a href=\"https:\/\/assumpcio.alcover.arqtgn.cat\/\"><img decoding=\"async\" class=\"size-full wp-image-3242 alignright\" src=\"https:\/\/assumpcio.alcover.arqtgn.cat\/wp-content\/uploads\/sites\/39\/2022\/10\/Yo2Q.gif\" alt=\"\" width=\"64\" height=\"64\" \/><\/a><br \/>\n<\/span><\/p>\n","protected":false},"excerpt":{"rendered":"<p>ESGL\u00c9SIA PARROQUIAL SANTA \u00daRSULA DEL MIL\u00c0 L&#8217;esgl\u00e9sia vella del Mil\u00e0 L&#8217;esgl\u00e9sia vella del Mil\u00e0 dedicada a l&#8217;advocaci\u00f3 de Santa \u00darsula, data, possiblement, del segle XVIII i es troba, per un <a class=\"more-link\" href=\"https:\/\/assumpcio.alcover.arqtgn.cat\/?page_id=123\">Continue Reading &rarr;<\/a><\/p>\n","protected":false},"author":39,"featured_media":0,"parent":0,"menu_order":0,"comment_status":"closed","ping_status":"closed","template":"","meta":{"footnotes":""},"class_list":["post-123","page","type-page","status-publish","hentry"],"_links":{"self":[{"href":"https:\/\/assumpcio.alcover.arqtgn.cat\/index.php?rest_route=\/wp\/v2\/pages\/123","targetHints":{"allow":["GET"]}}],"collection":[{"href":"https:\/\/assumpcio.alcover.arqtgn.cat\/index.php?rest_route=\/wp\/v2\/pages"}],"about":[{"href":"https:\/\/assumpcio.alcover.arqtgn.cat\/index.php?rest_route=\/wp\/v2\/types\/page"}],"author":[{"embeddable":true,"href":"https:\/\/assumpcio.alcover.arqtgn.cat\/index.php?rest_route=\/wp\/v2\/users\/39"}],"replies":[{"embeddable":true,"href":"https:\/\/assumpcio.alcover.arqtgn.cat\/index.php?rest_route=%2Fwp%2Fv2%2Fcomments&post=123"}],"version-history":[{"count":29,"href":"https:\/\/assumpcio.alcover.arqtgn.cat\/index.php?rest_route=\/wp\/v2\/pages\/123\/revisions"}],"predecessor-version":[{"id":3272,"href":"https:\/\/assumpcio.alcover.arqtgn.cat\/index.php?rest_route=\/wp\/v2\/pages\/123\/revisions\/3272"}],"wp:attachment":[{"href":"https:\/\/assumpcio.alcover.arqtgn.cat\/index.php?rest_route=%2Fwp%2Fv2%2Fmedia&parent=123"}],"curies":[{"name":"wp","href":"https:\/\/api.w.org\/{rel}","templated":true}]}}