{"id":137,"date":"2022-05-21T19:11:22","date_gmt":"2022-05-21T17:11:22","guid":{"rendered":"http:\/\/assumpcio.alcover.arqtgn.cat\/?page_id=137"},"modified":"2022-10-02T11:32:06","modified_gmt":"2022-10-02T09:32:06","slug":"ermita-del-remei","status":"publish","type":"page","link":"https:\/\/assumpcio.alcover.arqtgn.cat\/?page_id=137","title":{"rendered":"Parr\u00f2quia de Sta. Magdalena de La Mas\u00f3."},"content":{"rendered":"<p><strong>Santa Magdalena de la Mas\u00f3<\/strong><\/p>\n<div id=\"attachment_320\" style=\"width: 235px\" class=\"wp-caption alignleft\"><a href=\"https:\/\/assumpcio.alcover.arqtgn.cat\/wp-content\/uploads\/sites\/39\/2022\/05\/Sta.Magdalena_1.jpeg\" target=\"_blank\" rel=\"noopener\"><img fetchpriority=\"high\" decoding=\"async\" aria-describedby=\"caption-attachment-320\" class=\"wp-image-320 size-medium\" src=\"https:\/\/assumpcio.alcover.arqtgn.cat\/wp-content\/uploads\/sites\/39\/2022\/05\/Sta.Magdalena_1-225x300.jpeg\" alt=\"\" width=\"225\" height=\"300\" srcset=\"https:\/\/assumpcio.alcover.arqtgn.cat\/wp-content\/uploads\/sites\/39\/2022\/05\/Sta.Magdalena_1-225x300.jpeg 225w, https:\/\/assumpcio.alcover.arqtgn.cat\/wp-content\/uploads\/sites\/39\/2022\/05\/Sta.Magdalena_1.jpeg 400w\" sizes=\"(max-width: 225px) 100vw, 225px\" \/><\/a><p id=\"caption-attachment-320\" class=\"wp-caption-text\"><strong>Santa Magdalena de la Mas\u00f3<\/strong><\/p><\/div>\n<p style=\"text-align: justify\">L&#8217;esgl\u00e9sia parroquial de Santa Magdalena de la Mas\u00f3, est\u00e0 adscrita a l&#8217;arxiprestat de l&#8217;Alt Camp i pertany a l&#8217;<a href=\"https:\/\/www.arquebisbattarragona.cat\/\" target=\"_blank\" rel=\"noopener\">Arquebisbat de Tarragona<\/a>, el temple est\u00e0 consagrat a <a href=\"https:\/\/ca.wikipedia.org\/wiki\/Maria_Magdalena\" target=\"_blank\" rel=\"noopener\">Santa Maria Magdalena<\/a>. L&#8217;obra del temple \u00e9s projectada per l&#8217;arquitecte tarragon\u00ed <a href=\"https:\/\/dhac.iec.cat\/dhac_p.asp?id_personal=546\" target=\"_blank\" rel=\"noopener\">Ramon Sal\u00e0s i Ricom\u00e0<\/a> l&#8217;any 1884 i s&#8217;acab\u00e0 l&#8217;any 1890, \u00f2ssia constru\u00eft el segle XIX. El campanar actual pertanyia a una altra edificaci\u00f3 anterior, la qual ja era una adaptaci\u00f3 barroca d&#8217;una altra m\u00e9s primitiva. La seva caracter\u00edstica \u00e9s que est\u00e0 separat de l&#8217;esgl\u00e9sia., el citat temple est\u00e0 protegit com a b\u00e9 cultural d&#8217;inter\u00e8s local.<\/p>\n<div id=\"attachment_318\" style=\"width: 213px\" class=\"wp-caption alignright\"><a href=\"https:\/\/assumpcio.alcover.arqtgn.cat\/wp-content\/uploads\/sites\/39\/2022\/05\/Sta.-Magdalena_2.jpeg\" target=\"_blank\" rel=\"noopener\"><img decoding=\"async\" aria-describedby=\"caption-attachment-318\" class=\"wp-image-318\" src=\"https:\/\/assumpcio.alcover.arqtgn.cat\/wp-content\/uploads\/sites\/39\/2022\/05\/Sta.-Magdalena_2-169x300.jpeg\" alt=\"\" width=\"203\" height=\"361\" srcset=\"https:\/\/assumpcio.alcover.arqtgn.cat\/wp-content\/uploads\/sites\/39\/2022\/05\/Sta.-Magdalena_2-169x300.jpeg 169w, https:\/\/assumpcio.alcover.arqtgn.cat\/wp-content\/uploads\/sites\/39\/2022\/05\/Sta.-Magdalena_2.jpeg 400w\" sizes=\"(max-width: 203px) 100vw, 203px\" \/><\/a><p id=\"caption-attachment-318\" class=\"wp-caption-text\"><strong>Sta. Magdalena la Mas\u00f3<\/strong><\/p><\/div>\n<p style=\"text-align: justify\"><span style=\"color: #000000\">L&#8217;esgl\u00e9sia d\u2019estil <a href=\"https:\/\/ca.wikipedia.org\/wiki\/Neorom%C3%A0nic\" target=\"_blank\" rel=\"noopener\">neorom\u00e0nica<\/a> el temple de Santa Magdalena es troba en el centre del nucli de la <a href=\"https:\/\/es.wikipedia.org\/wiki\/Mas%C3%B3\" target=\"_blank\" rel=\"noopener\">Mas\u00f3<\/a>. \u00c9s de planta llatina, t\u00e9 tres naus amb quatre trams. Els suports de la volta s\u00f3n pilars i tots els arcs s\u00f3n apuntats. La nau central, m\u00e9s elevada, es cobreix amb volta d&#8217;aresta, sistema que es repeteix a les naus laterals. Al creuer hi ha una gran c\u00fapula de 12 m de di\u00e0metre, que exteriorment forma un <a href=\"https:\/\/www.enciclopedia.cat\/gran-enciclopedia-catalana\/cimbori\">cimbori<\/a> octogonal. El campanar, exempt, \u00e9s de planta quadrada amb dues torres octogonals i un coronament en forma de pinacle. La fa\u00e7ana \u00e9s sim\u00e8trica. La porta d&#8217;acc\u00e9s, centrada, \u00e9s d&#8217;arc de mig punt amb brancals en forma de columnes amb capitells florals. M\u00e9s amunt, dues l\u00ednies d&#8217;imposta delimiten l&#8217;espai ocupat per dues finestres d&#8217;arc de mig punt. El coronament de la fa\u00e7ana \u00e9s a dos vessants amb decoraci\u00f3 d&#8217;arcuacions llombardes.<\/span><\/p>\n<div id=\"attachment_319\" style=\"width: 235px\" class=\"wp-caption alignleft\"><a href=\"https:\/\/assumpcio.alcover.arqtgn.cat\/wp-content\/uploads\/sites\/39\/2022\/05\/Sta.-Magdalena_4.jpeg\" target=\"_blank\" rel=\"noopener\"><img decoding=\"async\" aria-describedby=\"caption-attachment-319\" class=\"wp-image-319 size-medium\" src=\"https:\/\/assumpcio.alcover.arqtgn.cat\/wp-content\/uploads\/sites\/39\/2022\/05\/Sta.-Magdalena_4-225x300.jpeg\" alt=\"\" width=\"225\" height=\"300\" srcset=\"https:\/\/assumpcio.alcover.arqtgn.cat\/wp-content\/uploads\/sites\/39\/2022\/05\/Sta.-Magdalena_4-225x300.jpeg 225w, https:\/\/assumpcio.alcover.arqtgn.cat\/wp-content\/uploads\/sites\/39\/2022\/05\/Sta.-Magdalena_4.jpeg 400w\" sizes=\"(max-width: 225px) 100vw, 225px\" \/><\/a><p id=\"caption-attachment-319\" class=\"wp-caption-text\"><strong>Santa Magdalena de la Mas\u00f3<\/strong><\/p><\/div>\n<p style=\"text-align: justify\"><span style=\"color: #000000\">La primitiva capella \u2014citada en els documents dels segles XII i XIII\u2014 devia ser molt petita. Aquesta fou enderrocada a finals del segle XIX per deixar pas a la construcci\u00f3 d&#8217;un temple m\u00e9s gran. Dissortadament, amb la p\u00e8rdua dels arxius parroquial i municipal del poble s&#8217;ha perdut la possibilitat de con\u00e8ixer detalls de l&#8217;arquitectura. Del cementiri on foren sebollits diversos senyors que es donaren a la Mil\u00edcia nom\u00e9s resta el top\u00f2nim, \u00abel cementiri vell\u00bb, al costat de l&#8217;esgl\u00e9sia. Algunes de les cases de la pla\u00e7a de l&#8217;esgl\u00e9sia conserven els baixos amb estructures antigues d&#8217;arcs que podrien ser d&#8217;\u00e8poca medieval.<\/span><\/p>\n<div id=\"attachment_316\" style=\"width: 1578px\" class=\"wp-caption aligncenter\"><a href=\"https:\/\/assumpcio.alcover.arqtgn.cat\/wp-content\/uploads\/sites\/39\/2022\/05\/Sta.Magdalena_0.png\" target=\"_blank\" rel=\"noopener\"><img loading=\"lazy\" decoding=\"async\" aria-describedby=\"caption-attachment-316\" class=\"wp-image-316 size-full\" src=\"https:\/\/assumpcio.alcover.arqtgn.cat\/wp-content\/uploads\/sites\/39\/2022\/05\/Sta.Magdalena_0.png\" alt=\"\" width=\"1568\" height=\"1248\" srcset=\"https:\/\/assumpcio.alcover.arqtgn.cat\/wp-content\/uploads\/sites\/39\/2022\/05\/Sta.Magdalena_0.png 1568w, https:\/\/assumpcio.alcover.arqtgn.cat\/wp-content\/uploads\/sites\/39\/2022\/05\/Sta.Magdalena_0-300x239.png 300w, https:\/\/assumpcio.alcover.arqtgn.cat\/wp-content\/uploads\/sites\/39\/2022\/05\/Sta.Magdalena_0-1024x815.png 1024w, https:\/\/assumpcio.alcover.arqtgn.cat\/wp-content\/uploads\/sites\/39\/2022\/05\/Sta.Magdalena_0-768x611.png 768w, https:\/\/assumpcio.alcover.arqtgn.cat\/wp-content\/uploads\/sites\/39\/2022\/05\/Sta.Magdalena_0-1536x1223.png 1536w\" sizes=\"(max-width: 1568px) 100vw, 1568px\" \/><\/a><p id=\"caption-attachment-316\" class=\"wp-caption-text\"><strong>Santa Magdalena de la Mas\u00f3<\/strong><\/p><\/div>\n<p><a href=\"https:\/\/assumpcio.alcover.arqtgn.cat\/\"><img loading=\"lazy\" decoding=\"async\" class=\"size-full wp-image-3242 alignright\" src=\"https:\/\/assumpcio.alcover.arqtgn.cat\/wp-content\/uploads\/sites\/39\/2022\/10\/Yo2Q.gif\" alt=\"\" width=\"64\" height=\"64\" \/><\/a><\/p>\n","protected":false},"excerpt":{"rendered":"<p>Santa Magdalena de la Mas\u00f3 L&#8217;esgl\u00e9sia parroquial de Santa Magdalena de la Mas\u00f3, est\u00e0 adscrita a l&#8217;arxiprestat de l&#8217;Alt Camp i pertany a l&#8217;Arquebisbat de Tarragona, el temple est\u00e0 consagrat <a class=\"more-link\" href=\"https:\/\/assumpcio.alcover.arqtgn.cat\/?page_id=137\">Continue Reading &rarr;<\/a><\/p>\n","protected":false},"author":39,"featured_media":0,"parent":0,"menu_order":0,"comment_status":"closed","ping_status":"closed","template":"","meta":{"footnotes":""},"class_list":["post-137","page","type-page","status-publish","hentry"],"_links":{"self":[{"href":"https:\/\/assumpcio.alcover.arqtgn.cat\/index.php?rest_route=\/wp\/v2\/pages\/137","targetHints":{"allow":["GET"]}}],"collection":[{"href":"https:\/\/assumpcio.alcover.arqtgn.cat\/index.php?rest_route=\/wp\/v2\/pages"}],"about":[{"href":"https:\/\/assumpcio.alcover.arqtgn.cat\/index.php?rest_route=\/wp\/v2\/types\/page"}],"author":[{"embeddable":true,"href":"https:\/\/assumpcio.alcover.arqtgn.cat\/index.php?rest_route=\/wp\/v2\/users\/39"}],"replies":[{"embeddable":true,"href":"https:\/\/assumpcio.alcover.arqtgn.cat\/index.php?rest_route=%2Fwp%2Fv2%2Fcomments&post=137"}],"version-history":[{"count":25,"href":"https:\/\/assumpcio.alcover.arqtgn.cat\/index.php?rest_route=\/wp\/v2\/pages\/137\/revisions"}],"predecessor-version":[{"id":3271,"href":"https:\/\/assumpcio.alcover.arqtgn.cat\/index.php?rest_route=\/wp\/v2\/pages\/137\/revisions\/3271"}],"wp:attachment":[{"href":"https:\/\/assumpcio.alcover.arqtgn.cat\/index.php?rest_route=%2Fwp%2Fv2%2Fmedia&parent=137"}],"curies":[{"name":"wp","href":"https:\/\/api.w.org\/{rel}","templated":true}]}}