{"id":1547,"date":"2022-06-24T11:27:52","date_gmt":"2022-06-24T09:27:52","guid":{"rendered":"http:\/\/assumpcio.alcover.arqtgn.cat\/?page_id=1547"},"modified":"2023-04-15T18:32:46","modified_gmt":"2023-04-15T16:32:46","slug":"fotos-corpus-any-2022-fontscaldes","status":"publish","type":"page","link":"https:\/\/assumpcio.alcover.arqtgn.cat\/?page_id=1547","title":{"rendered":"Corpus any 2022, Fontscaldes"},"content":{"rendered":"<p><iframe title=\"Corpus Christi 2022 Fontscaldes\" width=\"678\" height=\"381\" src=\"https:\/\/www.youtube.com\/embed\/eEZmNY5IFrc?feature=oembed\" frameborder=\"0\" allow=\"accelerometer; autoplay; clipboard-write; encrypted-media; gyroscope; picture-in-picture; web-share\" allowfullscreen><\/iframe><\/p>\n<p style=\"text-align: justify\"><span style=\"font-size: 16px;font-weight: 300\"><span style=\"color: #000000\">\ud835\udde6\ud835\udde2\ud835\udddf\ud835\uddd8\ud835\udde0\ud835\udde1\ud835\udddc\ud835\udde7\ud835\uddd4\ud835\udde7 \ud835\uddd7\ud835\uddd8\ud835\udddf \ud835\uddd6\ud835\udde2\ud835\udde5\ud835\udde3\ud835\udde8\ud835\udde6 \ud835\uddd6\ud835\udddb\ud835\udde5\ud835\udddc\ud835\udde6\ud835\udde7\ud835\udddc \ud835\udfee\ud835\udfec\ud835\udfee\ud835\udfee \ud835\uddd4 \ud835\uddd9\ud835\udde2\ud835\udde1\ud835\udde7\ud835\udde6\ud835\uddd6\ud835\uddd4\ud835\udddf\ud835\uddd7\ud835\uddd8\ud835\udde6<\/span><br \/>\n<\/span><span style=\"color: #000000\"><span style=\"font-size: 16px;font-weight: 300\">A Fontscaldes, la festa del Corpus Christi tamb\u00e9 va recuperar el carrer, despr\u00e9s de dos anys sense poder-se celebrar la process\u00f3 per la pand\u00e8mia. Despr\u00e9s de la missa, celebrada pel rector de la parr\u00f2quia de Sant Sim\u00f3 Mn. V\u00edctor Mosquera Ramos, va comen\u00e7ar la solemne process\u00f3 amb el Sant\u00edssim, pel carrer principal de la vila acompanyat pels ve\u00efns de Fontscaldes.<br \/>\n<\/span>Aix\u00ed mateix volem donar les <span style=\"font-size: 16px;font-weight: 300\">gr\u00e0cies als ve\u00efns de la vila, per haver facilitat les fotos, per poder-les gaudir a trav\u00e9s d&#8217;aquest mitj\u00e0.<br \/>\n<\/span><span style=\"font-size: 16px\">\ud835\ude3d\ud835\ude5a\ud835\ude63 \ud835\ude6b\ud835\ude64\ud835\ude68\ud835\ude69\ud835\ude67\ud835\ude5a,<br \/>\n<\/span><span style=\"font-size: 16px\">\ud835\ude48\ud835\ude63. \ud835\ude51\ud835\ude5e\u0301\ud835\ude58\ud835\ude69\ud835\ude64\ud835\ude67 \ud835\ude48\ud835\ude64\ud835\ude68\ud835\ude66\ud835\ude6a\ud835\ude5a\ud835\ude67\ud835\ude56 \ud835\ude4d\ud835\ude56\ud835\ude62\ud835\ude64\ud835\ude68<\/span><\/span><\/p>\n","protected":false},"excerpt":{"rendered":"<p>\ud835\udde6\ud835\udde2\ud835\udddf\ud835\uddd8\ud835\udde0\ud835\udde1\ud835\udddc\ud835\udde7\ud835\uddd4\ud835\udde7 \ud835\uddd7\ud835\uddd8\ud835\udddf \ud835\uddd6\ud835\udde2\ud835\udde5\ud835\udde3\ud835\udde8\ud835\udde6 \ud835\uddd6\ud835\udddb\ud835\udde5\ud835\udddc\ud835\udde6\ud835\udde7\ud835\udddc \ud835\udfee\ud835\udfec\ud835\udfee\ud835\udfee \ud835\uddd4 \ud835\uddd9\ud835\udde2\ud835\udde1\ud835\udde7\ud835\udde6\ud835\uddd6\ud835\uddd4\ud835\udddf\ud835\uddd7\ud835\uddd8\ud835\udde6 A Fontscaldes, la festa del Corpus Christi tamb\u00e9 va recuperar el carrer, despr\u00e9s de dos anys sense poder-se celebrar la process\u00f3 per la <a class=\"more-link\" href=\"https:\/\/assumpcio.alcover.arqtgn.cat\/?page_id=1547\">Continue Reading &rarr;<\/a><\/p>\n","protected":false},"author":39,"featured_media":0,"parent":0,"menu_order":0,"comment_status":"closed","ping_status":"closed","template":"","meta":{"footnotes":""},"class_list":["post-1547","page","type-page","status-publish","hentry"],"_links":{"self":[{"href":"https:\/\/assumpcio.alcover.arqtgn.cat\/index.php?rest_route=\/wp\/v2\/pages\/1547","targetHints":{"allow":["GET"]}}],"collection":[{"href":"https:\/\/assumpcio.alcover.arqtgn.cat\/index.php?rest_route=\/wp\/v2\/pages"}],"about":[{"href":"https:\/\/assumpcio.alcover.arqtgn.cat\/index.php?rest_route=\/wp\/v2\/types\/page"}],"author":[{"embeddable":true,"href":"https:\/\/assumpcio.alcover.arqtgn.cat\/index.php?rest_route=\/wp\/v2\/users\/39"}],"replies":[{"embeddable":true,"href":"https:\/\/assumpcio.alcover.arqtgn.cat\/index.php?rest_route=%2Fwp%2Fv2%2Fcomments&post=1547"}],"version-history":[{"count":15,"href":"https:\/\/assumpcio.alcover.arqtgn.cat\/index.php?rest_route=\/wp\/v2\/pages\/1547\/revisions"}],"predecessor-version":[{"id":5021,"href":"https:\/\/assumpcio.alcover.arqtgn.cat\/index.php?rest_route=\/wp\/v2\/pages\/1547\/revisions\/5021"}],"wp:attachment":[{"href":"https:\/\/assumpcio.alcover.arqtgn.cat\/index.php?rest_route=%2Fwp%2Fv2%2Fmedia&parent=1547"}],"curies":[{"name":"wp","href":"https:\/\/api.w.org\/{rel}","templated":true}]}}