{"id":200,"date":"2022-05-22T19:28:38","date_gmt":"2022-05-22T17:28:38","guid":{"rendered":"http:\/\/assumpcio.alcover.arqtgn.cat\/?page_id=200"},"modified":"2022-10-02T11:28:14","modified_gmt":"2022-10-02T09:28:14","slug":"parroquia-de-la-riba","status":"publish","type":"page","link":"https:\/\/assumpcio.alcover.arqtgn.cat\/?page_id=200","title":{"rendered":"Parr\u00f2quia de St. Nicolau de La Riba."},"content":{"rendered":"<div id=\"attachment_308\" style=\"width: 235px\" class=\"wp-caption alignleft\"><a href=\"https:\/\/assumpcio.alcover.arqtgn.cat\/wp-content\/uploads\/sites\/39\/2022\/05\/Esgle\u0301sia_Sant_Nicolau_La_Riba.jpeg\" target=\"_blank\" rel=\"noopener\"><img fetchpriority=\"high\" decoding=\"async\" aria-describedby=\"caption-attachment-308\" class=\"wp-image-308 size-medium\" src=\"https:\/\/assumpcio.alcover.arqtgn.cat\/wp-content\/uploads\/sites\/39\/2022\/05\/Esgle\u0301sia_Sant_Nicolau_La_Riba-225x300.jpeg\" alt=\"\" width=\"225\" height=\"300\" srcset=\"https:\/\/assumpcio.alcover.arqtgn.cat\/wp-content\/uploads\/sites\/39\/2022\/05\/Esgle\u0301sia_Sant_Nicolau_La_Riba-225x300.jpeg 225w, https:\/\/assumpcio.alcover.arqtgn.cat\/wp-content\/uploads\/sites\/39\/2022\/05\/Esgle\u0301sia_Sant_Nicolau_La_Riba-768x1024.jpeg 768w, https:\/\/assumpcio.alcover.arqtgn.cat\/wp-content\/uploads\/sites\/39\/2022\/05\/Esgle\u0301sia_Sant_Nicolau_La_Riba.jpeg 900w\" sizes=\"(max-width: 225px) 100vw, 225px\" \/><\/a><p id=\"caption-attachment-308\" class=\"wp-caption-text\"><strong>Sant Nicolau de la Riba<\/strong><\/p><\/div>\n<p style=\"text-align: justify\"><span style=\"color: #000000\"><strong>Sant Nicolau de la Riba<\/strong> \u00e9s una esgl\u00e9sia parroquial de la vila de <a href=\"https:\/\/ca.wikipedia.org\/wiki\/La_Riba\" target=\"_blank\" rel=\"noopener\">la Riba<\/a> <a href=\"https:\/\/ca.wikipedia.org\/wiki\/Alt_Camp\" target=\"_blank\" rel=\"noopener\">(l&#8217;Alt Camp)<\/a>, protegida com a b\u00e9 cultural d&#8217;inter\u00e8s local. Pertany al municipi de Valls. Est\u00e0 adscrita a l&#8217;arxiprestat de l&#8217;Alt Camp i pertany a <a href=\"https:\/\/ca.wikipedia.org\/wiki\/Arquebisbat_de_Tarragona\" target=\"_blank\" rel=\"noopener\">l&#8217;Arquebisbat de Tarragona<\/a>.<\/span><\/p>\n<p style=\"text-align: justify\"><span style=\"color: #000000\">L&#8217;esgl\u00e9sia consta de tres <a href=\"https:\/\/ca.wikipedia.org\/wiki\/Nau_(arquitectura)\" target=\"_blank\" rel=\"noopener\">naus<\/a>. Els suports s\u00f3n <a href=\"https:\/\/ca.wikipedia.org\/wiki\/Pilar_(arquitectura)\" target=\"_blank\" rel=\"noopener\">pilars<\/a> i <a href=\"https:\/\/ca.wikipedia.org\/wiki\/Pilastra\" target=\"_blank\" rel=\"noopener\">pilastres<\/a>, i els arcs s\u00f3n de mig punt amb <a href=\"https:\/\/ca.wikipedia.org\/wiki\/C%C3%BApula\" target=\"_blank\" rel=\"noopener\">c\u00fapula<\/a> sobre <a href=\"https:\/\/ca.wikipedia.org\/wiki\/Petxina_(arquitectura)\" target=\"_blank\" rel=\"noopener\">petxina<\/a>, que es manifesta exteriorment en forma de <a href=\"https:\/\/ca.wikipedia.org\/wiki\/Cimbori\" target=\"_blank\" rel=\"noopener\">cimbori<\/a> vuitavat amb <a href=\"https:\/\/ca.wikipedia.org\/wiki\/Obertura_(arquitectura)\" target=\"_blank\" rel=\"noopener\">obertures<\/a> ovals. T\u00e9 base quadrada i tres cossos vuitavats. La fa\u00e7ana \u00e9s senzilla. De baix a dalt, centrades, presenta la porta d&#8217;acc\u00e9s rectangular, una forn\u00edcula i una obertura circular. Les obertures s\u00f3n de teula i el material \u00e9s la pedra. La fa\u00e7ana mostra una decoraci\u00f3 esgrafiada.<\/span><\/p>\n<div id=\"attachment_585\" style=\"width: 310px\" class=\"wp-caption alignright\"><a href=\"https:\/\/assumpcio.alcover.arqtgn.cat\/wp-content\/uploads\/sites\/39\/2022\/05\/La-Riba_X.jpeg\" target=\"_blank\" rel=\"noopener\"><img decoding=\"async\" aria-describedby=\"caption-attachment-585\" class=\"wp-image-585 size-medium\" src=\"https:\/\/assumpcio.alcover.arqtgn.cat\/wp-content\/uploads\/sites\/39\/2022\/05\/La-Riba_X-300x225.jpeg\" alt=\"\" width=\"300\" height=\"225\" srcset=\"https:\/\/assumpcio.alcover.arqtgn.cat\/wp-content\/uploads\/sites\/39\/2022\/05\/La-Riba_X-300x225.jpeg 300w, https:\/\/assumpcio.alcover.arqtgn.cat\/wp-content\/uploads\/sites\/39\/2022\/05\/La-Riba_X-1024x768.jpeg 1024w, https:\/\/assumpcio.alcover.arqtgn.cat\/wp-content\/uploads\/sites\/39\/2022\/05\/La-Riba_X-768x576.jpeg 768w, https:\/\/assumpcio.alcover.arqtgn.cat\/wp-content\/uploads\/sites\/39\/2022\/05\/La-Riba_X-1536x1152.jpeg 1536w, https:\/\/assumpcio.alcover.arqtgn.cat\/wp-content\/uploads\/sites\/39\/2022\/05\/La-Riba_X.jpeg 2016w\" sizes=\"(max-width: 300px) 100vw, 300px\" \/><\/a><p id=\"caption-attachment-585\" class=\"wp-caption-text\"><strong>Vista Interior<\/strong><\/p><\/div>\n<p style=\"text-align: justify\"><span style=\"color: #000000\">El campanar <a href=\"https:\/\/ca.wikipedia.org\/wiki\/Neoclassicisme\" target=\"_blank\" rel=\"noopener\">neocl\u00e0ssic<\/a> aixecat des del 1722, consta d&#8217;un primer cos de forma gaireb\u00e9 quadrada, el segon \u00e9s octagonal amb <a href=\"https:\/\/ca.wikipedia.org\/wiki\/Motllura\" target=\"_blank\" rel=\"noopener\">motllures<\/a> al seu inici, a sota dels finestrals i al seu damunt. Est\u00e0 cap\u00e7at per una cornisa <a href=\"https:\/\/ca.wikipedia.org\/wiki\/Motllura\" target=\"_blank\" rel=\"noopener\">motllurada<\/a>, un terrat amb <a href=\"https:\/\/ca.wikipedia.org\/wiki\/Balustre\" target=\"_blank\" rel=\"noopener\">balustrada<\/a> i uns petits <a href=\"https:\/\/ca.wikipedia.org\/wiki\/Pinacle\" target=\"_blank\" rel=\"noopener\">pinacles<\/a> sobre els pilars dels angles; al seu damunt hi ha una torrella quadrada de caires <a href=\"https:\/\/ca.wikipedia.org\/wiki\/Xamfr%C3%A0\" target=\"_blank\" rel=\"noopener\">aixamfranats<\/a> amb pilars i pinacles als caires i obertures en\u00a0<\/span><span style=\"color: #000000\">arc de mig punt, una a cada costat.<\/span><\/p>\n<div id=\"attachment_307\" style=\"width: 310px\" class=\"wp-caption alignleft\"><a href=\"https:\/\/assumpcio.alcover.arqtgn.cat\/wp-content\/uploads\/sites\/39\/2022\/05\/Sant_Nicolau_de_la_Riba_3-scaled.jpeg\" target=\"_blank\" rel=\"noopener\"><img decoding=\"async\" aria-describedby=\"caption-attachment-307\" class=\"wp-image-307 size-medium\" src=\"https:\/\/assumpcio.alcover.arqtgn.cat\/wp-content\/uploads\/sites\/39\/2022\/05\/Sant_Nicolau_de_la_Riba_3-300x225.jpeg\" alt=\"\" width=\"300\" height=\"225\" srcset=\"https:\/\/assumpcio.alcover.arqtgn.cat\/wp-content\/uploads\/sites\/39\/2022\/05\/Sant_Nicolau_de_la_Riba_3-300x225.jpeg 300w, https:\/\/assumpcio.alcover.arqtgn.cat\/wp-content\/uploads\/sites\/39\/2022\/05\/Sant_Nicolau_de_la_Riba_3-1024x768.jpeg 1024w, https:\/\/assumpcio.alcover.arqtgn.cat\/wp-content\/uploads\/sites\/39\/2022\/05\/Sant_Nicolau_de_la_Riba_3-768x576.jpeg 768w, https:\/\/assumpcio.alcover.arqtgn.cat\/wp-content\/uploads\/sites\/39\/2022\/05\/Sant_Nicolau_de_la_Riba_3-1536x1152.jpeg 1536w, https:\/\/assumpcio.alcover.arqtgn.cat\/wp-content\/uploads\/sites\/39\/2022\/05\/Sant_Nicolau_de_la_Riba_3-2048x1536.jpeg 2048w\" sizes=\"(max-width: 300px) 100vw, 300px\" \/><\/a><p id=\"caption-attachment-307\" class=\"wp-caption-text\"><strong>Sant Nicolau de la Riba<\/strong><\/p><\/div>\n<p style=\"text-align: justify\"><span style=\"color: #000000\">Les informacions sobre la data de construcci\u00f3 de l&#8217;esgl\u00e9sia de Sant Nicolau no s\u00f3n coincidents, tot i situar-la dintre del segle XVIII. Mentre que la Gran Geografia Comarcal de Catalunya afirma que fou constru\u00efda l&#8217;any 1764 i que el campanar s&#8217;acab\u00e0 el 1792, la fitxa del <a href=\"https:\/\/ca.wikipedia.org\/wiki\/Col%C2%B7legi_d%27Arquitectes_de_Catalunya\" target=\"_blank\" rel=\"noopener\">Col\u00b7legi d&#8217;Arquitectes de Catalunya<\/a> de Tarragona dona com a data d&#8217;edificaci\u00f3 el 1716, i el 1760 com a any de finalitzaci\u00f3 del campanar.<br \/>\n<a href=\"https:\/\/assumpcio.alcover.arqtgn.cat\/\"><img loading=\"lazy\" decoding=\"async\" class=\"size-full wp-image-3242 alignright\" src=\"https:\/\/assumpcio.alcover.arqtgn.cat\/wp-content\/uploads\/sites\/39\/2022\/10\/Yo2Q.gif\" alt=\"\" width=\"64\" height=\"64\" \/><\/a><br \/>\n<\/span><\/p>\n","protected":false},"excerpt":{"rendered":"<p>Sant Nicolau de la Riba \u00e9s una esgl\u00e9sia parroquial de la vila de la Riba (l&#8217;Alt Camp), protegida com a b\u00e9 cultural d&#8217;inter\u00e8s local. Pertany al municipi de Valls. Est\u00e0 <a class=\"more-link\" href=\"https:\/\/assumpcio.alcover.arqtgn.cat\/?page_id=200\">Continue Reading &rarr;<\/a><\/p>\n","protected":false},"author":39,"featured_media":0,"parent":0,"menu_order":0,"comment_status":"closed","ping_status":"closed","template":"","meta":{"footnotes":""},"class_list":["post-200","page","type-page","status-publish","hentry"],"_links":{"self":[{"href":"https:\/\/assumpcio.alcover.arqtgn.cat\/index.php?rest_route=\/wp\/v2\/pages\/200","targetHints":{"allow":["GET"]}}],"collection":[{"href":"https:\/\/assumpcio.alcover.arqtgn.cat\/index.php?rest_route=\/wp\/v2\/pages"}],"about":[{"href":"https:\/\/assumpcio.alcover.arqtgn.cat\/index.php?rest_route=\/wp\/v2\/types\/page"}],"author":[{"embeddable":true,"href":"https:\/\/assumpcio.alcover.arqtgn.cat\/index.php?rest_route=\/wp\/v2\/users\/39"}],"replies":[{"embeddable":true,"href":"https:\/\/assumpcio.alcover.arqtgn.cat\/index.php?rest_route=%2Fwp%2Fv2%2Fcomments&post=200"}],"version-history":[{"count":31,"href":"https:\/\/assumpcio.alcover.arqtgn.cat\/index.php?rest_route=\/wp\/v2\/pages\/200\/revisions"}],"predecessor-version":[{"id":3269,"href":"https:\/\/assumpcio.alcover.arqtgn.cat\/index.php?rest_route=\/wp\/v2\/pages\/200\/revisions\/3269"}],"wp:attachment":[{"href":"https:\/\/assumpcio.alcover.arqtgn.cat\/index.php?rest_route=%2Fwp%2Fv2%2Fmedia&parent=200"}],"curies":[{"name":"wp","href":"https:\/\/api.w.org\/{rel}","templated":true}]}}