{"id":2347,"date":"2022-07-24T12:17:07","date_gmt":"2022-07-24T10:17:07","guid":{"rendered":"http:\/\/assumpcio.alcover.arqtgn.cat\/?page_id=2347"},"modified":"2023-04-22T19:10:50","modified_gmt":"2023-04-22T17:10:50","slug":"viatge-a-terra-santa-2022","status":"publish","type":"page","link":"https:\/\/assumpcio.alcover.arqtgn.cat\/?page_id=2347","title":{"rendered":"PEREGRINACI\u00d3 A TERRA SANTA 2022"},"content":{"rendered":"<p><iframe title=\"Peregrinacio\u0301 Terra Santa 2022\" width=\"678\" height=\"381\" src=\"https:\/\/www.youtube.com\/embed\/bZG5sK8J_mo?feature=oembed\" frameborder=\"0\" allow=\"accelerometer; autoplay; clipboard-write; encrypted-media; gyroscope; picture-in-picture; web-share\" allowfullscreen><\/iframe><\/p>\n<p style=\"text-align: justify\"><span style=\"color: #000000\">\ud835\uddd4\ud835\uddff\ud835\ude05\ud835\uddf6\ud835\uddfd\ud835\uddff\ud835\uddf2\ud835\ude00\ud835\ude01\ud835\uddee\ud835\ude01 \ud835\uddf1\ud835\uddf2 \ud835\uddf9&#8217;\ud835\uddd4\ud835\uddf9\ud835\ude01 \ud835\uddd6\ud835\uddee\ud835\uddfa\ud835\uddfd \ud835\uddd4\ud835\udddf\ud835\uddd6\ud835\udde2\ud835\udde9\ud835\uddd8\ud835\udde5<\/span><br \/>\n<span style=\"color: #000000\">\u00ab\ud835\udde8\ud835\uddfb\ud835\uddee \ud835\ude03\ud835\uddf2\ud835\uddff\ud835\uddf6\ud835\ude01\ud835\uddee\ud835\uddef\ud835\uddf9\ud835\uddf2 \ud835\uddf0\ud835\uddee\ud835\ude01\ud835\uddf2\ud835\uddfe\ud835\ude02\ud835\uddf2\ud835\ude00\ud835\uddf6\u00bb<br \/>\n<\/span><span style=\"color: #000000\">Enguany, despr\u00e9s de dos anys tancats per la pand\u00e8mia, hem pogut realitzar un pelegrinatge arxiprestal a Terra Santa. Terra Santa com va dir sant Pau VI \u00e9s el cinqu\u00e8 evangeli i ning\u00fa pot quedar igual despr\u00e9s d\u2019haver-la visitat.<br \/>\n<\/span><span style=\"color: #000000\">El nostre recorregut, tal i com trobem als evangelis sin\u00f2ptics, es va iniciar a la Galilea passant per la vall del Jord\u00e0 per arribar a Jerusalem. Aix\u00ed doncs, vam fer estada a Natzaret, tot just davant de la casa de la Mare de D\u00e9u (bas\u00edlica de l\u2019Anunciaci\u00f3) i des d\u2019all\u00ed vam visitar els llocs m\u00e9s emblem\u00e0tics dels evangelis; Can\u00e0, Cafarna\u00fcm, Llac de Tiber\u00edades, etc&#8230;<br \/>\n<\/span><span style=\"color: #000000\">Despr\u00e9s d\u2019haver recorregut la Galilea, vam fer cam\u00ed cap a la Judea i vam fer estada a Betlem, visitant la bas\u00edlica de la Nativitat i el camp dels pastors, tot passant per Jeric\u00f3 i fent una parada al riu Jord\u00e0 per poder renovar les nostres promeses baptismals.<br \/>\n<\/span><span style=\"color: #000000\">Finalment, vam arribar a Jerusalem. Tota la ciutat \u00e9s en si mateixa el lloc m\u00e9s sant i sagrat pels cristians. A Jerusalem trobem; La casa de Caif\u00e0s (Gallicantu), el Cenacle, la Dormici\u00f3 de Maria, l\u2019hort de les Oliveres, la Tomba de la Mare de D\u00e9u, la cova de Getseman\u00ed, el lloc de l\u2019Ascensi\u00f3, el Pater Noster, Dominus Flevit, i com no, el lloc m\u00e9s sagrat que \u00e9s la bas\u00edlica del Sant Sepulcre que reuneix dintre seu el tur\u00f3 del Calvari i el propi Sant Sepulcre, lloc de la tomba i on va ressuscitar Jesucrist.<br \/>\n<\/span><span style=\"color: #000000\">L\u2019\u00faltim dia vam poder celebrar l\u2019eucaristia a Abu Gosh, lloc on es commemora que hi havia el poble d\u2019Emma\u00fas. Vam prendre consci\u00e8ncia de tot el que hav\u00edem vist i sentit i de com, en tornar a casa, ens hem de sentir testimonis del crist ressuscitat tal i com van ser els deixebles d\u2019Emma\u00fas.<br \/>\n<\/span><span style=\"color: #000000\">Aquest pelegrinatge ha comptat amb trenta sis participants que de segur ja no podran tornar a escoltar les Sagrades Escriptures tal i com ho feien abans. I per aquells que no heu pogut venir, us deixem unes instant\u00e0nies que mostren nom\u00e9s una miqueta de totes les experi\u00e8ncies viscudes.<\/span><\/p>\n<p style=\"text-align: justify\"><span style=\"color: #000000\"><em>\ud835\uddd5\ud835\uddf2\ud835\uddfb \ud835\ude03\ud835\uddfc\ud835\ude00\ud835\ude01\ud835\uddff\ud835\uddf2.<\/em><\/span><br \/>\n<span style=\"color: #000000\"><em>\ud835\udde0\ud835\uddfb. \ud835\udde9\ud835\uddf6\u0301\ud835\uddf0\ud835\ude01\ud835\uddfc\ud835\uddff \ud835\udde0\ud835\uddfc\ud835\ude00\ud835\uddfe\ud835\ude02\ud835\uddf2\ud835\uddff\ud835\uddee \ud835\udde5\ud835\uddee\ud835\uddfa\ud835\uddfc\ud835\ude00<br \/>\n<a href=\"https:\/\/assumpcio.alcover.arqtgn.cat\/\"><img decoding=\"async\" class=\"size-full wp-image-3242 alignright\" src=\"https:\/\/assumpcio.alcover.arqtgn.cat\/wp-content\/uploads\/sites\/39\/2022\/10\/Yo2Q.gif\" alt=\"\" width=\"64\" height=\"64\" \/><\/a><br \/>\n<\/em><\/span><\/p>\n","protected":false},"excerpt":{"rendered":"<p>\ud835\uddd4\ud835\uddff\ud835\ude05\ud835\uddf6\ud835\uddfd\ud835\uddff\ud835\uddf2\ud835\ude00\ud835\ude01\ud835\uddee\ud835\ude01 \ud835\uddf1\ud835\uddf2 \ud835\uddf9&#8217;\ud835\uddd4\ud835\uddf9\ud835\ude01 \ud835\uddd6\ud835\uddee\ud835\uddfa\ud835\uddfd \ud835\uddd4\ud835\udddf\ud835\uddd6\ud835\udde2\ud835\udde9\ud835\uddd8\ud835\udde5 \u00ab\ud835\udde8\ud835\uddfb\ud835\uddee \ud835\ude03\ud835\uddf2\ud835\uddff\ud835\uddf6\ud835\ude01\ud835\uddee\ud835\uddef\ud835\uddf9\ud835\uddf2 \ud835\uddf0\ud835\uddee\ud835\ude01\ud835\uddf2\ud835\uddfe\ud835\ude02\ud835\uddf2\ud835\ude00\ud835\uddf6\u00bb Enguany, despr\u00e9s de dos anys tancats per la pand\u00e8mia, hem pogut realitzar un pelegrinatge arxiprestal a Terra Santa. Terra Santa com va <a class=\"more-link\" href=\"https:\/\/assumpcio.alcover.arqtgn.cat\/?page_id=2347\">Continue Reading &rarr;<\/a><\/p>\n","protected":false},"author":39,"featured_media":0,"parent":0,"menu_order":0,"comment_status":"closed","ping_status":"closed","template":"","meta":{"footnotes":""},"class_list":["post-2347","page","type-page","status-publish","hentry"],"_links":{"self":[{"href":"https:\/\/assumpcio.alcover.arqtgn.cat\/index.php?rest_route=\/wp\/v2\/pages\/2347","targetHints":{"allow":["GET"]}}],"collection":[{"href":"https:\/\/assumpcio.alcover.arqtgn.cat\/index.php?rest_route=\/wp\/v2\/pages"}],"about":[{"href":"https:\/\/assumpcio.alcover.arqtgn.cat\/index.php?rest_route=\/wp\/v2\/types\/page"}],"author":[{"embeddable":true,"href":"https:\/\/assumpcio.alcover.arqtgn.cat\/index.php?rest_route=\/wp\/v2\/users\/39"}],"replies":[{"embeddable":true,"href":"https:\/\/assumpcio.alcover.arqtgn.cat\/index.php?rest_route=%2Fwp%2Fv2%2Fcomments&post=2347"}],"version-history":[{"count":16,"href":"https:\/\/assumpcio.alcover.arqtgn.cat\/index.php?rest_route=\/wp\/v2\/pages\/2347\/revisions"}],"predecessor-version":[{"id":5097,"href":"https:\/\/assumpcio.alcover.arqtgn.cat\/index.php?rest_route=\/wp\/v2\/pages\/2347\/revisions\/5097"}],"wp:attachment":[{"href":"https:\/\/assumpcio.alcover.arqtgn.cat\/index.php?rest_route=%2Fwp%2Fv2%2Fmedia&parent=2347"}],"curies":[{"name":"wp","href":"https:\/\/api.w.org\/{rel}","templated":true}]}}