{"id":2641,"date":"2022-08-16T21:56:46","date_gmt":"2022-08-16T19:56:46","guid":{"rendered":"http:\/\/assumpcio.alcover.arqtgn.cat\/?page_id=2641"},"modified":"2023-04-22T13:19:14","modified_gmt":"2023-04-22T11:19:14","slug":"festa-major-de-masmolets-2022","status":"publish","type":"page","link":"https:\/\/assumpcio.alcover.arqtgn.cat\/?page_id=2641","title":{"rendered":"Festa major de Masmolets 2022"},"content":{"rendered":"<p><iframe title=\"Festa Major Masmolets 2022\" width=\"678\" height=\"381\" src=\"https:\/\/www.youtube.com\/embed\/XU_H5slFPnM?feature=oembed\" frameborder=\"0\" allow=\"accelerometer; autoplay; clipboard-write; encrypted-media; gyroscope; picture-in-picture; web-share\" allowfullscreen><\/iframe><\/p>\n<p>\ud835\udde0\ud835\uddee\ud835\ude00\ud835\uddfa\ud835\uddfc\ud835\uddf9\ud835\uddf2\ud835\ude01\ud835\ude00 \ud835\ude03\ud835\uddf6\ud835\ude02 \ud835\uddf2\ud835\uddf9 \ud835\ude00\ud835\uddf2\ud835\ude02 \ud835\uddf1\ud835\uddf6\ud835\uddee \ud835\uddf4\ud835\uddff\ud835\uddee\ud835\uddfb \ud835\uddf1\ud835\uddf2 \ud835\uddf9\ud835\uddf2\ud835\ude00 \ud835\uddf3\ud835\uddf2\ud835\ude00\ud835\ude01\ud835\uddf2\ud835\ude00 \ud835\uddf2\ud835\uddfb \ud835\uddf5\ud835\uddfc\ud835\uddfb\ud835\uddfc\ud835\uddff \ud835\uddee \ud835\udde6\ud835\uddee\ud835\uddfb\ud835\ude01 \ud835\udde5\ud835\uddfc\ud835\uddf0<\/p>\n<p style=\"text-align: justify\">Avui dia 16 d\u2019agost festivitat de Sant Roc, Masmolets s\u2019ha vestit de festa major per a viure un dels dies m\u00e9s especials de l&#8217;any, el dia en qu\u00e8 homenatgen el seu patr\u00f3, Sant Roc.<\/p>\n<p>En el petit municipi de Masmolets s\u2019ha celebrat el dia de Sant Roc, amb gran assist\u00e8ncia de feligresos, a les 12.00 hs ha tingut lloc la tradicional missa en honor al patr\u00f3 Sant Roc.<\/p>\n<p>Una vegada finalitzada la Santa Missa, s&#8217;ha oferit un petit refrigeri o vermut per a tots els assistents.<\/p>\n<p><em><strong>Mn. V\u00edctor Mosquera Ramos<br \/>\n<a href=\"https:\/\/assumpcio.alcover.arqtgn.cat\/\"><img decoding=\"async\" class=\"size-full wp-image-3242 alignright\" src=\"https:\/\/assumpcio.alcover.arqtgn.cat\/wp-content\/uploads\/sites\/39\/2022\/10\/Yo2Q.gif\" alt=\"\" width=\"64\" height=\"64\" \/><\/a><br \/>\n<\/strong><\/em><\/p>\n","protected":false},"excerpt":{"rendered":"<p>\ud835\udde0\ud835\uddee\ud835\ude00\ud835\uddfa\ud835\uddfc\ud835\uddf9\ud835\uddf2\ud835\ude01\ud835\ude00 \ud835\ude03\ud835\uddf6\ud835\ude02 \ud835\uddf2\ud835\uddf9 \ud835\ude00\ud835\uddf2\ud835\ude02 \ud835\uddf1\ud835\uddf6\ud835\uddee \ud835\uddf4\ud835\uddff\ud835\uddee\ud835\uddfb \ud835\uddf1\ud835\uddf2 \ud835\uddf9\ud835\uddf2\ud835\ude00 \ud835\uddf3\ud835\uddf2\ud835\ude00\ud835\ude01\ud835\uddf2\ud835\ude00 \ud835\uddf2\ud835\uddfb \ud835\uddf5\ud835\uddfc\ud835\uddfb\ud835\uddfc\ud835\uddff \ud835\uddee \ud835\udde6\ud835\uddee\ud835\uddfb\ud835\ude01 \ud835\udde5\ud835\uddfc\ud835\uddf0 Avui dia 16 d\u2019agost festivitat de Sant Roc, Masmolets s\u2019ha vestit de festa major per a <a class=\"more-link\" href=\"https:\/\/assumpcio.alcover.arqtgn.cat\/?page_id=2641\">Continue Reading &rarr;<\/a><\/p>\n","protected":false},"author":39,"featured_media":0,"parent":0,"menu_order":0,"comment_status":"closed","ping_status":"closed","template":"","meta":{"footnotes":""},"class_list":["post-2641","page","type-page","status-publish","hentry"],"_links":{"self":[{"href":"https:\/\/assumpcio.alcover.arqtgn.cat\/index.php?rest_route=\/wp\/v2\/pages\/2641","targetHints":{"allow":["GET"]}}],"collection":[{"href":"https:\/\/assumpcio.alcover.arqtgn.cat\/index.php?rest_route=\/wp\/v2\/pages"}],"about":[{"href":"https:\/\/assumpcio.alcover.arqtgn.cat\/index.php?rest_route=\/wp\/v2\/types\/page"}],"author":[{"embeddable":true,"href":"https:\/\/assumpcio.alcover.arqtgn.cat\/index.php?rest_route=\/wp\/v2\/users\/39"}],"replies":[{"embeddable":true,"href":"https:\/\/assumpcio.alcover.arqtgn.cat\/index.php?rest_route=%2Fwp%2Fv2%2Fcomments&post=2641"}],"version-history":[{"count":13,"href":"https:\/\/assumpcio.alcover.arqtgn.cat\/index.php?rest_route=\/wp\/v2\/pages\/2641\/revisions"}],"predecessor-version":[{"id":5095,"href":"https:\/\/assumpcio.alcover.arqtgn.cat\/index.php?rest_route=\/wp\/v2\/pages\/2641\/revisions\/5095"}],"wp:attachment":[{"href":"https:\/\/assumpcio.alcover.arqtgn.cat\/index.php?rest_route=%2Fwp%2Fv2%2Fmedia&parent=2641"}],"curies":[{"name":"wp","href":"https:\/\/api.w.org\/{rel}","templated":true}]}}