{"id":2748,"date":"2022-08-22T12:34:20","date_gmt":"2022-08-22T10:34:20","guid":{"rendered":"http:\/\/assumpcio.alcover.arqtgn.cat\/?page_id=2748"},"modified":"2022-12-23T21:22:47","modified_gmt":"2022-12-23T19:22:47","slug":"la-vila-dalcover","status":"publish","type":"page","link":"https:\/\/assumpcio.alcover.arqtgn.cat\/?page_id=2748","title":{"rendered":"La vila d\u2019Alcover"},"content":{"rendered":"<h6 style=\"text-align: justify\"><strong>Origens de la vila d\u2019Alcover<\/strong><\/h6>\n<div id=\"attachment_2787\" style=\"width: 310px\" class=\"wp-caption alignleft\"><a href=\"https:\/\/assumpcio.alcover.arqtgn.cat\/wp-content\/uploads\/sites\/39\/2022\/08\/Alcover_03.jpeg\" target=\"_blank\" rel=\"noopener\"><img fetchpriority=\"high\" decoding=\"async\" aria-describedby=\"caption-attachment-2787\" class=\"wp-image-2787 size-medium\" src=\"https:\/\/assumpcio.alcover.arqtgn.cat\/wp-content\/uploads\/sites\/39\/2022\/08\/Alcover_03-300x176.jpeg\" alt=\"\" width=\"300\" height=\"176\" srcset=\"https:\/\/assumpcio.alcover.arqtgn.cat\/wp-content\/uploads\/sites\/39\/2022\/08\/Alcover_03-300x176.jpeg 300w, https:\/\/assumpcio.alcover.arqtgn.cat\/wp-content\/uploads\/sites\/39\/2022\/08\/Alcover_03-768x450.jpeg 768w, https:\/\/assumpcio.alcover.arqtgn.cat\/wp-content\/uploads\/sites\/39\/2022\/08\/Alcover_03.jpeg 1024w\" sizes=\"(max-width: 300px) 100vw, 300px\" \/><\/a><p id=\"caption-attachment-2787\" class=\"wp-caption-text\"><strong>Pla\u00e7a nova<\/strong><\/p><\/div>\n<p style=\"text-align: justify\"><span style=\"color: #000000\">Alcover \u00e9s una vila i municipi de Catalunya a la banda occidental de la<\/span>\u00a0<span style=\"color: #000000\">comarca<\/span>\u00a0<span style=\"color: #000000\">de l&#8217;<\/span><a href=\"https:\/\/ca.wikipedia.org\/wiki\/Alt_Camp\" target=\"_blank\" rel=\"noopener\">Alt Camp<\/a>, <span style=\"color: #000000\">als peus de les<\/span>\u00a0<a href=\"https:\/\/ca.wikipedia.org\/wiki\/Muntanyes_de_Prades\" target=\"_blank\" rel=\"noopener\">Muntanyes de Prades<\/a>. <span style=\"color: #000000\">\u00c9s creuat pel<\/span>\u00a0<a href=\"https:\/\/ca.wikipedia.org\/wiki\/Riu_Glorieta\" target=\"_blank\" rel=\"noopener\">riu Glorieta<\/a>, <span style=\"color: #000000\">afluent del riu<\/span>\u00a0<a href=\"https:\/\/ca.wikipedia.org\/wiki\/Francol%C3%AD\" target=\"_blank\" rel=\"noopener\">Francol\u00ed<\/a>, <span style=\"color: #000000\">que travessa tamb\u00e9 part del terme. Alcover \u00e9s a 243\u00a0metres sobre el nivell del mar. Des del seu majestu\u00f3s campanar de<\/span> l&#8217;<a href=\"https:\/\/ca.wikipedia.org\/wiki\/Esgl%C3%A9sia_de_Nostra_Senyora_de_l%27Assumpci%C3%B3_(Alcover)\" target=\"_blank\" rel=\"noopener\">Esgl\u00e9sia de Nostra Senyora de l&#8217;Assumpci\u00f3<\/a>\u00a0<span style=\"color: #000000\">o Esgl\u00e9sia Nova, s&#8217;hi pot veure tota la plana del<\/span>\u00a0<a href=\"https:\/\/ca.wikipedia.org\/wiki\/Camp_de_Tarragona\" target=\"_blank\" rel=\"noopener\">Camp de Tarragona<\/a>, <span style=\"color: #000000\">inclosa la<\/span>\u00a0<a href=\"https:\/\/ca.wikipedia.org\/wiki\/Mar_Mediterr%C3%A0nia\">Mar Mediterr\u00e0nia<\/a>.<\/p>\n<p style=\"text-align: justify\"><span style=\"color: #000000\">S&#8217;han trobat vestigis de construccions de l&#8217;\u00e8poca de l&#8217;Imperi Rom\u00e0. Els musulmans varen fortificar l&#8217;enclavament per\u00f2 nom\u00e9s resten runes de torres de guaita que hi varen construir. El\u00a01127<\/span>\u00a0<a href=\"https:\/\/ca.wikipedia.org\/wiki\/Ramon_Berenguer_III\" target=\"_blank\" rel=\"noopener\">Ramon Berenguer III<\/a>\u00a0i\u00a0<a href=\"https:\/\/ca.wikipedia.org\/wiki\/Oleguer_de_Barcelona\" target=\"_blank\" rel=\"noopener\">Oleguer de Barcelona<\/a>\u00a0<span style=\"color: #000000\">prengueren la ciutat als<\/span>\u00a0<a href=\"https:\/\/ca.wikipedia.org\/wiki\/Almohade\" target=\"_blank\" rel=\"noopener\">almohades<\/a>, <span style=\"color: #000000\">s&#8217;inici\u00e0 la repoblaci\u00f3 per butlla papal signada per<\/span>\u00a0<a href=\"https:\/\/ca.wikipedia.org\/wiki\/Anastasi_IV\" target=\"_blank\" rel=\"noopener\">Anastasi IV<\/a>\u00a0<span style=\"color: #000000\">el\u00a025 de mar\u00e7\u00a0de\u00a01154,\u00a0i el 1166 va tenir carta de poblament atorgada per<\/span>\u00a0<a href=\"https:\/\/ca.wikipedia.org\/wiki\/Alfons_el_Cast\" target=\"_blank\" rel=\"noopener\">Alfons el Cast<\/a>.<\/p>\n<div id=\"attachment_2785\" style=\"width: 310px\" class=\"wp-caption alignright\"><a href=\"https:\/\/assumpcio.alcover.arqtgn.cat\/wp-content\/uploads\/sites\/39\/2022\/08\/Alcover_01.jpeg\" target=\"_blank\" rel=\"noopener\"><img decoding=\"async\" aria-describedby=\"caption-attachment-2785\" class=\"wp-image-2785 size-medium\" src=\"https:\/\/assumpcio.alcover.arqtgn.cat\/wp-content\/uploads\/sites\/39\/2022\/08\/Alcover_01-300x200.jpeg\" alt=\"\" width=\"300\" height=\"200\" srcset=\"https:\/\/assumpcio.alcover.arqtgn.cat\/wp-content\/uploads\/sites\/39\/2022\/08\/Alcover_01-300x200.jpeg 300w, https:\/\/assumpcio.alcover.arqtgn.cat\/wp-content\/uploads\/sites\/39\/2022\/08\/Alcover_01-1024x682.jpeg 1024w, https:\/\/assumpcio.alcover.arqtgn.cat\/wp-content\/uploads\/sites\/39\/2022\/08\/Alcover_01-768x512.jpeg 768w, https:\/\/assumpcio.alcover.arqtgn.cat\/wp-content\/uploads\/sites\/39\/2022\/08\/Alcover_01-1536x1024.jpeg 1536w, https:\/\/assumpcio.alcover.arqtgn.cat\/wp-content\/uploads\/sites\/39\/2022\/08\/Alcover_01.jpeg 1772w\" sizes=\"(max-width: 300px) 100vw, 300px\" \/><\/a><p id=\"caption-attachment-2785\" class=\"wp-caption-text\"><strong>Museu d&#8217;Alcover<\/strong><\/p><\/div>\n<p style=\"text-align: justify\"><span style=\"color: #000000\">Va pert\u00e0nyer a la<\/span>\u00a0<a href=\"https:\/\/ca.wikipedia.org\/wiki\/Vegueria_de_Tarragona\" target=\"_blank\" rel=\"noopener\">vegueria de Tarragona<\/a>\u00a0<span style=\"color: #000000\">fins al\u00a01716. Despr\u00e9s va formar part del<\/span>\u00a0<a href=\"https:\/\/ca.wikipedia.org\/w\/index.php?title=Corregiment_de_Tarragona&amp;action=edit&amp;redlink=1\" target=\"_blank\" rel=\"noopener\">corregiment de Tarragona<\/a>\u00a0<span style=\"color: #000000\">des del 1716 fins al\u00a01833.<\/span><\/p>\n<p style=\"text-align: justify\"><span style=\"color: #000000\">Es varen construir muralles entre 1316 i 1360.\u00a0Aquestes muralles medievals varen ser enderrocades l&#8217;any 1464 durant la<\/span>\u00a0<a href=\"https:\/\/ca.wikipedia.org\/wiki\/Guerra_civil_catalana\" target=\"_blank\" rel=\"noopener\">Guerra civil catalana<\/a>\u00a0<span style=\"color: #000000\">del\u00a0segle\u00a0xv\u00a0entre la Generalitat i el monarca<\/span>\u00a0<a href=\"https:\/\/ca.wikipedia.org\/wiki\/Joan_el_Sense_Fe\" target=\"_blank\" rel=\"noopener\">Joan II d&#8217;Arag\u00f3<\/a>\u00a0<span style=\"color: #000000\">que retenia el seu fill, el<\/span>\u00a0<a href=\"https:\/\/ca.wikipedia.org\/wiki\/Pr%C3%ADncep_de_Viana\" target=\"_blank\" rel=\"noopener\">pr\u00edncep de Viana<\/a>, q<span style=\"color: #000000\">ue la Generalitat patrocinava. Actualment, el\u00a0<strong>Carrer de la Bretxa<\/strong>\u00a0d&#8217;aquesta poblaci\u00f3 \u00e9s situat en el lloc on el 21 d&#8217;agost d&#8217;aquell any els canons varen iniciar-ne l&#8217;enderrocament.<\/span><\/p>\n<p style=\"text-align: justify\"><span style=\"color: #000000\"><a href=\"https:\/\/assumpcio.alcover.arqtgn.cat\/wp-content\/uploads\/sites\/39\/2022\/08\/Alcover_04.jpeg\" target=\"_blank\" rel=\"noopener\"><img decoding=\"async\" class=\"wp-image-2788 size-medium alignleft\" src=\"https:\/\/assumpcio.alcover.arqtgn.cat\/wp-content\/uploads\/sites\/39\/2022\/08\/Alcover_04-300x300.jpeg\" alt=\"\" width=\"300\" height=\"300\" srcset=\"https:\/\/assumpcio.alcover.arqtgn.cat\/wp-content\/uploads\/sites\/39\/2022\/08\/Alcover_04-300x300.jpeg 300w, https:\/\/assumpcio.alcover.arqtgn.cat\/wp-content\/uploads\/sites\/39\/2022\/08\/Alcover_04-150x150.jpeg 150w, https:\/\/assumpcio.alcover.arqtgn.cat\/wp-content\/uploads\/sites\/39\/2022\/08\/Alcover_04-768x768.jpeg 768w, https:\/\/assumpcio.alcover.arqtgn.cat\/wp-content\/uploads\/sites\/39\/2022\/08\/Alcover_04.jpeg 798w\" sizes=\"(max-width: 300px) 100vw, 300px\" \/><\/a>L&#8217;any 1809, durant la<\/span>\u00a0<a href=\"https:\/\/ca.wikipedia.org\/wiki\/Guerra_del_Franc%C3%A8s\" target=\"_blank\" rel=\"noopener\">Guerra del Franc\u00e8s<\/a>\u00a0<span style=\"color: #000000\">al terme d&#8217;Alcover hi esdevingu\u00e9 la famosa<\/span>\u00a0<a href=\"https:\/\/ca.wikipedia.org\/wiki\/Batalla_de_Valls\" target=\"_blank\" rel=\"noopener\">Batalla del Pont de Goi<\/a>.<br \/>\n<span style=\"color: #000000\">L&#8217;any 1863 s&#8217;inaugura l&#8217;estaci\u00f3 de ferrocarril de la l\u00ednia Tarragona-Lleida de la companyia MZA que va impulsar les millores per la poblaci\u00f3.<\/span><br \/>\n<span style=\"color: #000000\">L&#8217;any 1903 la propera<\/span>\u00a0<a href=\"https:\/\/ca.wikipedia.org\/wiki\/Central_hidroel%C3%A8ctrica_del_Glorieta\" target=\"_blank\" rel=\"noopener\">central hidroel\u00e8ctrica del Glorieta<\/a>\u00a0<span style=\"color: #000000\">comen\u00e7\u00e0 a subministrar electricitat al poble.<\/span><\/p>\n<p style=\"text-align: justify\"><span style=\"color: #000000\"><strong>Econ\u00f2mia<\/strong><br \/>\nEl\u00a01965\u00a0la\u00a0renda anual mitjana per capita\u00a0era de 25,285\u00a0pessetes\u00a0(151,97\u00a0euros). El 1983 el terme municipal d&#8217;Alcover comptava amb unes 143\u00a0explotacions gr\u00e0ries\u00a0d&#8217;entre 0 i 5\u00a0hect\u00e0rees\u00a0i unes 98 d&#8217;entre 5 i 50 hect\u00e0rees.<\/span><\/p>\n<p style=\"text-align: justify\"><span style=\"color: #000000\">A hores d&#8217;ara, per\u00f2, les coses a la vila han canviat, com la\u00a0renda familiar disponible bruta, que al\u00a02015\u00a0era de 16.200\u00a0euros\/habitant. L&#8217;any\u00a02009, la\u00a0superf\u00edcie agr\u00edcola utilitzada (SAU), entre terres llaurades (99%) i les\u00a0pastures\u00a0permanents (1%), sumen un total de 1.338 hect\u00e0rees.<\/span><\/p>\n<div id=\"attachment_2786\" style=\"width: 310px\" class=\"wp-caption alignright\"><a href=\"https:\/\/assumpcio.alcover.arqtgn.cat\/wp-content\/uploads\/sites\/39\/2022\/08\/Alcover_02.jpeg\" target=\"_blank\" rel=\"noopener\"><img loading=\"lazy\" decoding=\"async\" aria-describedby=\"caption-attachment-2786\" class=\"wp-image-2786 size-medium\" src=\"https:\/\/assumpcio.alcover.arqtgn.cat\/wp-content\/uploads\/sites\/39\/2022\/08\/Alcover_02-300x225.jpeg\" alt=\"\" width=\"300\" height=\"225\" srcset=\"https:\/\/assumpcio.alcover.arqtgn.cat\/wp-content\/uploads\/sites\/39\/2022\/08\/Alcover_02-300x225.jpeg 300w, https:\/\/assumpcio.alcover.arqtgn.cat\/wp-content\/uploads\/sites\/39\/2022\/08\/Alcover_02-1024x768.jpeg 1024w, https:\/\/assumpcio.alcover.arqtgn.cat\/wp-content\/uploads\/sites\/39\/2022\/08\/Alcover_02-768x576.jpeg 768w, https:\/\/assumpcio.alcover.arqtgn.cat\/wp-content\/uploads\/sites\/39\/2022\/08\/Alcover_02-1536x1152.jpeg 1536w, https:\/\/assumpcio.alcover.arqtgn.cat\/wp-content\/uploads\/sites\/39\/2022\/08\/Alcover_02.jpeg 1600w\" sizes=\"(max-width: 300px) 100vw, 300px\" \/><\/a><p id=\"caption-attachment-2786\" class=\"wp-caption-text\"><strong>Restes de l\u00b4Esgl\u00e9sia vella<\/strong><\/p><\/div>\n<p style=\"text-align: justify\"><span style=\"color: #000000\"><strong>Activitats econ\u00f2miques<br \/>\n<\/strong>Els conreus, sobretot els <strong>d\u2019avellanes, arbres fruiters, oliveres, producci\u00f3 d&#8217;Oli extra verge d&#8217;oliva, i garrofers<\/strong>, s\u00f3n el recurs econ\u00f2mic m\u00e9s important del terme. <strong>La ind\u00fastria tamb\u00e9 t\u00e9 una tradici\u00f3 important, principalment hi destaca l\u2019agroaliment\u00e0ria.<\/strong><\/span><\/p>\n<p style=\"text-align: justify\"><span style=\"color: #000000\"><strong>La ramaderia bovina i porcina i l\u2019avicultura complementen el sector primari d&#8217;aquest municipi d&#8217;Alcover.<\/strong><\/span><\/p>\n<p style=\"text-align: justify\"><span style=\"color: #000000\"><strong>Monuments<\/strong><\/span><br \/>\n<span style=\"color: #000000\">A Alcover hi ha diversos monuments declarats<\/span>\u00a0<a href=\"https:\/\/ca.wikipedia.org\/wiki\/B%C3%A9ns_culturals_d%27inter%C3%A8s_nacional\" target=\"_blank\" rel=\"noopener\">b\u00e9ns culturals d&#8217;inter\u00e8s nacional<\/a>: <span style=\"color: #000000\">Les muralles i vila medievals de les que es conserva part de les muralles (fragments i portals) medievals aix\u00ed com carrers, torres i cases d&#8217;aquesta \u00e8poca; el mas Mont-rav\u00e0 fortificat amb torres de defensa; l&#8217;Esgl\u00e9sia Vella o de la Pur\u00edssima Sang, rom\u00e0nica del segle\u00a0xii; el<\/span>\u00a0<a href=\"https:\/\/ca.wikipedia.org\/wiki\/Convent_de_Santa_Anna_d%27Alcover\" target=\"_blank\" rel=\"noopener\">convent de Santa Anna<\/a>.<\/p>\n<p style=\"text-align: justify\">D&#8217;altres punts destacats s\u00f3n el pont medieval sobre el\u00a0<a href=\"https:\/\/ca.wikipedia.org\/wiki\/Riu_de_Glorieta\" target=\"_blank\" rel=\"noopener\">riu de Glorieta<\/a>; la Casa de la Vila, amb fa\u00e7ana renaixentista; aix\u00ed com diverses cases renaixentistes; la pla\u00e7a porticada; el\u00a0<a href=\"https:\/\/ca.wikipedia.org\/wiki\/Museu_municipal_d%27Alcover\" target=\"_blank\" rel=\"noopener\">Museu municipal d&#8217;Alcover<\/a>; el\u00a0<a href=\"https:\/\/ca.wikipedia.org\/wiki\/Convent_de_Santa_Anna_d%27Alcover\" target=\"_blank\" rel=\"noopener\">Convent de Santa Anna d&#8217;Alcover<\/a>; l&#8217;<a href=\"https:\/\/ca.wikipedia.org\/wiki\/El_Remei_(Alcover)\" target=\"_blank\" rel=\"noopener\">Ermita del Remei<\/a>\u00a0i l&#8217;<a href=\"https:\/\/ca.wikipedia.org\/wiki\/Ermita_de_les_Virtuts\" target=\"_blank\" rel=\"noopener\">Ermita de les Virtuts<\/a>, amb dues d&#8217;<a href=\"https:\/\/ca.wikipedia.org\/wiki\/Estil_barroc\" target=\"_blank\" rel=\"noopener\">estil barroc<\/a>; <span style=\"color: #000000\">la Casa Domingo, edifici modernista (1919) obra de<\/span>\u00a0<a href=\"https:\/\/ca.wikipedia.org\/wiki\/C%C3%A8sar_Martinell\" target=\"_blank\" rel=\"noopener\">C\u00e8sar Martinell<\/a><span style=\"color: #000000\">; el barri jueu; l&#8217;<\/span><a href=\"https:\/\/ca.wikipedia.org\/wiki\/Esgl%C3%A9sia_de_Nostra_Senyora_de_l%27Assumpci%C3%B3_(Alcover)\" target=\"_blank\" rel=\"noopener\">Esgl\u00e9sia Nova<\/a>\u00a0<span style=\"color: #000000\">i els<\/span>\u00a0<a href=\"https:\/\/ca.wikipedia.org\/wiki\/Molins_de_Tarr%C3%A9s\" target=\"_blank\" rel=\"noopener\">Molins de Tarr\u00e9s<\/a>. <span style=\"color: #000000\">Hi ha altres edificis com el Mas de Bess\u00f3.<\/span><\/p>\n<div id=\"attachment_2789\" style=\"width: 310px\" class=\"wp-caption alignleft\"><a href=\"https:\/\/assumpcio.alcover.arqtgn.cat\/wp-content\/uploads\/sites\/39\/2022\/08\/Alcover_05.jpeg\" target=\"_blank\" rel=\"noopener\"><img loading=\"lazy\" decoding=\"async\" aria-describedby=\"caption-attachment-2789\" class=\"wp-image-2789 size-medium\" src=\"https:\/\/assumpcio.alcover.arqtgn.cat\/wp-content\/uploads\/sites\/39\/2022\/08\/Alcover_05-300x200.jpeg\" alt=\"\" width=\"300\" height=\"200\" srcset=\"https:\/\/assumpcio.alcover.arqtgn.cat\/wp-content\/uploads\/sites\/39\/2022\/08\/Alcover_05-300x200.jpeg 300w, https:\/\/assumpcio.alcover.arqtgn.cat\/wp-content\/uploads\/sites\/39\/2022\/08\/Alcover_05-1024x682.jpeg 1024w, https:\/\/assumpcio.alcover.arqtgn.cat\/wp-content\/uploads\/sites\/39\/2022\/08\/Alcover_05-768x512.jpeg 768w, https:\/\/assumpcio.alcover.arqtgn.cat\/wp-content\/uploads\/sites\/39\/2022\/08\/Alcover_05.jpeg 1076w\" sizes=\"(max-width: 300px) 100vw, 300px\" \/><\/a><p id=\"caption-attachment-2789\" class=\"wp-caption-text\"><strong>Esgl\u00e9sia nova<\/strong><\/p><\/div>\n<p style=\"text-align: justify\">Les\u00a0<a href=\"https:\/\/ca.wikipedia.org\/wiki\/Barraques_de_pedra_seca_d%27Alcover\" target=\"_blank\" rel=\"noopener\">Barraques de pedra seca d&#8217;Alcover<\/a>\u00a0<span style=\"color: #000000\">s\u00f3n un conjunt de construccions de pedra repartides pel terme municipal d&#8217;<strong>Alcover<\/strong><\/span>\u00a0(<a href=\"https:\/\/ca.wikipedia.org\/wiki\/Alt_Camp\" target=\"_blank\" rel=\"noopener\">Alt Camp<\/a><span style=\"color: #000000\">) incloses en l&#8217;<\/span><a href=\"https:\/\/ca.wikipedia.org\/wiki\/Inventari_del_Patrimoni_Arquitect%C3%B2nic_de_Catalunya\" target=\"_blank\" rel=\"noopener\">Inventari del Patrimoni Arquitect\u00f2nic de Catalunya.<\/a><\/p>\n<p style=\"text-align: justify\"><span style=\"color: #000000\"><strong>Fills il\u00b7lustres de la vila<br \/>\n<\/strong>Alcover ha tingut diversos fills il\u00b7lustres al llarg dels anys, els \u00faltims s\u00f3n aquests. D&#8217;altres possibles anteriors no se&#8217;n t\u00e9 documentaci\u00f3.<\/span><\/p>\n<div id=\"attachment_2790\" style=\"width: 310px\" class=\"wp-caption alignleft\"><a href=\"https:\/\/assumpcio.alcover.arqtgn.cat\/wp-content\/uploads\/sites\/39\/2022\/08\/Alcover_06.jpeg\" target=\"_blank\" rel=\"noopener\"><img loading=\"lazy\" decoding=\"async\" aria-describedby=\"caption-attachment-2790\" class=\"wp-image-2790 size-medium\" src=\"https:\/\/assumpcio.alcover.arqtgn.cat\/wp-content\/uploads\/sites\/39\/2022\/08\/Alcover_06-300x200.jpeg\" alt=\"\" width=\"300\" height=\"200\" srcset=\"https:\/\/assumpcio.alcover.arqtgn.cat\/wp-content\/uploads\/sites\/39\/2022\/08\/Alcover_06-300x200.jpeg 300w, https:\/\/assumpcio.alcover.arqtgn.cat\/wp-content\/uploads\/sites\/39\/2022\/08\/Alcover_06-768x511.jpeg 768w, https:\/\/assumpcio.alcover.arqtgn.cat\/wp-content\/uploads\/sites\/39\/2022\/08\/Alcover_06.jpeg 955w\" sizes=\"(max-width: 300px) 100vw, 300px\" \/><\/a><p id=\"caption-attachment-2790\" class=\"wp-caption-text\"><strong>Fa\u00e7ana de l\u00b4Esgl\u00e9sia nova<\/strong><\/p><\/div>\n<p style=\"text-align: justify\"><a href=\"https:\/\/www.alcover.cat\/index.php?option=com_content&amp;view=article&amp;id=170&amp;Itemid=316\" target=\"_blank\" rel=\"noopener\">Ramon Barber\u00e0 i Boada<\/a>\u00a0<span style=\"color: #000000\">(Bisbe Barber\u00e0), eclesi\u00e0stic, bisbe (1847\u00a0&#8211;\u00a01924)<\/span><br \/>\n<a href=\"https:\/\/ca.wikipedia.org\/wiki\/Cosme_Vidal_i_Rosich\" target=\"_blank\" rel=\"noopener\">Cosme Vidal i Rosich<\/a>\u00a0(<a href=\"https:\/\/ca.wikipedia.org\/wiki\/Josep_Aladern\" target=\"_blank\" rel=\"noopener\">Josep Aladern<\/a><span style=\"color: #000000\">), escriptor (1869\u00a0&#8211;\u00a01918)<\/span><br \/>\n<a href=\"https:\/\/www.alcover.cat\/index.php?option=com_content&amp;view=article&amp;id=170&amp;Itemid=316\" target=\"_blank\" rel=\"noopener\">Maria Dom\u00e8nec de Ca\u00f1ellas<\/a><span style=\"color: #000000\">, poetessa, escriptora i soci\u00f2loga (1876\u00a0&#8211;\u00a01952)<\/span><br \/>\n<a href=\"https:\/\/ca.wikipedia.org\/wiki\/Pl%C3%A0cid_Vidal_i_Rosich\" target=\"_blank\" rel=\"noopener\">Pl\u00e0cid Vidal i Rosich<\/a><span style=\"color: #000000\">, novel\u00b7lista, poeta i bi\u00f2graf (1881\u00a0&#8211;\u00a01938)<\/span><br \/>\n<a href=\"https:\/\/ca.wikipedia.org\/wiki\/Antoni_Isern_i_Arnau\" target=\"_blank\" rel=\"noopener\">Antoni Isern i Arnau<\/a><span style=\"color: #000000\">, poeta (1883\u00a0&#8211;\u00a01906)<\/span><br \/>\n<a href=\"https:\/\/ca.wikipedia.org\/wiki\/Francesc_Gelamb%C3%AD\" target=\"_blank\" rel=\"noopener\">Francesc Gelamb\u00ed<\/a><span style=\"color: #000000\">, m\u00fasic i compositor (s. XIX)<\/span><br \/>\n<a href=\"https:\/\/ca.wikipedia.org\/wiki\/Anton_Catal%C3%A0_i_Gomis\" target=\"_blank\" rel=\"noopener\">Anton Catal\u00e0 i Gomis<\/a>, <span style=\"color: #000000\">pintor (1911\u00a0&#8211;\u00a01970)<br \/>\n<\/span><strong><span style=\"color: #000000\">Enlla\u00e7os externs<\/span><br \/>\n<\/strong><a href=\"http:\/\/www.alcover.cat\/\">P\u00e0gina web oficial de l&#8217;Ajuntament d&#8217;Alcover<\/a><br \/>\n<a href=\"http:\/\/www.idescat.cat\/territ\/BasicTerr?TC=3&amp;V0=1&amp;V1=43005\">Informaci\u00f3 de l&#8217;Institut d&#8217;Estad\u00edstica de Catalunya<\/a><\/p>\n<p><strong>Himne d&#8217;Alcover<\/strong><br \/>\n<strong>Breu hist\u00f2ria de l&#8217;Himne d&#8217;Alcover<br \/>\n<\/strong><span style=\"color: #000000\"><a href=\"https:\/\/assumpcio.alcover.arqtgn.cat\/wp-content\/uploads\/sites\/39\/2022\/08\/343920-Text-de-larticle-519400-1-10-20190916-1.pdf\" target=\"_blank\" rel=\"noopener\"><i>Butllet\u00ed del Centre d\u2019Estudis Alcoverencs<\/i>, 2016, N\u00fam. 123, p. 8-12,<\/a><br \/>\n<\/span><em><strong><a href=\"https:\/\/assumpcio.alcover.arqtgn.cat\/wp-content\/uploads\/sites\/39\/2022\/08\/Himne-dAlcover.mp3\" target=\"_blank\" rel=\"noopener\">Himne d\u2019Alcover Mp3<\/a><br \/>\n<iframe title=\"Himne de la vila d&#039;Alcover\" width=\"678\" height=\"381\" src=\"https:\/\/www.youtube.com\/embed\/Mvim3LagBOk?feature=oembed\" frameborder=\"0\" allow=\"accelerometer; autoplay; clipboard-write; encrypted-media; gyroscope; picture-in-picture\" allowfullscreen><\/iframe><br \/>\nAssociaci\u00f3 EMMA Cultura<br \/>\n<\/strong><\/em><\/p>\n<table style=\"border-collapse: collapse;width: 101.371%;height: 10px\">\n<tbody>\n<tr style=\"height: 10px\">\n<td style=\"width: 24.9021%;text-align: center;height: 10px\"><a href=\"https:\/\/www.dipta.cat\/RBIV\/sites\/bvirtual\/files\/media\/GUIA%20D%27ALCOVER.pdf\" target=\"_blank\" rel=\"noopener\"><img loading=\"lazy\" decoding=\"async\" class=\"alignnone wp-image-3128\" src=\"https:\/\/assumpcio.alcover.arqtgn.cat\/wp-content\/uploads\/sites\/39\/2022\/09\/Guia-dAlcover.jpg\" alt=\"\" width=\"195\" height=\"272\" \/><\/a><\/td>\n<td style=\"width: 84.9931%;height: 10px;text-align: justify;border-style: solid;vertical-align: top\" scope=\"row\">Un llibre molt interessant, sobre Alcover en format Pdf., \u00e9s el titulat <strong>&#8220;GUIA D&#8217;ALCOVER&#8221;<\/strong> per Andreu Barber\u00e0 i Camafort, Joan Cavalle i Busquets, editat per l&#8217;Excma. Diputaci\u00f3 de Tarragona l&#8217;any 1982.<br \/>\n<strong>Cliqueu en el seg\u00fcent enlla\u00e7 per a baixar-lo o llegir-lo.<\/strong><br \/>\n<a href=\"https:\/\/www.dipta.cat\/RBIV\/sites\/bvirtual\/files\/media\/GUIA%20D%27ALCOVER.pdf\">https:\/\/www.dipta.cat\/RBIV\/sites\/bvirtual\/files\/media\/GUIA%20D%27ALCOVER.pdf<\/a><\/td>\n<\/tr>\n<\/tbody>\n<\/table>\n<div>\n<div id=\"attachment_2797\" style=\"width: 1290px\" class=\"wp-caption aligncenter\"><img loading=\"lazy\" decoding=\"async\" aria-describedby=\"caption-attachment-2797\" class=\"wp-image-2797 size-full\" src=\"https:\/\/assumpcio.alcover.arqtgn.cat\/wp-content\/uploads\/sites\/39\/2022\/08\/Alcover_00.jpeg\" alt=\"\" width=\"1280\" height=\"413\" srcset=\"https:\/\/assumpcio.alcover.arqtgn.cat\/wp-content\/uploads\/sites\/39\/2022\/08\/Alcover_00.jpeg 1280w, https:\/\/assumpcio.alcover.arqtgn.cat\/wp-content\/uploads\/sites\/39\/2022\/08\/Alcover_00-300x97.jpeg 300w, https:\/\/assumpcio.alcover.arqtgn.cat\/wp-content\/uploads\/sites\/39\/2022\/08\/Alcover_00-1024x330.jpeg 1024w, https:\/\/assumpcio.alcover.arqtgn.cat\/wp-content\/uploads\/sites\/39\/2022\/08\/Alcover_00-768x248.jpeg 768w\" sizes=\"(max-width: 1280px) 100vw, 1280px\" \/><p id=\"caption-attachment-2797\" class=\"wp-caption-text\"><strong>Vista de la pla\u00e7a nova<\/strong><\/p><\/div>\n<p><a href=\"https:\/\/assumpcio.alcover.arqtgn.cat\/\"><img loading=\"lazy\" decoding=\"async\" class=\"size-full wp-image-3242 alignright\" src=\"https:\/\/assumpcio.alcover.arqtgn.cat\/wp-content\/uploads\/sites\/39\/2022\/10\/Yo2Q.gif\" alt=\"\" width=\"64\" height=\"64\" \/><\/a><\/p>\n<\/div>\n","protected":false},"excerpt":{"rendered":"<p>Origens de la vila d\u2019Alcover Alcover \u00e9s una vila i municipi de Catalunya a la banda occidental de la\u00a0comarca\u00a0de l&#8217;Alt Camp, als peus de les\u00a0Muntanyes de Prades. \u00c9s creuat pel\u00a0riu <a class=\"more-link\" href=\"https:\/\/assumpcio.alcover.arqtgn.cat\/?page_id=2748\">Continue Reading &rarr;<\/a><\/p>\n","protected":false},"author":39,"featured_media":0,"parent":0,"menu_order":0,"comment_status":"closed","ping_status":"closed","template":"","meta":{"footnotes":""},"class_list":["post-2748","page","type-page","status-publish","hentry"],"_links":{"self":[{"href":"https:\/\/assumpcio.alcover.arqtgn.cat\/index.php?rest_route=\/wp\/v2\/pages\/2748","targetHints":{"allow":["GET"]}}],"collection":[{"href":"https:\/\/assumpcio.alcover.arqtgn.cat\/index.php?rest_route=\/wp\/v2\/pages"}],"about":[{"href":"https:\/\/assumpcio.alcover.arqtgn.cat\/index.php?rest_route=\/wp\/v2\/types\/page"}],"author":[{"embeddable":true,"href":"https:\/\/assumpcio.alcover.arqtgn.cat\/index.php?rest_route=\/wp\/v2\/users\/39"}],"replies":[{"embeddable":true,"href":"https:\/\/assumpcio.alcover.arqtgn.cat\/index.php?rest_route=%2Fwp%2Fv2%2Fcomments&post=2748"}],"version-history":[{"count":98,"href":"https:\/\/assumpcio.alcover.arqtgn.cat\/index.php?rest_route=\/wp\/v2\/pages\/2748\/revisions"}],"predecessor-version":[{"id":4021,"href":"https:\/\/assumpcio.alcover.arqtgn.cat\/index.php?rest_route=\/wp\/v2\/pages\/2748\/revisions\/4021"}],"wp:attachment":[{"href":"https:\/\/assumpcio.alcover.arqtgn.cat\/index.php?rest_route=%2Fwp%2Fv2%2Fmedia&parent=2748"}],"curies":[{"name":"wp","href":"https:\/\/api.w.org\/{rel}","templated":true}]}}