{"id":2850,"date":"2022-08-28T17:53:03","date_gmt":"2022-08-28T15:53:03","guid":{"rendered":"http:\/\/assumpcio.alcover.arqtgn.cat\/?page_id=2850"},"modified":"2023-04-20T12:14:46","modified_gmt":"2023-04-20T10:14:46","slug":"sopar-de-la-fam-mans-unides","status":"publish","type":"page","link":"https:\/\/assumpcio.alcover.arqtgn.cat\/?page_id=2850","title":{"rendered":"Sopar de la Fam &#8211; Mans Unides"},"content":{"rendered":"<p><iframe title=\"Sopar de la Fam 2022\" width=\"678\" height=\"381\" src=\"https:\/\/www.youtube.com\/embed\/JhWeYO_4QJw?feature=oembed\" frameborder=\"0\" allow=\"accelerometer; autoplay; clipboard-write; encrypted-media; gyroscope; picture-in-picture; web-share\" allowfullscreen><\/iframe><\/p>\n<p style=\"text-align: justify\"><strong>EL SOPAR DE LA FAM D\u2019ALCOVER I LA RIBA RECAPTA 1.752 EUROS PER A UN PROJECTE DE MANS UNIDES<\/strong><\/p>\n<p style=\"text-align: justify\">El dissabte dia 27 d\u2019agost, l\u2019esgl\u00e9sia vella d\u2019Alcover va acollir una nova edici\u00f3 del Sopar de la Fam, organitzat per Mans Unides i la Parr\u00f2quia de l\u2019Assumpci\u00f3 d\u2019Alcover, amb la col\u00b7laboraci\u00f3 de l\u2019Ajuntament de la localitat.<\/p>\n<p style=\"text-align: justify\">En aquesta ocasi\u00f3, prop d\u2019un centenar de persones d\u2019Alcover i de la Riba es van fer presents al sopar, aconseguint, juntament amb les aportacions de la \u00abtaula zero\u00bb, una recaptaci\u00f3 de 1.752 euros que aniran destinats a l\u2019acompanyament del projecte de millora del sanejament en centres de formaci\u00f3 de noies a Bamaco (Mali), del qual se\u2019n beneficiaran 668 noies.<\/p>\n<p style=\"text-align: justify\">Aquest sopar solidari va ser possible gr\u00e0cies a l\u2019aportaci\u00f3 totalment gratu\u00efta que els diferents establiments de la localitat i tamb\u00e9 particulars van fer de tots els productes que s\u2019hi van servir. <strong>En aquest sentit, Mn. V\u00edctor Mosquera, rector de la parr\u00f2quia, va donar les gr\u00e0cies a totes aquelles persones que d\u2019una manera o altra ho van fer possible.<\/strong><\/p>\n<p style=\"text-align: justify\">Per altra banda, Josep Clofent, voluntari de Mans Unides i responsable d\u2019empreses i parr\u00f2quies a l\u2019Alt Camp, va introduir un petit v\u00eddeo de la campanya d\u2019enguany, amb el lema \u00abLa nostra indifer\u00e8ncia els condemna a l\u2019oblit\u00bb. Finalment, la trobada va acabar amb un concert a c\u00e0rrec del jove alcoverenc Aleix Quir\u00f3s.<\/p>\n<p><strong>AGRA\u00cfMENT<\/strong><\/p>\n<p style=\"text-align: justify\">Aquest resultat ha estat possible perqu\u00e8 el 100% dels productes del sopar han <strong>estat donats per diferents empreses i botigues:<\/strong> <strong><a href=\"https:\/\/www.facebook.com\/search\/top?q=gom%C3%A0-camps\" target=\"_blank\" rel=\"noopener\">Goma-Camps<\/a>, <a href=\"https:\/\/www.facebook.com\/carnisseriacalcortiella.cortiella\" target=\"_blank\" rel=\"noopener\">Cal Cortiella<\/a>, <a href=\"https:\/\/dopsiurana.com\/entitats\/cooperativa-agricola-dalcover\/\" target=\"_blank\" rel=\"noopener\">Cooperativa Agr\u00edcola<\/a>, <a href=\"https:\/\/www.google.com\/search?rlz=1C5CHFA_enES721ES721&amp;tbm=lcl&amp;sxsrf=ALiCzsbxuKoNB0lqg95i3EsU5ch5vFqb5Q:1661702684377&amp;q=pastisseria+montse,+alcover&amp;spell=1&amp;sa=X&amp;ved=2ahUKEwjoxOXx9On5AhUSRuUKHeSpCiUQBSgAegQIARBG&amp;biw=1600&amp;bih=763&amp;dpr=2#rlfi=hd:;si:2661926522903908100,l,ChtwYXN0aXNzZXJpYSBtb250c2UsIGFsY292ZXJaHCIacGFzdGlzc2VyaWEgbW9udHNlIGFsY292ZXKSAQZiYWtlcnmqARoQASoWIhJwYXN0aXNzZXJpYSBtb250c2UoDg,y,Do-moYk6Hsw;mv:[[41.5655005,1.5726835],[41.0903683,0.8876242]]\" target=\"_blank\" rel=\"noopener\">Casa Tom\u00e0s<\/a>, <a href=\"https:\/\/www.facebook.com\/CasaFornet\" target=\"_blank\" rel=\"noopener\">Casa el Fornet<\/a>, Pastisseria <a href=\"https:\/\/www.facebook.com\/Ca-la-Montse-1478408992423165\" target=\"_blank\" rel=\"noopener\">Ca la Montse<\/a>, <a href=\"https:\/\/www.facebook.com\/profile.php?id=100016118295780\" target=\"_blank\" rel=\"noopener\">Forn Nou<\/a>, Ignasi Oliva, Joan Busquets, Dolors Mass\u00f3, La Botiga del Poble, <a href=\"https:\/\/www.pano.cat\/es\/instalaciones.html?fbclid=IwAR2YrFIKYXcqXAJA0an4eQV07A54JgvEU3__noTaJnwS6hTUx8_WbMANvDo\" target=\"_blank\" rel=\"noopener\">Pa\u00f1o<\/a>, <a href=\"https:\/\/fruitssp.com\/\" target=\"_blank\" rel=\"noopener\">Salses &amp; amp<\/a>; <a href=\"https:\/\/www.facebook.com\/salsessp\" target=\"_blank\" rel=\"noopener\">Fruits SP<\/a>, <a href=\"https:\/\/www.facebook.com\/pages\/Set-Doli\/145471219523337\" target=\"_blank\" rel=\"noopener\">set d&#8217;Oli<\/a>, <a href=\"http:\/\/www.concactiva.cat\/espai-cuina\/viveristes\/mas-camp\" target=\"_blank\" rel=\"noopener\">Mas-Camp fruits secs<\/a>, <a href=\"https:\/\/europastry.com\/es\/es\/\" target=\"_blank\" rel=\"noopener\">Europastry<\/a> i entre diversos particulars<\/strong>.<\/p>\n<p style=\"text-align: justify\">\ud835\udddf\ud835\uddee \ud835\udde3\ud835\uddee\ud835\uddff\ud835\uddff\ud835\uddfc\u0300\ud835\uddfe\ud835\ude02\ud835\uddf6\ud835\uddee \ud835\uddf1&#8217;\ud835\uddd4\ud835\uddf9\ud835\uddf0\ud835\uddfc\ud835\ude03\ud835\uddf2\ud835\uddff \ud835\uddf6 <a href=\"https:\/\/www.mansunides.org\/\" target=\"_blank\" rel=\"noopener\">\ud835\udde0\ud835\uddee\ud835\uddfb\ud835\ude00 \ud835\udde8\ud835\uddfb\ud835\uddf6\ud835\uddf1\ud835\uddf2\ud835\ude00<\/a> agraeixen la generosa aportaci\u00f3 de totes les <strong>persones, empreses i botigues que hi han participat, i a l&#8217;Ajuntament<\/strong> per la implicaci\u00f3 en la difusi\u00f3 de l&#8217;activitat, la cessi\u00f3 del magn\u00edfic espai de l&#8217;Esgl\u00e9sia Vella i pels preparatius log\u00edstics i t\u00e8cnics.<\/p>\n<p style=\"text-align: justify\">La recaptaci\u00f3 es destinar\u00e0 a l&#8217;acompanyament del <strong><span style=\"color: #0000ff\"><a style=\"color: #0000ff\" href=\"https:\/\/www.mansunides.org\/projecte\/noies-joves-es-plantegen-futur-millor-mali\">projecte de millora del sanejament<\/a><\/span><\/strong> en centre de formaci\u00f3 de noies a <a href=\"https:\/\/ca.wikipedia.org\/wiki\/Bamako\" target=\"_blank\" rel=\"noopener\">Bamako<\/a> (<a href=\"https:\/\/ca.wikipedia.org\/wiki\/Mali\" target=\"_blank\" rel=\"noopener\">capital de Mali<\/a>), que beneficiar\u00e0 668 joves.<\/p>\n<p style=\"text-align: justify\">\ud835\udddf\ud835\uddd4 \ud835\udde1\ud835\udde2\ud835\udde6\ud835\udde7\ud835\udde5\ud835\uddd4 \ud835\udddc\ud835\udde1\ud835\uddd7\ud835\udddc\ud835\uddd9\ud835\uddd8\ud835\udde5\ud835\uddd8\ud835\udde1\ud835\uddd6\ud835\udddc\ud835\uddd4 \ud835\uddd8\ud835\udddf\ud835\udde6 \ud835\uddd6\ud835\udde2\ud835\udde1\ud835\uddd7\ud835\uddd8\ud835\udde0\ud835\udde1\ud835\uddd4 \ud835\uddd4 \ud835\udddf&#8217;\ud835\udde2\ud835\uddd5\ud835\udddf\ud835\udddc\ud835\uddd7<br \/>\n\ud835\udde0\ud835\uddee\ud835\uddfb\ud835\ude00 \ud835\udde8\ud835\uddfb\ud835\uddf6\ud835\uddf1\ud835\uddf2\ud835\ude00<br \/>\n<a href=\"https:\/\/assumpcio.alcover.arqtgn.cat\/\"><img decoding=\"async\" class=\"size-full wp-image-3242 alignright\" src=\"https:\/\/assumpcio.alcover.arqtgn.cat\/wp-content\/uploads\/sites\/39\/2022\/10\/Yo2Q.gif\" alt=\"\" width=\"64\" height=\"64\" \/><\/a><\/p>\n","protected":false},"excerpt":{"rendered":"<p>EL SOPAR DE LA FAM D\u2019ALCOVER I LA RIBA RECAPTA 1.752 EUROS PER A UN PROJECTE DE MANS UNIDES El dissabte dia 27 d\u2019agost, l\u2019esgl\u00e9sia vella d\u2019Alcover va acollir una <a class=\"more-link\" href=\"https:\/\/assumpcio.alcover.arqtgn.cat\/?page_id=2850\">Continue Reading &rarr;<\/a><\/p>\n","protected":false},"author":39,"featured_media":0,"parent":0,"menu_order":0,"comment_status":"closed","ping_status":"closed","template":"","meta":{"footnotes":""},"class_list":["post-2850","page","type-page","status-publish","hentry"],"_links":{"self":[{"href":"https:\/\/assumpcio.alcover.arqtgn.cat\/index.php?rest_route=\/wp\/v2\/pages\/2850","targetHints":{"allow":["GET"]}}],"collection":[{"href":"https:\/\/assumpcio.alcover.arqtgn.cat\/index.php?rest_route=\/wp\/v2\/pages"}],"about":[{"href":"https:\/\/assumpcio.alcover.arqtgn.cat\/index.php?rest_route=\/wp\/v2\/types\/page"}],"author":[{"embeddable":true,"href":"https:\/\/assumpcio.alcover.arqtgn.cat\/index.php?rest_route=\/wp\/v2\/users\/39"}],"replies":[{"embeddable":true,"href":"https:\/\/assumpcio.alcover.arqtgn.cat\/index.php?rest_route=%2Fwp%2Fv2%2Fcomments&post=2850"}],"version-history":[{"count":31,"href":"https:\/\/assumpcio.alcover.arqtgn.cat\/index.php?rest_route=\/wp\/v2\/pages\/2850\/revisions"}],"predecessor-version":[{"id":5082,"href":"https:\/\/assumpcio.alcover.arqtgn.cat\/index.php?rest_route=\/wp\/v2\/pages\/2850\/revisions\/5082"}],"wp:attachment":[{"href":"https:\/\/assumpcio.alcover.arqtgn.cat\/index.php?rest_route=%2Fwp%2Fv2%2Fmedia&parent=2850"}],"curies":[{"name":"wp","href":"https:\/\/api.w.org\/{rel}","templated":true}]}}