{"id":3523,"date":"2022-10-17T11:48:55","date_gmt":"2022-10-17T09:48:55","guid":{"rendered":"http:\/\/assumpcio.alcover.arqtgn.cat\/?page_id=3523"},"modified":"2023-04-22T10:40:46","modified_gmt":"2023-04-22T08:40:46","slug":"ofici-i-processo-en-honor-a-sta-ursula-i-st-prosper-2022","status":"publish","type":"page","link":"https:\/\/assumpcio.alcover.arqtgn.cat\/?page_id=3523","title":{"rendered":"Ofici i process\u00f3 en honor a Sta. \u00darsula i St. Pr\u00f2sper 2022"},"content":{"rendered":"<p><iframe title=\"Festa Major Alcover 2022\" width=\"678\" height=\"381\" src=\"https:\/\/www.youtube.com\/embed\/_1KtvOVXW5k?feature=oembed\" frameborder=\"0\" allow=\"accelerometer; autoplay; clipboard-write; encrypted-media; gyroscope; picture-in-picture; web-share\" allowfullscreen><\/iframe><\/p>\n<p><strong>PROCESS\u00d3 EN HONOR A STA. \u00daRSULA I ST. PR\u00d2SPER 2022<\/strong><\/p>\n<p style=\"text-align: justify\"><span style=\"color: #000000\">El dissabte dia 15 d&#8217;octubre a les 11: 00 h, amb motiu de la festa major de la vila d&#8217;Alcover va tindre lloc la celebraci\u00f3 de la santa eucaristia oficiada pel rector Mn. V\u00edctor Mosquera Ramos, i concelebrada per diversos preveres corresponents de l&#8217;Arxiprestat de l&#8217;Alt Camp, en honor als copatrons de la vila d&#8217;Alcover Santa \u00darsula i Sant. Pr\u00f2sper.<\/span><\/p>\n<p style=\"text-align: justify\"><span style=\"color: #000000\">En acabar el sant ofici va tindre lloc la tradicional process\u00f3 pels carrers de la vila, en honor als copatrons amb la participaci\u00f3 del seguici popular, colla gegantera, banda de cornetes i tambors verge del Remei la corporaci\u00f3 municipal amb la bandera de la vila portada pel pregoner i la Banda Uni\u00f3 Musical de Tarragona.<\/span><\/p>\n<p style=\"text-align: justify\"><span style=\"color: #000000\">Ben vostre<\/span><br \/>\n<span style=\"color: #000000\"><em><strong>Mn. V\u00edctor Mosquera Ramos<br \/>\n<\/strong><\/em><\/span><\/p>\n<p style=\"text-align: right\"><a href=\"https:\/\/assumpcio.alcover.arqtgn.cat\/\"><img decoding=\"async\" class=\"alignnone wp-image-3242 size-full\" src=\"https:\/\/assumpcio.alcover.arqtgn.cat\/wp-content\/uploads\/sites\/39\/2022\/10\/Yo2Q.gif\" alt=\"\" width=\"64\" height=\"64\" \/><\/a><\/p>\n","protected":false},"excerpt":{"rendered":"<p>PROCESS\u00d3 EN HONOR A STA. \u00daRSULA I ST. PR\u00d2SPER 2022 El dissabte dia 15 d&#8217;octubre a les 11: 00 h, amb motiu de la festa major de la vila d&#8217;Alcover <a class=\"more-link\" href=\"https:\/\/assumpcio.alcover.arqtgn.cat\/?page_id=3523\">Continue Reading &rarr;<\/a><\/p>\n","protected":false},"author":39,"featured_media":0,"parent":0,"menu_order":0,"comment_status":"closed","ping_status":"closed","template":"","meta":{"footnotes":""},"class_list":["post-3523","page","type-page","status-publish","hentry"],"_links":{"self":[{"href":"https:\/\/assumpcio.alcover.arqtgn.cat\/index.php?rest_route=\/wp\/v2\/pages\/3523","targetHints":{"allow":["GET"]}}],"collection":[{"href":"https:\/\/assumpcio.alcover.arqtgn.cat\/index.php?rest_route=\/wp\/v2\/pages"}],"about":[{"href":"https:\/\/assumpcio.alcover.arqtgn.cat\/index.php?rest_route=\/wp\/v2\/types\/page"}],"author":[{"embeddable":true,"href":"https:\/\/assumpcio.alcover.arqtgn.cat\/index.php?rest_route=\/wp\/v2\/users\/39"}],"replies":[{"embeddable":true,"href":"https:\/\/assumpcio.alcover.arqtgn.cat\/index.php?rest_route=%2Fwp%2Fv2%2Fcomments&post=3523"}],"version-history":[{"count":9,"href":"https:\/\/assumpcio.alcover.arqtgn.cat\/index.php?rest_route=\/wp\/v2\/pages\/3523\/revisions"}],"predecessor-version":[{"id":5092,"href":"https:\/\/assumpcio.alcover.arqtgn.cat\/index.php?rest_route=\/wp\/v2\/pages\/3523\/revisions\/5092"}],"wp:attachment":[{"href":"https:\/\/assumpcio.alcover.arqtgn.cat\/index.php?rest_route=%2Fwp%2Fv2%2Fmedia&parent=3523"}],"curies":[{"name":"wp","href":"https:\/\/api.w.org\/{rel}","templated":true}]}}