{"id":4140,"date":"2023-01-11T12:16:35","date_gmt":"2023-01-11T10:16:35","guid":{"rendered":"http:\/\/assumpcio.alcover.arqtgn.cat\/?page_id=4140"},"modified":"2023-01-11T12:31:26","modified_gmt":"2023-01-11T10:31:26","slug":"loteria-de-nadal-2022","status":"publish","type":"page","link":"https:\/\/assumpcio.alcover.arqtgn.cat\/?page_id=4140","title":{"rendered":"LOTERIA DE NADAL 2022"},"content":{"rendered":"<p style=\"text-align: justify\"><span style=\"color: #000000\"><strong>LA PARR\u00d2QUIA D&#8217;ALCOVER FA EL LLIURAMET DEL SPERNILS IB\u00c8RICS<\/strong><br \/>\nAquests dies hem fet el lliurament dels dos pernils Ib\u00e8rics que van ser sortejats coincidint amb les tres \u00faltimes xifres del primer i segon premi de la loteria de Nadal. Les afortunades han estat l&#8217;Ant\u00f2nia Camacho de la localitat de l&#8217;Alcover i Marisa\u00a0 Mart\u00edn de la localitat de Tarragona.<\/span><\/p>\n<p style=\"text-align: justify\"><span style=\"color: #000000\">Felicitem les dues afortunades i donem les gr\u00e0cies a la \ud835\uddf0\ud835\uddee\ud835\uddff\ud835\uddfb\ud835\uddf6\ud835\ude00\ud835\ude00\ud835\uddf2\ud835\uddff\ud835\uddf6\ud835\uddee \ud835\uddf6 \ud835\ude05\ud835\uddee\ud835\uddff\ud835\uddf0\ud835\ude02\ud835\ude01\ud835\uddf2\ud835\uddff\ud835\uddf6\ud835\uddee \ud835\uddd6\ud835\uddd4\ud835\udddf \ud835\uddd6\ud835\udde2\ud835\udde5\ud835\udde7\ud835\udddc\ud835\uddd8\ud835\udddf\ud835\udddf\ud835\uddd4 per haver col\u00b7laborat amb la donaci\u00f3 dels dos pernils Ib\u00e8rics per poder fer el sorteig.<\/span><\/p>\n<p style=\"text-align: justify\"><span style=\"color: #000000\"><em>Parr\u00f2quia Ntra. Sra. de l&#8217;Assumpci\u00f3 d&#8217;Alcover<\/em><\/span><\/p>\n<table style=\"border-collapse: collapse;width: 100%\">\n<tbody>\n<tr>\n<td style=\"width: 100%\">\n<div id=\"attachment_4112\" style=\"width: 374px\" class=\"wp-caption aligncenter\"><a href=\"https:\/\/assumpcio.alcover.arqtgn.cat\/wp-content\/uploads\/sites\/39\/2023\/01\/Antonia-Camacho.jpeg\" target=\"_blank\" rel=\"noopener\"><img fetchpriority=\"high\" decoding=\"async\" aria-describedby=\"caption-attachment-4112\" class=\"wp-image-4112\" src=\"https:\/\/assumpcio.alcover.arqtgn.cat\/wp-content\/uploads\/sites\/39\/2023\/01\/Antonia-Camacho.jpeg\" alt=\"\" width=\"364\" height=\"485\" srcset=\"https:\/\/assumpcio.alcover.arqtgn.cat\/wp-content\/uploads\/sites\/39\/2023\/01\/Antonia-Camacho.jpeg 750w, https:\/\/assumpcio.alcover.arqtgn.cat\/wp-content\/uploads\/sites\/39\/2023\/01\/Antonia-Camacho-225x300.jpeg 225w\" sizes=\"(max-width: 364px) 100vw, 364px\" \/><\/a><p id=\"caption-attachment-4112\" class=\"wp-caption-text\"><strong>Sra. Antonia Camacho<\/strong><\/p><\/div>\n<p><div id=\"attachment_4113\" style=\"width: 603px\" class=\"wp-caption aligncenter\"><a href=\"https:\/\/assumpcio.alcover.arqtgn.cat\/wp-content\/uploads\/sites\/39\/2023\/01\/Marisa-Martin.jpeg\" target=\"_blank\" rel=\"noopener\"><img decoding=\"async\" aria-describedby=\"caption-attachment-4113\" class=\"wp-image-4113\" src=\"https:\/\/assumpcio.alcover.arqtgn.cat\/wp-content\/uploads\/sites\/39\/2023\/01\/Marisa-Martin.jpeg\" alt=\"\" width=\"593\" height=\"445\" srcset=\"https:\/\/assumpcio.alcover.arqtgn.cat\/wp-content\/uploads\/sites\/39\/2023\/01\/Marisa-Martin.jpeg 1024w, https:\/\/assumpcio.alcover.arqtgn.cat\/wp-content\/uploads\/sites\/39\/2023\/01\/Marisa-Martin-300x225.jpeg 300w, https:\/\/assumpcio.alcover.arqtgn.cat\/wp-content\/uploads\/sites\/39\/2023\/01\/Marisa-Martin-768x576.jpeg 768w\" sizes=\"(max-width: 593px) 100vw, 593px\" \/><\/a><p id=\"caption-attachment-4113\" class=\"wp-caption-text\"><strong>Sra. Marisa Marin<\/strong><\/p><\/div><\/td>\n<\/tr>\n<\/tbody>\n<\/table>\n<p><a href=\"https:\/\/assumpcio.alcover.arqtgn.cat\/wp-content\/uploads\/sites\/39\/2022\/12\/Loteria-Nadal-2022-copia.png\"><img decoding=\"async\" class=\" wp-image-4012 aligncenter\" src=\"https:\/\/assumpcio.alcover.arqtgn.cat\/wp-content\/uploads\/sites\/39\/2022\/12\/Loteria-Nadal-2022-copia-781x1024.png\" alt=\"\" width=\"433\" height=\"566\" \/><\/a><\/p>\n","protected":false},"excerpt":{"rendered":"<p>LA PARR\u00d2QUIA D&#8217;ALCOVER FA EL LLIURAMET DEL SPERNILS IB\u00c8RICS Aquests dies hem fet el lliurament dels dos pernils Ib\u00e8rics que van ser sortejats coincidint amb les tres \u00faltimes xifres del <a class=\"more-link\" href=\"https:\/\/assumpcio.alcover.arqtgn.cat\/?page_id=4140\">Continue Reading &rarr;<\/a><\/p>\n","protected":false},"author":39,"featured_media":0,"parent":0,"menu_order":0,"comment_status":"closed","ping_status":"closed","template":"","meta":{"footnotes":""},"class_list":["post-4140","page","type-page","status-publish","hentry"],"_links":{"self":[{"href":"https:\/\/assumpcio.alcover.arqtgn.cat\/index.php?rest_route=\/wp\/v2\/pages\/4140","targetHints":{"allow":["GET"]}}],"collection":[{"href":"https:\/\/assumpcio.alcover.arqtgn.cat\/index.php?rest_route=\/wp\/v2\/pages"}],"about":[{"href":"https:\/\/assumpcio.alcover.arqtgn.cat\/index.php?rest_route=\/wp\/v2\/types\/page"}],"author":[{"embeddable":true,"href":"https:\/\/assumpcio.alcover.arqtgn.cat\/index.php?rest_route=\/wp\/v2\/users\/39"}],"replies":[{"embeddable":true,"href":"https:\/\/assumpcio.alcover.arqtgn.cat\/index.php?rest_route=%2Fwp%2Fv2%2Fcomments&post=4140"}],"version-history":[{"count":3,"href":"https:\/\/assumpcio.alcover.arqtgn.cat\/index.php?rest_route=\/wp\/v2\/pages\/4140\/revisions"}],"predecessor-version":[{"id":4145,"href":"https:\/\/assumpcio.alcover.arqtgn.cat\/index.php?rest_route=\/wp\/v2\/pages\/4140\/revisions\/4145"}],"wp:attachment":[{"href":"https:\/\/assumpcio.alcover.arqtgn.cat\/index.php?rest_route=%2Fwp%2Fv2%2Fmedia&parent=4140"}],"curies":[{"name":"wp","href":"https:\/\/api.w.org\/{rel}","templated":true}]}}