{"id":498,"date":"2022-05-26T20:23:32","date_gmt":"2022-05-26T18:23:32","guid":{"rendered":"http:\/\/assumpcio.alcover.arqtgn.cat\/?page_id=498"},"modified":"2022-10-02T11:46:13","modified_gmt":"2022-10-02T09:46:13","slug":"explicacio-2","status":"publish","type":"page","link":"https:\/\/assumpcio.alcover.arqtgn.cat\/?page_id=498","title":{"rendered":"Cor parroquial"},"content":{"rendered":"<div id=\"attachment_2447\" style=\"width: 322px\" class=\"wp-caption alignleft\"><a href=\"https:\/\/assumpcio.alcover.arqtgn.cat\/wp-content\/uploads\/sites\/39\/2022\/07\/cor_1.jpeg\" target=\"_blank\" rel=\"noopener\"><img fetchpriority=\"high\" decoding=\"async\" aria-describedby=\"caption-attachment-2447\" class=\"wp-image-2447\" src=\"https:\/\/assumpcio.alcover.arqtgn.cat\/wp-content\/uploads\/sites\/39\/2022\/07\/cor_1-300x180.jpeg\" alt=\"\" width=\"312\" height=\"187\" srcset=\"https:\/\/assumpcio.alcover.arqtgn.cat\/wp-content\/uploads\/sites\/39\/2022\/07\/cor_1-300x180.jpeg 300w, https:\/\/assumpcio.alcover.arqtgn.cat\/wp-content\/uploads\/sites\/39\/2022\/07\/cor_1-768x461.jpeg 768w, https:\/\/assumpcio.alcover.arqtgn.cat\/wp-content\/uploads\/sites\/39\/2022\/07\/cor_1.jpeg 1000w\" sizes=\"(max-width: 312px) 100vw, 312px\" \/><\/a><p id=\"caption-attachment-2447\" class=\"wp-caption-text\">Cor de la parr\u00f2quia de l&#8217;Assumpci\u00f3 d&#8217;Alcover<\/p><\/div>\n<p style=\"text-align: justify\"><span style=\"color: #000000\">S\u00f3n els ministres encarregats del servei de la m\u00fasica en les celebracions lit\u00fargiques, executant les parts cantades que li corresponen, promovent primordialment la participaci\u00f3 activa del poble.<\/span><\/p>\n<p style=\"text-align: justify\"><span style=\"color: #000000\">1.- S\u00f3n cristians compromesos amb testimoniatge de vida.<\/span><br \/>\n<span style=\"color: #000000\">2.- Sent inclinaci\u00f3 per la m\u00fasica i t\u00e9 qualitats per a ella.<\/span><br \/>\n<span style=\"color: #000000\">3.- Son servidors de l&#8217;Esgl\u00e9sia, no estavelles.<\/span><br \/>\n<span style=\"color: #000000\">4.- Posseeixen amor per l&#8217;oraci\u00f3 lit\u00fargica i busquen, NO el llu\u00efment de la seva veu ni una envanida perfecci\u00f3, sin\u00f3 fer m\u00e9s palpable la pres\u00e8ncia de D\u00e9u a trav\u00e9s de la bellesa musical.<\/span><br \/>\n<span style=\"color: #000000\">5.- Ha d&#8217;apar\u00e8ixer com a part de l&#8217;assemblea. El seu lloc no ha d&#8217;interferir amb la seva participaci\u00f3 plena en la celebraci\u00f3.<\/span><\/p>\n<div id=\"attachment_2448\" style=\"width: 310px\" class=\"wp-caption alignright\"><a href=\"https:\/\/assumpcio.alcover.arqtgn.cat\/wp-content\/uploads\/sites\/39\/2022\/07\/Cor_2.jpeg\" target=\"_blank\" rel=\"noopener\"><img decoding=\"async\" aria-describedby=\"caption-attachment-2448\" class=\"wp-image-2448 size-medium\" src=\"https:\/\/assumpcio.alcover.arqtgn.cat\/wp-content\/uploads\/sites\/39\/2022\/07\/Cor_2-300x180.jpeg\" alt=\"\" width=\"300\" height=\"180\" srcset=\"https:\/\/assumpcio.alcover.arqtgn.cat\/wp-content\/uploads\/sites\/39\/2022\/07\/Cor_2-300x180.jpeg 300w, https:\/\/assumpcio.alcover.arqtgn.cat\/wp-content\/uploads\/sites\/39\/2022\/07\/Cor_2-768x461.jpeg 768w, https:\/\/assumpcio.alcover.arqtgn.cat\/wp-content\/uploads\/sites\/39\/2022\/07\/Cor_2.jpeg 1000w\" sizes=\"(max-width: 300px) 100vw, 300px\" \/><\/a><p id=\"caption-attachment-2448\" class=\"wp-caption-text\">Cor de la parr\u00f2quia de l&#8217;Assumpci\u00f3 d&#8217;Alcover<\/p><\/div>\n<p style=\"text-align: justify\"><span style=\"color: #000000\"><strong>Funci\u00f3 del cor<br \/>\n<\/strong>Al cor li competeix l&#8217;elecci\u00f3 encertada dels cants, l&#8217;execuci\u00f3 bella de les seves interpretacions (que no evoquin ni l&#8217;ambient ni la m\u00fasica profana).<\/span><br \/>\n<span style=\"color: #000000\">No ha d&#8217;usar caixes de ritmes dels \u00f2rgans ni teclats. L&#8217;acompliment d&#8217;aquest ministeri ha de posar especial cura en qu\u00e8 el poble participi activament en el cant.<\/span><br \/>\n<span style=\"color: #000000\">Aix\u00ed mateix, ha de posar especial \u00e8mfasi i cura en l&#8217;elecci\u00f3 dels seus cants, tenint en compte el temps lit\u00fargic i la seva espiritualitat, preferint els cants amb text b\u00edblic i formar un repertori propi que busqui que la comunitat expressi la seva fe conforme el proposa l&#8217;Esgl\u00e9sia i el temps lit\u00fargic.<\/span><br \/>\n<span style=\"color: #000000\">Han d&#8217;estar en constant creixement i forjar la seva formaci\u00f3 en l&#8217;\u00e0mbit hum\u00e0, lit\u00fargic, cristi\u00e0 i musical.<\/span><\/p>\n<p><strong><em>El rector: Mn. V\u00edctor Mosquera Ramos<br \/>\n<\/em><\/strong><\/p>\n<div id=\"attachment_2462\" style=\"width: 688px\" class=\"wp-caption aligncenter\"><a href=\"https:\/\/assumpcio.alcover.arqtgn.cat\/wp-content\/uploads\/sites\/39\/2022\/07\/Reina-de-la-Pau-1.jpeg\"><img decoding=\"async\" aria-describedby=\"caption-attachment-2462\" class=\"size-large wp-image-2462\" src=\"https:\/\/assumpcio.alcover.arqtgn.cat\/wp-content\/uploads\/sites\/39\/2022\/07\/Reina-de-la-Pau-1-1024x964.jpeg\" alt=\"\" width=\"678\" height=\"638\" srcset=\"https:\/\/assumpcio.alcover.arqtgn.cat\/wp-content\/uploads\/sites\/39\/2022\/07\/Reina-de-la-Pau-1-1024x964.jpeg 1024w, https:\/\/assumpcio.alcover.arqtgn.cat\/wp-content\/uploads\/sites\/39\/2022\/07\/Reina-de-la-Pau-1-300x283.jpeg 300w, https:\/\/assumpcio.alcover.arqtgn.cat\/wp-content\/uploads\/sites\/39\/2022\/07\/Reina-de-la-Pau-1-768x723.jpeg 768w, https:\/\/assumpcio.alcover.arqtgn.cat\/wp-content\/uploads\/sites\/39\/2022\/07\/Reina-de-la-Pau-1.jpeg 1080w\" sizes=\"(max-width: 678px) 100vw, 678px\" \/><\/a><p id=\"caption-attachment-2462\" class=\"wp-caption-text\"><strong>Grup musical Reina de la Pau Musics<\/strong><\/p><\/div>\n<p><strong style=\"font-size: 16px\"><em><span class=\"d2edcug0 hpfvmrgz qv66sw1b c1et5uql oi732d6d ik7dh3pa ht8s03o8 a8c37x1j fe6kdd0r mau55g9w c8b282yb keod5gw0 nxhoafnm aigsh9s9 d3f4x2em hrzyx87i o3w64lxj b2s5l15y hnhda86s oo9gr5id hzawbc8m\" dir=\"auto\" style=\"color: #000000\"><span class=\"a8c37x1j ni8dbmo4 stjgntxs l9j0dhe7\">Reina de la Pau Musics<br \/>\n<\/span><\/span><\/em><\/strong><em style=\"font-size: 16px\"><span style=\"color: #000000\"><strong>Us compartim una mostra del nostre proper primer treball discogr\u00e0fic que presentarem pr\u00f2ximament. Desitjem us agradi!<br \/>\n<\/strong><\/span><\/em><strong><a href=\"https:\/\/www.facebook.com\/reinadelapaumusics\">https:\/\/www.facebook.com\/reinadelapaumusics<\/a><br \/>\n<a href=\"https:\/\/assumpcio.alcover.arqtgn.cat\/\"><img loading=\"lazy\" decoding=\"async\" class=\"size-full wp-image-3242 alignright\" src=\"https:\/\/assumpcio.alcover.arqtgn.cat\/wp-content\/uploads\/sites\/39\/2022\/10\/Yo2Q.gif\" alt=\"\" width=\"64\" height=\"64\" \/><\/a><br \/>\n<\/strong><\/p>\n","protected":false},"excerpt":{"rendered":"<p>S\u00f3n els ministres encarregats del servei de la m\u00fasica en les celebracions lit\u00fargiques, executant les parts cantades que li corresponen, promovent primordialment la participaci\u00f3 activa del poble. 1.- S\u00f3n cristians <a class=\"more-link\" href=\"https:\/\/assumpcio.alcover.arqtgn.cat\/?page_id=498\">Continue Reading &rarr;<\/a><\/p>\n","protected":false},"author":39,"featured_media":0,"parent":0,"menu_order":0,"comment_status":"closed","ping_status":"closed","template":"","meta":{"footnotes":""},"class_list":["post-498","page","type-page","status-publish","hentry"],"_links":{"self":[{"href":"https:\/\/assumpcio.alcover.arqtgn.cat\/index.php?rest_route=\/wp\/v2\/pages\/498","targetHints":{"allow":["GET"]}}],"collection":[{"href":"https:\/\/assumpcio.alcover.arqtgn.cat\/index.php?rest_route=\/wp\/v2\/pages"}],"about":[{"href":"https:\/\/assumpcio.alcover.arqtgn.cat\/index.php?rest_route=\/wp\/v2\/types\/page"}],"author":[{"embeddable":true,"href":"https:\/\/assumpcio.alcover.arqtgn.cat\/index.php?rest_route=\/wp\/v2\/users\/39"}],"replies":[{"embeddable":true,"href":"https:\/\/assumpcio.alcover.arqtgn.cat\/index.php?rest_route=%2Fwp%2Fv2%2Fcomments&post=498"}],"version-history":[{"count":22,"href":"https:\/\/assumpcio.alcover.arqtgn.cat\/index.php?rest_route=\/wp\/v2\/pages\/498\/revisions"}],"predecessor-version":[{"id":3280,"href":"https:\/\/assumpcio.alcover.arqtgn.cat\/index.php?rest_route=\/wp\/v2\/pages\/498\/revisions\/3280"}],"wp:attachment":[{"href":"https:\/\/assumpcio.alcover.arqtgn.cat\/index.php?rest_route=%2Fwp%2Fv2%2Fmedia&parent=498"}],"curies":[{"name":"wp","href":"https:\/\/api.w.org\/{rel}","templated":true}]}}