{"id":507,"date":"2022-05-26T20:29:06","date_gmt":"2022-05-26T18:29:06","guid":{"rendered":"http:\/\/assumpcio.alcover.arqtgn.cat\/?page_id=507"},"modified":"2023-04-22T11:36:59","modified_gmt":"2023-04-22T09:36:59","slug":"fotos","status":"publish","type":"page","link":"https:\/\/assumpcio.alcover.arqtgn.cat\/?page_id=507","title":{"rendered":"Corpus any 2022, Alcover"},"content":{"rendered":"<p><iframe title=\"Corpus Christi Alcover 2022\" width=\"678\" height=\"381\" src=\"https:\/\/www.youtube.com\/embed\/bS9W-ymqGTg?feature=oembed\" frameborder=\"0\" allow=\"accelerometer; autoplay; clipboard-write; encrypted-media; gyroscope; picture-in-picture; web-share\" allowfullscreen><\/iframe><\/p>\n<p style=\"text-align: justify\"><span style=\"color: #000000\"><span style=\"font-size: 16px\"><strong>SOLEMNITAT DEL CORPUS CHRISTI 2022 &#8211; ALCOVER<\/strong><br \/>\n<\/span><span style=\"font-size: 16px\">El passat diumenge dia 19 de juny amb la celebraci\u00f3 preliminar de la santa eucaristia concelebrada per als mossens de la vila, des de la parr\u00f2quia de l&#8217;Assumpci\u00f3 d&#8217;Alcover, comen\u00e7ava la celebraci\u00f3 de la festa del Corpus del qual va tornar a sortir per primer cop despr\u00e9s de la pand\u00e8mia del coronavirus per als carrers de la vila, ja que no ho feia des de l&#8217;any 2019, creant una gran expectaci\u00f3 entre els fidels presents que es van apropar a aquest esdeveniment popular i religi\u00f3s.<br \/>\n<\/span><span style=\"font-size: 16px\">Per protocol aquesta process\u00f3 l&#8217;obria part del seguici popular, els caps grossos, els gegants de la vila, penons d&#8217;entitats religioses, portant sota pal\u00b7li la preciosa Cust\u00f2dia g\u00f2tica del s.XV pel rector Mn. V\u00edctor Mosquera Ramos i preveres.<br \/>\n<\/span><span style=\"font-size: 16px\">Com \u00e9s tradicional, hi figurava tamb\u00e9 un nombr\u00f3s grup de nens i nenes que han fet la primera comuni\u00f3 aquest any. Tancaven la comitiva les autoritats municipals de la vila encap\u00e7alada per l&#8217;alcalde, Sr. Robert Figueras Roca.<br \/>\n<\/span><strong><span style=\"font-size: 16px\">\ud835\ude0d\ud835\ude30\ud835\ude35\ud835\ude30\ud835\ude34 \ud835\ude28\ud835\ude26\ud835\ude2f\ud835\ude35\ud835\ude2a\ud835\ude2d\ud835\ude26\ud835\ude34\ud835\ude22 \ud835\ude25\ud835\ude26:<br \/>\n<\/span><span style=\"font-size: 16px\">\ud835\ude17\ud835\ude22\ud835\ude33\ud835\ude33\ud835\ude30\u0300\ud835\ude32\ud835\ude36\ud835\ude2a\ud835\ude22 \ud835\ude25\ud835\ude26 \ud835\ude2d\u2019\ud835\ude08\ud835\ude34\ud835\ude34\ud835\ude36\ud835\ude2e\ud835\ude31\ud835\ude24\ud835\ude2a\ud835\ude30\u0301 \ud835\ude2a \ud835\ude17\ud835\ude22\ud835\ude32\ud835\ude36\ud835\ude2a\u0301 \ud835\ude19\ud835\ude30\ud835\ude25\ud835\ude33\ud835\ude2a\u0301\ud835\ude28\ud835\ude36\ud835\ude26\ud835\ude3b<br \/>\n<em><br \/>\nEl Rector: Mn. V\u00edctor Mosquera Ramos<\/em><\/span><\/strong><\/span><\/p>\n","protected":false},"excerpt":{"rendered":"<p>SOLEMNITAT DEL CORPUS CHRISTI 2022 &#8211; ALCOVER El passat diumenge dia 19 de juny amb la celebraci\u00f3 preliminar de la santa eucaristia concelebrada per als mossens de la vila, des <a class=\"more-link\" href=\"https:\/\/assumpcio.alcover.arqtgn.cat\/?page_id=507\">Continue Reading &rarr;<\/a><\/p>\n","protected":false},"author":39,"featured_media":0,"parent":0,"menu_order":0,"comment_status":"closed","ping_status":"closed","template":"","meta":{"footnotes":""},"class_list":["post-507","page","type-page","status-publish","hentry"],"_links":{"self":[{"href":"https:\/\/assumpcio.alcover.arqtgn.cat\/index.php?rest_route=\/wp\/v2\/pages\/507","targetHints":{"allow":["GET"]}}],"collection":[{"href":"https:\/\/assumpcio.alcover.arqtgn.cat\/index.php?rest_route=\/wp\/v2\/pages"}],"about":[{"href":"https:\/\/assumpcio.alcover.arqtgn.cat\/index.php?rest_route=\/wp\/v2\/types\/page"}],"author":[{"embeddable":true,"href":"https:\/\/assumpcio.alcover.arqtgn.cat\/index.php?rest_route=\/wp\/v2\/users\/39"}],"replies":[{"embeddable":true,"href":"https:\/\/assumpcio.alcover.arqtgn.cat\/index.php?rest_route=%2Fwp%2Fv2%2Fcomments&post=507"}],"version-history":[{"count":19,"href":"https:\/\/assumpcio.alcover.arqtgn.cat\/index.php?rest_route=\/wp\/v2\/pages\/507\/revisions"}],"predecessor-version":[{"id":5093,"href":"https:\/\/assumpcio.alcover.arqtgn.cat\/index.php?rest_route=\/wp\/v2\/pages\/507\/revisions\/5093"}],"wp:attachment":[{"href":"https:\/\/assumpcio.alcover.arqtgn.cat\/index.php?rest_route=%2Fwp%2Fv2%2Fmedia&parent=507"}],"curies":[{"name":"wp","href":"https:\/\/api.w.org\/{rel}","templated":true}]}}