{"id":523,"date":"2022-05-26T20:45:25","date_gmt":"2022-05-26T18:45:25","guid":{"rendered":"http:\/\/assumpcio.alcover.arqtgn.cat\/?page_id=523"},"modified":"2022-10-02T11:58:49","modified_gmt":"2022-10-02T09:58:49","slug":"el-consell-pastoral","status":"publish","type":"page","link":"https:\/\/assumpcio.alcover.arqtgn.cat\/?page_id=523","title":{"rendered":"El Consell Pastoral"},"content":{"rendered":"<p><strong>EL CONSELL PASTORAL PARROQUIAL<\/strong><\/p>\n<p style=\"text-align: justify\"><strong><img decoding=\"async\" class=\"alignleft wp-image-2429 size-full\" src=\"https:\/\/assumpcio.alcover.arqtgn.cat\/wp-content\/uploads\/sites\/39\/2022\/07\/consell_parroquial.jpeg\" alt=\"\" width=\"196\" height=\"231\" \/><\/strong><span style=\"color: #000000\"><strong>El Consell Pastoral Parroquial<\/strong> \u00e9s un organisme estimat per l&#8217;Esgl\u00e9sia com la millor forma de participaci\u00f3 dels fidels a la nostra parr\u00f2quia, en comuni\u00f3 amb el rector.<\/span><br \/>\n<span style=\"color: #000000\">Un consell pastoral parroquial de pastoral (CPP) \u00e9s un organisme molt important i volgut per l&#8217;Esgl\u00e9sia a favor de la vida parroquial perqu\u00e8 <strong>\u00e9s la millor forma de participaci\u00f3 dels fidels en la parr\u00f2quia, en comuni\u00f3 amb el rector<\/strong>.<\/span><br \/>\n<span style=\"color: #000000\">El <strong>Consell Pastoral Parroquial<\/strong> el presideix el Sr. Rector de la parr\u00f2quia i en formen part del consell els preveres, vicaris de la Parr\u00f2quia, un representant de les Comunitats Religioses, un representant dels diferents equips i grups que realitzen la seva acci\u00f3 a la Parr\u00f2quia, i segons les Normes de funcionament es renova cada ser temps.<\/span><br \/>\n<span style=\"color: #000000\">Aquesta novetat institucional molt recomanada pel Concili Vatic\u00e0 II <em>(<span style=\"color: #800000\"><a style=\"color: #800000\" href=\"https:\/\/www.vatican.va\/archive\/hist_councils\/ii_vatican_council\/documents\/vat-ii_decree_19651028_christus-dominus_sp.html\">Christus\u00a0Dominus\u00a027<\/a>, i\u00a0<\/span><\/em><span style=\"color: #800000\"><a style=\"color: #800000\" href=\"https:\/\/www.vatican.va\/archive\/hist_councils\/ii_vatican_council\/documents\/vat-ii_decree_19651207_presbyterorum-ordinis_sp.html\"><em>Presbiterorum\u00a0Ordinis, 7<\/em><\/a><\/span><em>)<\/em> est\u00e0 regulada b\u00e0sicament en el <em>(<\/em><span style=\"color: #800000\"><a style=\"color: #800000\" href=\"https:\/\/www.vatican.va\/archive\/cod-iuris-canonici\/esp\/documents\/cic_libro2_cann511-514_sp.html\"><em>dret can\u00f2nic en els cc. 511-514<\/em><\/a><\/span><em>).<\/em><\/span><\/p>\n<p style=\"text-align: justify\"><span style=\"color: #000000\"><strong>Naturalesa<br \/>\n<\/strong>&#8220;Si \u00e9s oport\u00fa, segons el parer del bisbe dioces\u00e0, sentit el consell presbiteral, es constituir\u00e0 en cada parr\u00f2quia un consell pastoral, que presideix el rector i en el qual els fidels, juntament amb aquells que participen pel seu ofici en la cura pastoral de la parr\u00f2quia, prestin la seva <strong>col\u00b7laboraci\u00f3 per al foment de l&#8217;activitat pastoral<\/strong>&#8221; (<span style=\"color: #800000\"><a style=\"color: #800000\" href=\"https:\/\/www.vatican.va\/archive\/cod-iuris-canonici\/esp\/documents\/cic_libro2_cann515-552_sp.html\">cfr Ca. 536, 1<\/a><\/span>).<\/span><br \/>\n<span style=\"color: #000000\">Aquest organisme parroquial <strong>no es pot confondre amb una Junta Parroquial o amb el consell econ\u00f2mic<\/strong>.<\/span><\/p>\n<p style=\"text-align: justify\"><span style=\"color: #000000\"><strong>Caracter\u00edstiques del consell parroquial de pastoral<br \/>\n<span style=\"color: #800000\">1.-<\/span><\/strong> Consultiu: Consulta vol dir di\u00e0leg sincer i profund per a donar llum en els diferents assumptes de cara a la seva posterior execuci\u00f3. I encara que el\u00a0CPP\u00a0t\u00e9 vot merament consultiu (<a style=\"color: #000000\" href=\"https:\/\/www.vatican.va\/archive\/cod-iuris-canonici\/esp\/documents\/cic_libro2_cann515-552_sp.html\"><span style=\"color: #800000\">cfr\u00a0ca 536, 2<\/span><\/a>) el rector est\u00e0 en l&#8217;obligaci\u00f3 d&#8217;escoltar-lo per a elaborar i implementar la programaci\u00f3 pastoral de la parr\u00f2quia. Al rector li correspon prendre les decisions despr\u00e9s d&#8217;haver escoltat el parer del\u00a0CPP.<\/span><br \/>\n<span style=\"color: #000000\"><strong><span style=\"color: #800000\">2.-<\/span><\/strong> Representatiu: Tots els moviments, grups apost\u00f2lics, membres dels diferents sectors de la societat estaran representats en el consell. El consell \u00e9s com el mirall de la parr\u00f2quia.<\/span><br \/>\n<span style=\"color: #000000\"><strong><span style=\"color: #800000\">3.-<\/span><\/strong> Permanent: \u00e9s a dir, gaudeix d&#8217;una certa estabilitat encara que els membres han de renovar-se peri\u00f2dicament.<\/span><\/p>\n<p style=\"text-align: justify\"><span style=\"color: #000000\"><strong>Formaci\u00f3 del\u00a0CPP<br \/>\n<\/strong>Abans de nomenar el\u00a0CPP\u00a0conv\u00e9 que el rector dugui a terme una campanya de conscienciaci\u00f3 i preparaci\u00f3 en tota la seva comunitat parroquial.<\/span><br \/>\n<span style=\"color: #000000\"><strong>El rector nomena i convoca als qui per la seva compet\u00e8ncia, prestigi i coneixements (<\/strong><\/span><span style=\"color: #800000\"><strong><a style=\"color: #800000\" href=\"https:\/\/www.vatican.va\/archive\/cod-iuris-canonici\/cic_index_sp.html\">cfr\u00a0ca 212,3<\/a><\/strong><\/span><span style=\"color: #000000\"><strong>) poden formar part del\u00a0CPP. El rector determina la quantitat de persones que integren el\u00a0CPP<\/strong>, els justos.<\/span><br \/>\n<span style=\"color: #000000\">\u00c9s aconsellable que el rector nomeni membres del\u00a0CPP\u00a0als responsables dels diferents grups apost\u00f2lics, als coordinadors de les diferents accions pastorals.<\/span><br \/>\n<span style=\"color: #000000\">I si el rector ho estima convenient i on les circumst\u00e0ncies ho permetin, una part dels membres del\u00a0CPP\u00a0pot ser triada pels fidels que estiguin integrats en la comunitat parroquial.<\/span><\/p>\n<p style=\"text-align: justify\"><span style=\"color: #000000\"><strong>Organitzaci\u00f3 del CPP<br \/>\n<\/strong>El <strong>rector<\/strong> \u00e9s el pastor propi de la parr\u00f2quia i per tant, responsable de la pastoral parroquial; per ra\u00f3 d&#8217;aix\u00f2, ell \u00e9s el <strong>president del CPP<\/strong>.<\/span><br \/>\n<span style=\"color: #000000\">Una vegada es coneixen els membres del CPP, el rector procedeix a convocar-los i en la primera reuni\u00f3 s&#8217;organitzen per iniciativa del rector o, si ell aix\u00ed ho determina, per elecci\u00f3 dels integrants per a triar moderador i secretari.<\/span><br \/>\n<span style=\"color: #000000\"><strong>L&#8217;agenda per a cada reuni\u00f3 del CPP la determina el rector<\/strong>. L&#8217;ideal \u00e9s que aquests c\u00e0rrecs de moderador i de secretari tinguin una durada m\u00ednima d&#8217;entre tres anys i m\u00e0xima de cinc.<\/span><br \/>\n<span style=\"color: #000000\">El <strong>moderador<\/strong> \u00e9s l&#8217;encarregat d&#8217;elaborar, d&#8217;acord amb el rector, l&#8217;agenda de cada reuni\u00f3 i promou i coordina la participaci\u00f3 responsable dels integrants.<\/span><\/p>\n<p style=\"text-align: justify\"><span style=\"color: #000000\"><strong>Funcions del\u00a0CPP<br \/>\n<span style=\"color: #800000\">1.-<\/span><\/strong> Poden els membres del CPP <strong>suggerir-li al rector els assumptes a tractar<\/strong> en les sessions del CPP.<\/span><br \/>\n<span style=\"color: #000000\"><span style=\"color: #800000\"><strong>2.-<\/strong><\/span> <strong>Els membres del CPP han de participar creativa i activament en totes les seves reunions i manifestar amb llibertat les seves opinions sobre tot all\u00f2 que s\u00f3n consultats<\/strong>.<\/span><br \/>\n<span style=\"color: #000000\"><strong><span style=\"color: #800000\">3.-<\/span><\/strong> <strong>Avaluar<\/strong> peri\u00f2dicament els programes pastorals i les diferents activitats de la parr\u00f2quia.<\/span><br \/>\n<span style=\"color: #000000\"><strong><span style=\"color: #800000\">4.-<\/span><\/strong> <strong>Suggerir al rector noms de fidels amb els carismes i les qualitats que puguin contribuir a l&#8217;animaci\u00f3<\/strong> de la pastoral parroquial.<\/span><br \/>\n<span style=\"color: #000000\"><strong><span style=\"color: #800000\">5.-<\/span><\/strong> <strong>Aconsellar al rector per a dividir la parr\u00f2quia en sectors<\/strong> per a una atenci\u00f3 m\u00e9s eficient.<\/span><br \/>\n<span style=\"color: #000000\"><strong><span style=\"color: #800000\">6.-<\/span><\/strong> <strong>Determinar metes, objectius i indicadors<\/strong> pastorals perqu\u00e8 l&#8217;activitat sigui harm\u00f2nica i planificada.<\/span><br \/>\n<span style=\"color: #000000\"><strong><span style=\"color: #800000\">7.-<\/span><\/strong> <strong>Ajudar al rector perqu\u00e8 tingui una visi\u00f3 m\u00e9s clara<\/strong> de la realitat de la seva parr\u00f2quia. Els membres seran com els ulls de rector perqu\u00e8 vegi les necessitats dels fidels, principalment espirituals. (<a style=\"color: #000000\" href=\"https:\/\/www.vatican.va\/archive\/cod-iuris-canonici\/cic_index_sp.html\">cfr ca. 212, 2 i 3<\/a>).<\/span><br \/>\n<span style=\"color: #000000\"><strong><span style=\"color: #800000\">8.-<\/span><\/strong> Ajudar al rector <strong>en la distribuci\u00f3 de les tasques<\/strong> a favor d&#8217;una acci\u00f3 pastoral m\u00e9s efica\u00e7.<\/span><\/p>\n<p style=\"text-align: justify\"><span style=\"color: #000000\">En alguns llocs s&#8217;utilitza l&#8217;expressi\u00f3 &#8220;Mesa Llatina&#8221; o hispana o taula rodona parroquial per a denominar agrupacions similars als consells pastorals parroquials, per\u00f2 can\u00f2nicament aquest terme no existeix.<\/span><\/p>\n<p><strong><em>El rector: Mn. V\u00edctor Mosquera Ramos<\/em><\/strong><br \/>\n<strong><em>Vicari episcopal per a l\u2019administraci\u00f3 dels b\u00e9ns de l\u2019Esgl\u00e9sia i l\u2019economia diocesana<br \/>\n<a href=\"https:\/\/assumpcio.alcover.arqtgn.cat\/\"><img decoding=\"async\" class=\"size-full wp-image-3242 alignright\" src=\"https:\/\/assumpcio.alcover.arqtgn.cat\/wp-content\/uploads\/sites\/39\/2022\/10\/Yo2Q.gif\" alt=\"\" width=\"64\" height=\"64\" \/><\/a><br \/>\n<\/em><\/strong><\/p>\n","protected":false},"excerpt":{"rendered":"<p>EL CONSELL PASTORAL PARROQUIAL El Consell Pastoral Parroquial \u00e9s un organisme estimat per l&#8217;Esgl\u00e9sia com la millor forma de participaci\u00f3 dels fidels a la nostra parr\u00f2quia, en comuni\u00f3 amb el <a class=\"more-link\" href=\"https:\/\/assumpcio.alcover.arqtgn.cat\/?page_id=523\">Continue Reading &rarr;<\/a><\/p>\n","protected":false},"author":39,"featured_media":0,"parent":0,"menu_order":0,"comment_status":"closed","ping_status":"closed","template":"","meta":{"footnotes":""},"class_list":["post-523","page","type-page","status-publish","hentry"],"_links":{"self":[{"href":"https:\/\/assumpcio.alcover.arqtgn.cat\/index.php?rest_route=\/wp\/v2\/pages\/523","targetHints":{"allow":["GET"]}}],"collection":[{"href":"https:\/\/assumpcio.alcover.arqtgn.cat\/index.php?rest_route=\/wp\/v2\/pages"}],"about":[{"href":"https:\/\/assumpcio.alcover.arqtgn.cat\/index.php?rest_route=\/wp\/v2\/types\/page"}],"author":[{"embeddable":true,"href":"https:\/\/assumpcio.alcover.arqtgn.cat\/index.php?rest_route=\/wp\/v2\/users\/39"}],"replies":[{"embeddable":true,"href":"https:\/\/assumpcio.alcover.arqtgn.cat\/index.php?rest_route=%2Fwp%2Fv2%2Fcomments&post=523"}],"version-history":[{"count":23,"href":"https:\/\/assumpcio.alcover.arqtgn.cat\/index.php?rest_route=\/wp\/v2\/pages\/523\/revisions"}],"predecessor-version":[{"id":3288,"href":"https:\/\/assumpcio.alcover.arqtgn.cat\/index.php?rest_route=\/wp\/v2\/pages\/523\/revisions\/3288"}],"wp:attachment":[{"href":"https:\/\/assumpcio.alcover.arqtgn.cat\/index.php?rest_route=%2Fwp%2Fv2%2Fmedia&parent=523"}],"curies":[{"name":"wp","href":"https:\/\/api.w.org\/{rel}","templated":true}]}}