{"id":526,"date":"2022-05-26T20:47:02","date_gmt":"2022-05-26T18:47:02","guid":{"rendered":"http:\/\/assumpcio.alcover.arqtgn.cat\/?page_id=526"},"modified":"2022-10-01T20:39:34","modified_gmt":"2022-10-01T18:39:34","slug":"explicacio-segons-cic","status":"publish","type":"page","link":"https:\/\/assumpcio.alcover.arqtgn.cat\/?page_id=526","title":{"rendered":"Explicaci\u00f3 segons CIC"},"content":{"rendered":"<p style=\"text-align: justify\"><span style=\"color: #000000\"><strong>TRANSPAR\u00c8NCIA I RENDICI\u00d3 DE COMPTES<br \/>\n<span style=\"color: #000000\"><a style=\"color: #000000\" href=\"http:\/\/www.tribunaleclesiasticbarcelona.org\/ca\/codi\" target=\"_blank\" rel=\"noopener\">Codi de Dret Can\u00f2nic<\/a><\/span><\/strong><\/span><\/p>\n<p style=\"text-align: justify\"><span style=\"color: #000000\"><strong>PRE\u00c0MBUL<\/strong><\/span><\/p>\n<div id=\"attachment_2483\" style=\"width: 229px\" class=\"wp-caption alignleft\"><a href=\"http:\/\/www.tribunaleclesiasticbarcelona.org\/ca\/codi\" target=\"_blank\" rel=\"noopener\"><img fetchpriority=\"high\" decoding=\"async\" aria-describedby=\"caption-attachment-2483\" class=\"wp-image-2483 size-medium\" src=\"https:\/\/assumpcio.alcover.arqtgn.cat\/wp-content\/uploads\/sites\/39\/2022\/07\/Codi-de-dret-canonic-219x300.jpeg\" alt=\"\" width=\"219\" height=\"300\" srcset=\"https:\/\/assumpcio.alcover.arqtgn.cat\/wp-content\/uploads\/sites\/39\/2022\/07\/Codi-de-dret-canonic-219x300.jpeg 219w, https:\/\/assumpcio.alcover.arqtgn.cat\/wp-content\/uploads\/sites\/39\/2022\/07\/Codi-de-dret-canonic.jpeg 486w\" sizes=\"(max-width: 219px) 100vw, 219px\" \/><\/a><p id=\"caption-attachment-2483\" class=\"wp-caption-text\"><span style=\"color: #800000\"><strong>Codi de Dret Can\u00f2nic<\/strong><\/span><\/p><\/div>\n<p style=\"text-align: justify\"><span style=\"color: #000000\">L&#8217;efectiva implantaci\u00f3 de les normes del <strong><span style=\"color: #800000\"><a style=\"color: #800000\" href=\"http:\/\/www.tribunaleclesiasticbarcelona.org\/ca\/codi_de_dret_can%C3%B2nic\/llibreV\" target=\"_blank\" rel=\"noopener\">llibre cinqu\u00e8 del codi de Dret Can\u00f2nic<\/a><\/span><\/strong>, unit a la nova regulaci\u00f3 civil en <strong>mat\u00e8ria fiscal comptable i de transpar\u00e8ncia<\/strong>, fan necessari la implantaci\u00f3 del sistema de rendici\u00f3 dels comptes per a totes les corporacions i fundacions d&#8217;Esgl\u00e9sia Cat\u00f2lica d&#8217;Espanya.<\/span><\/p>\n<p style=\"text-align: justify\"><span style=\"color: #000000\">Aquestes corporacions i institucions, en el pla econ\u00f2mic i fiscal, van ser incloses en <strong><span style=\"color: #800000\"><a style=\"color: #800000\" href=\"https:\/\/www.vatican.va\/roman_curia\/secretariat_state\/archivio\/documents\/rc_seg-st_19790103_santa-sede-spagna_sp.html\" target=\"_blank\" rel=\"noopener\">l&#8217;article cinqu\u00e8 de l&#8217;acord entre la Santa Seu i l&#8217;Estat espanyol de 3 de gener de 1979<\/a><\/span><\/strong>. Aquest esment en l&#8217;article cinqu\u00e8 d&#8217;acord ha perm\u00e8s a les mateixes participar almenys dels mateixos beneficis que la legislaci\u00f3 civil concedeix a les entitats no lucratives i en tot cas per a les entitats ben\u00e8fiques privades.<\/span><\/p>\n<p style=\"text-align: justify\"><span style=\"color: #000000\">Des de la data de la signatura de l&#8217;acord, s&#8217;han produ\u00eft importants modificacions en el r\u00e8gim econ\u00f2mic i fiscal del sector no lucratiu al nostre pa\u00eds. <strong><span style=\"color: #800000\"><a style=\"color: #800000\" href=\"https:\/\/www.boe.es\/boe_catalan\/dias\/2003\/01\/21\/pdfs\/A00550-00563.pdf\" target=\"_blank\" rel=\"noopener\">La llei 49\/2002, de 23 de desembre<\/a><\/span><\/strong>, de r\u00e8gim fiscal d&#8217;entitats sense fins lucratius, ha configurat tot un r\u00e8gim fiscal propi a les quals aquestes entitats accedeixen pr\u00e8via sol\u00b7licitud.<\/span><\/p>\n<p style=\"text-align: justify\"><span style=\"color: #000000\">En l&#8217;\u00e0mbit civil, les entitats que poden accedir a aquest r\u00e8gim estan sotmeses a sistemes de control, rendici\u00f3 de comptes i fins i tot, a un protectorat que vetlla per l&#8217;aplicaci\u00f3 adequada dels recursos als fins previstos, aix\u00ed com del dest\u00ed dels beneficis fiscals concedits.<\/span><\/p>\n<p style=\"text-align: justify\"><span style=\"color: #000000\">Urgia, en conseq\u00fc\u00e8ncia, en l&#8217;\u00e0mbit de les entitats religioses, establir un mecanisme de tutela rendici\u00f3 de comptes que sent conforme amb la legislaci\u00f3 can\u00f2nica, ofer\u00eds un nivell de garantia i transpar\u00e8ncia equivalent al de la resta d&#8217;entitats en l&#8217;\u00e0mbit civil.<\/span><\/p>\n<p style=\"text-align: justify\"><span style=\"color: #000000\">L&#8217;\u00e0mbit d&#8217;aplicaci\u00f3 de les presents normes ve marcat pel nivell competencial de la Di\u00f2cesi, en relaci\u00f3 amb les entitats que hagin de rendir comptes al Bisbe Dioces\u00e0.<\/span><\/p>\n<p style=\"text-align: justify\"><span style=\"color: #000000\"><strong>ARTICULAT<\/strong><\/span><\/p>\n<p style=\"text-align: justify\"><span style=\"color: #000000\"><strong>Article 1. \u00c0mbit d&#8217;actuaci\u00f3.<\/strong><\/span><\/p>\n<ol style=\"text-align: justify\">\n<li><span style=\"color: #000000\">Les entitats religioses que hagin estat erigides o aprovades per la Di\u00f2cesi i que conforme al Dret Can\u00f2nic o als seus estatuts estiguin subjectes als mecanismes de vigil\u00e0ncia econ\u00f2mic-patrimonial, control de comptes i supervisi\u00f3 s&#8217;ajustaran al regulat en les presents normes.<strong style=\"font-size: 16px\">\u00a0<\/strong><\/span><\/li>\n<\/ol>\n<ol style=\"text-align: justify\" start=\"2\">\n<li><span style=\"color: #000000\">A l&#8217;oficina de transpar\u00e8ncia i rendici\u00f3 de comptes se li deleguen les facultats de:<strong style=\"font-size: 16px\">\u00a0<\/strong><\/span><\/li>\n<\/ol>\n<ol style=\"text-align: justify\" start=\"3\">\n<li><span style=\"color: #000000\">Rebre els comptes de les entitats subjectes a l&#8217;obligaci\u00f3 de rendici\u00f3, i realitzar les actuacions conformes al concepte rendici\u00f3 de comptes que s&#8217;explicita en el present reglament.<\/span><\/li>\n<\/ol>\n<ol style=\"text-align: justify\" start=\"4\">\n<li><span style=\"color: #000000\">Fer les tasques de supervisi\u00f3 i vigil\u00e0ncia de l&#8217;activitat econ\u00f2mic-patrimonial que desenvolupen aquestes entitats en funci\u00f3 de la normativa vigent i del que s&#8217;estableix en els seus estatuts.<\/span><\/li>\n<\/ol>\n<ol style=\"text-align: justify\" start=\"5\">\n<li><span style=\"color: #000000\">Emetre document acreditatiu de la rendici\u00f3 de comptes a favor de l&#8217;entitat que ha realitzat aquesta rendici\u00f3.<\/span><\/li>\n<\/ol>\n<ol style=\"text-align: justify\" start=\"6\">\n<li><span style=\"color: #000000\">Con\u00e8ixer i aprovar, en els casos que correspongui, el pla d&#8217;actuaci\u00f3 de l&#8217;entitat, conforme a les directrius i models de la confer\u00e8ncia episcopal.<\/span><\/li>\n<\/ol>\n<p style=\"text-align: justify\"><span style=\"color: #000000\"><strong>Article 2. El concepte de rendici\u00f3 de comptes.<\/strong><strong>\u00a0<\/strong><\/span><\/p>\n<p style=\"text-align: justify\"><span style=\"color: #000000\">El proc\u00e9s de rendici\u00f3 de comptes de les entitats obligades consistir\u00e0 en el seg\u00fcent:<\/span><\/p>\n<p><span style=\"color: #000000\"><span style=\"color: #000000\"><span style=\"color: #000000\"><span style=\"color: #000000\"><span style=\"color: #000000\"><strong>a.<\/strong> Les entitats hauran de remetre a la Di\u00f2cesi dins del termini i en la forma escaient els comptes corresponents a l&#8217;exercici econ\u00f2mic en els formats aprovats a aquest efecte.<\/span><\/span><\/span><\/span><\/span><\/p>\n<p><strong>b.<\/strong> L&#8217;oficina podr\u00e0 sol\u00b7licitar informaci\u00f3 aclaridora per a la correcta interpretaci\u00f3 dels comptes.<\/p>\n<p style=\"text-align: justify\"><span style=\"color: #000000;font-size: 16px\"><strong>c.<\/strong> La rendici\u00f3 de comptes no suposar\u00e0, en cap cas, l&#8217;aprovaci\u00f3 dels comptes ni la realitzaci\u00f3 d&#8217;una auditoria d&#8217;aquestes. Tampoc es tracta d&#8217;un mer dip\u00f2sit de comptes. Rendir comptes suposa oferir a l&#8217;autoritat eclesi\u00e0stica una informaci\u00f3 suficient de la seva situaci\u00f3 sense que aix\u00f2 suposi responsabilitat directa de la Di\u00f2cesi sobre l&#8217;actuaci\u00f3 de l&#8217;entitat, per\u00f2 s\u00ed un coneixement general de l&#8217;actuaci\u00f3 realitzada.<\/span><span style=\"color: #000000\"><span style=\"color: #000000\"><span style=\"color: #000000\">d. Una vegada rebuda i analitzada tota la informaci\u00f3 pertinent, l&#8217;oficina emetr\u00e0 certificat en el qual consti aquesta rendici\u00f3, procedint al registre i arxiu de la documentaci\u00f3.<\/span><\/span><\/span><\/p>\n<p style=\"text-align: justify\"><strong>e.<\/strong> L&#8217;oficina, si ho estima oport\u00fa, podr\u00e0 emetre un informe de recomanacions en relaci\u00f3 amb els comptes presentats juntament amb la certificaci\u00f3.<\/p>\n<p style=\"text-align: justify\"><strong>f.<\/strong> Quan de la rendici\u00f3 de comptes realitzada es desprengui una possible situaci\u00f3 greu des del punt de vista econ\u00f2mic o una actuaci\u00f3 que pogu\u00e9s ser contr\u00e0ria a alguna norma can\u00f2nica, l&#8217;oficina comunicar\u00e0, en primera inst\u00e0ncia, aquesta circumst\u00e0ncia a l&#8217;entitat amb l&#8217;objectiu que sigui esmenada. En cas contrari, l&#8217;oficina emetr\u00e0 document acreditatiu del seu rendiment de comptes expressant aquesta situaci\u00f3, remetent c\u00f2pia a l&#8217;\u00f2rgan corresponent a la secretaria-Canceller als efectes oportuns.<\/p>\n<p style=\"text-align: justify\"><strong>g.<\/strong> Quan en la rendici\u00f3 de comptes en els termes previstos es posi de manifest una presumpta situaci\u00f3 greu que contravingui la normativa civil, l&#8217;oficina comunicar\u00e0 aquesta situaci\u00f3 a l&#8217;entitat, per a la seva verificaci\u00f3 i, en el seu cas possible esmena. En cas que l&#8217;entitat no resolgu\u00e9s la situaci\u00f3, es comunicar\u00e0 aquesta conting\u00e8ncia a l&#8217;autoritat civil, sense menyscapte de les actuacions que derivin de la normativa can\u00f2nica.<\/p>\n<p style=\"text-align: justify\"><strong style=\"font-size: 16px\">Article 3. Persones Jur\u00eddiques P\u00fabliques: Parr\u00f2quies, Fundacions, Associacions p\u00fabliques de fidels i altres institucions p\u00fabliques.<\/strong><\/p>\n<p><strong>1.<\/strong> Les persones jur\u00eddiques p\u00fabliques, dependents del Bisbe Dioces\u00e0, en funci\u00f3 del que es preveu en el codi de dret can\u00f2nic deuran:<\/p>\n<p style=\"text-align: justify\"><strong>a.<\/strong> Rendir comptes a l&#8217;oficina com a representant de l&#8217;autoritat eclesi\u00e0stica competent en els terminis i formats pr\u00e8viament establerts. La rendici\u00f3 de comptes es realitzar\u00e0, almenys, en primera inst\u00e0ncia, mitjan\u00e7ant el lliurament dels comptes anuals en el termini dels cinc mesos seg\u00fcents al tancament de l&#8217;exercici econ\u00f2mic<\/p>\n<p style=\"text-align: justify\"><strong>b.<\/strong> Aclarir tots els aspectes que li siguin requerits en relaci\u00f3 amb els comptes ja sigui per escrit o mitjan\u00e7ant qualsevol altre mitj\u00e0 valgut i de com\u00fa acord.<\/p>\n<p style=\"text-align: justify\"><strong>c.<\/strong> At\u00e8s que l&#8217;administraci\u00f3 dels b\u00e9ns es du a terme sota la superior direcci\u00f3 de l&#8217;autoritat eclesi\u00e0stica, les associacions p\u00fabliques de fidels i les fundacions p\u00fabliques hauran de presentar en els tres mesos anteriors a l&#8217;inici de l&#8217;exercici econ\u00f2mic un pla d&#8217;actuaci\u00f3, segons el format aprovat a aquest efecte que inclour\u00e0 el conjunt d&#8217;activitats previstes a realitzar, aix\u00ed com el pressupost d&#8217;ingressos i despeses previstes per a dur-lo a terme.<\/p>\n<p style=\"text-align: justify\"><strong>d.<\/strong> L&#8217;oficina, en relaci\u00f3 amb el pla d&#8217;actuaci\u00f3, es limitar\u00e0 a verificar que les activitats a realitzar coincideixen amb les previstes en els estatuts i que el pressupost financer \u00e9s consistent amb aquest pla i garanteix la viabilitat de l&#8217;entitat.<span style=\"color: #000000\">e. En el cas de trobar alguna anomalia, a l&#8217;oficina es posar\u00e0 en contacte amb l&#8217;entitat per a sol\u00b7licitar aclariments o indicar recomanacions. Si es detectessin anomalies greus, l&#8217;oficina ho comunicar\u00e0 a l&#8217;autoritat competent perqu\u00e8 actu\u00ef conforme a dret.<\/span><\/p>\n<p style=\"text-align: justify\"><strong>f.<\/strong> En relaci\u00f3 amb les operacions d&#8217;administraci\u00f3 extraordin\u00e0ria, les associacions hauran de comunicar a l&#8217;oficina amb anterioritat a la seva execuci\u00f3 l&#8217;acord de realitzaci\u00f3 d&#8217;aquestes, establint-se un termini m\u00e0xim de dos mesos perqu\u00e8 les examini i pugui, si aix\u00ed ho estima oport\u00fa, emetre informe raonat a l&#8217;autoritat competent sobre la conveni\u00e8ncia o no de la realitzaci\u00f3 d&#8217;aquesta. Tot aix\u00f2 sense perjudici del que s&#8217;estableix en el codi per a les alienacions operacions assimilades, aix\u00ed com per a altres operacions que han estat regulades pel dret particular.<\/p>\n<p style=\"text-align: justify\"><strong>g.<\/strong> L&#8217;actuaci\u00f3 de l&#8217;oficina de transpar\u00e8ncia i rendici\u00f3 de comptes, per al cas de les persones p\u00fabliques, s&#8217;assimilar\u00e0 al paper que realitza el Protectorat per a les fundacions civils, d&#8217;acord amb la normativa vigent.<\/p>\n<p style=\"text-align: justify\"><span style=\"color: #000000\"><strong>\u00a0<\/strong><strong>Article 4. Associacions i fundacions privades.<\/strong><strong>\u00a0<\/strong><\/span><\/p>\n<ol style=\"text-align: justify\">\n<li><span style=\"color: #000000\">Les associacions nacionals privades de fidels, en virtut del c\u00e0non 305 del Codi de dret Can\u00f2nic estan sota la vigil\u00e0ncia de l&#8217;autoritat eclesi\u00e0stica competent, tamb\u00e9 des del punt de vista econ\u00f2mic-patrimonial.<strong style=\"font-size: 16px\">\u00a0<\/strong><\/span><\/li>\n<\/ol>\n<ol style=\"text-align: justify\" start=\"2\">\n<li><span style=\"color: #000000\">Les persones jur\u00eddiques privades hauran de rendir comptes a l&#8217;oficina si aix\u00ed est\u00e0 establert en els seus estatuts, sent les seves obligacions les que estiguin marcades en aquests.<\/span><\/li>\n<\/ol>\n<ol style=\"text-align: justify\" start=\"3\">\n<li><span style=\"color: #000000\">En el cas que aquestes entitats s&#8217;acullin als beneficis fiscals establerts del r\u00e8gim fiscal especial d&#8217;entitats no lucratives, les entitats hauran de rendir comptes en els termes establerts per a les persones p\u00fabliques.<strong style=\"font-size: 16px\">\u00a0<\/strong><\/span><\/li>\n<\/ol>\n<ol style=\"text-align: justify\" start=\"4\">\n<li><span style=\"color: #000000\">Es recomana a totes les entitats privades la rendici\u00f3 de comptes. Per a les entitats privades que no tinguessin obligaci\u00f3, l&#8217;oficina podr\u00e0 sol\u00b7licitar informaci\u00f3 sobre activitat realitzada, sempre en el marc de la labor de vigil\u00e0ncia prevista en el c\u00e0non 305.<\/span><\/li>\n<\/ol>\n<ol style=\"text-align: justify\" start=\"5\">\n<li><span style=\"color: #000000\">L&#8217;oficina podr\u00e0 certificar, a requeriment de l&#8217;autoritat civil o per iniciativa pr\u00f2pia, el fet que una entitat privada no li rendeix comptes.<strong style=\"font-size: 16px\">\u00a0<\/strong><\/span><\/li>\n<\/ol>\n<p style=\"text-align: justify\"><span style=\"color: #000000\"><strong>Article 5. Fundacions no aut\u00f2nomes i altres.<\/strong><strong>\u00a0<\/strong><\/span><\/p>\n<ol style=\"text-align: justify\">\n<li><span style=\"color: #000000\">Les fundacions no aut\u00f2nomes i qualsevol altra entitat que no gaudeixi de personalitat jur\u00eddica civil dep\u00e8n directament de l&#8217;entitat eclesi\u00e0stica sota la qual opera i\u00a0per\u00a0tant, no\u00a0tenen obligaci\u00f3 de rendir comptes a aquesta oficina.<\/span><\/li>\n<\/ol>\n<p style=\"text-align: justify\"><span style=\"color: #000000\"><strong>Disposicions addicionals<\/strong><\/span><\/p>\n<ol style=\"text-align: justify\">\n<li><span style=\"color: #000000\">Els formats de rendici\u00f3 de comptes seran aprovats pel Bisbe Dioces\u00e0 a proposta del Consell d&#8217;Assumptes Econ\u00f2mics i tenint en compte els models aprovats per la Confer\u00e8ncia Episcopal. Aquests models prendran com a base la legislaci\u00f3 comptable per a les entitats no lucratives amb les adaptacions comptables pertinents per a les institucions de l&#8217;Esgl\u00e9sia.<\/span><\/li>\n<\/ol>\n<ol style=\"text-align: justify\" start=\"2\">\n<li><span style=\"color: #000000\">L&#8217;entrada en vigor d&#8217;aquestes normes es produir\u00e0 una vegada sigui aprovat per l&#8217;\u00f2rgan competent. Els comptes corresponents al primer exercici podran presentar-se en els formats en els quals s&#8217;aprovin pels \u00f2rgans corresponents de l&#8217;entitat, havent-se d&#8217;adaptar la comptabilitat per als anys seg\u00fcents.<\/span><\/li>\n<\/ol>\n<ol start=\"3\">\n<li style=\"text-align: justify\"><span style=\"color: #000000\"><span style=\"color: #000000\"><span style=\"color: #000000\"><span style=\"color: #000000\">L&#8217;oficina establir\u00e0 mecanismes d&#8217;assessorament i col\u00b7laboraci\u00f3 amb totes les entitats per a facilitar el compliment del que es preveu en les presents normes.<br \/>\n<\/span><\/span><\/span><\/span><strong><em><br \/>\nEl rector: Mn. V\u00edctor Mosquera Ramos<br \/>\n<\/em><\/strong><a href=\"https:\/\/assumpcio.alcover.arqtgn.cat\/\"><img decoding=\"async\" class=\"size-full wp-image-3242 alignright\" src=\"https:\/\/assumpcio.alcover.arqtgn.cat\/wp-content\/uploads\/sites\/39\/2022\/10\/Yo2Q.gif\" alt=\"\" width=\"64\" height=\"64\" \/><\/a><\/li>\n<\/ol>\n","protected":false},"excerpt":{"rendered":"<p>TRANSPAR\u00c8NCIA I RENDICI\u00d3 DE COMPTES Codi de Dret Can\u00f2nic PRE\u00c0MBUL L&#8217;efectiva implantaci\u00f3 de les normes del llibre cinqu\u00e8 del codi de Dret Can\u00f2nic, unit a la nova regulaci\u00f3 civil en <a class=\"more-link\" href=\"https:\/\/assumpcio.alcover.arqtgn.cat\/?page_id=526\">Continue Reading &rarr;<\/a><\/p>\n","protected":false},"author":39,"featured_media":0,"parent":0,"menu_order":0,"comment_status":"closed","ping_status":"closed","template":"","meta":{"footnotes":""},"class_list":["post-526","page","type-page","status-publish","hentry"],"_links":{"self":[{"href":"https:\/\/assumpcio.alcover.arqtgn.cat\/index.php?rest_route=\/wp\/v2\/pages\/526","targetHints":{"allow":["GET"]}}],"collection":[{"href":"https:\/\/assumpcio.alcover.arqtgn.cat\/index.php?rest_route=\/wp\/v2\/pages"}],"about":[{"href":"https:\/\/assumpcio.alcover.arqtgn.cat\/index.php?rest_route=\/wp\/v2\/types\/page"}],"author":[{"embeddable":true,"href":"https:\/\/assumpcio.alcover.arqtgn.cat\/index.php?rest_route=\/wp\/v2\/users\/39"}],"replies":[{"embeddable":true,"href":"https:\/\/assumpcio.alcover.arqtgn.cat\/index.php?rest_route=%2Fwp%2Fv2%2Fcomments&post=526"}],"version-history":[{"count":48,"href":"https:\/\/assumpcio.alcover.arqtgn.cat\/index.php?rest_route=\/wp\/v2\/pages\/526\/revisions"}],"predecessor-version":[{"id":3262,"href":"https:\/\/assumpcio.alcover.arqtgn.cat\/index.php?rest_route=\/wp\/v2\/pages\/526\/revisions\/3262"}],"wp:attachment":[{"href":"https:\/\/assumpcio.alcover.arqtgn.cat\/index.php?rest_route=%2Fwp%2Fv2%2Fmedia&parent=526"}],"curies":[{"name":"wp","href":"https:\/\/api.w.org\/{rel}","templated":true}]}}