{"id":540,"date":"2022-05-27T11:27:53","date_gmt":"2022-05-27T09:27:53","guid":{"rendered":"http:\/\/assumpcio.alcover.arqtgn.cat\/?page_id=540"},"modified":"2022-10-02T11:52:19","modified_gmt":"2022-10-02T09:52:19","slug":"ermita-del-remei-2","status":"publish","type":"page","link":"https:\/\/assumpcio.alcover.arqtgn.cat\/?page_id=540","title":{"rendered":"ERMITA DEL REMEI"},"content":{"rendered":"<div id=\"attachment_579\" style=\"width: 310px\" class=\"wp-caption alignleft\"><a href=\"https:\/\/assumpcio.alcover.arqtgn.cat\/wp-content\/uploads\/sites\/39\/2022\/05\/md-remei-alcover.jpeg\" target=\"_blank\" rel=\"noopener\"><img fetchpriority=\"high\" decoding=\"async\" aria-describedby=\"caption-attachment-579\" class=\"wp-image-579 size-medium\" src=\"https:\/\/assumpcio.alcover.arqtgn.cat\/wp-content\/uploads\/sites\/39\/2022\/05\/md-remei-alcover-300x225.jpeg\" alt=\"\" width=\"300\" height=\"225\" srcset=\"https:\/\/assumpcio.alcover.arqtgn.cat\/wp-content\/uploads\/sites\/39\/2022\/05\/md-remei-alcover-300x225.jpeg 300w, https:\/\/assumpcio.alcover.arqtgn.cat\/wp-content\/uploads\/sites\/39\/2022\/05\/md-remei-alcover-1024x767.jpeg 1024w, https:\/\/assumpcio.alcover.arqtgn.cat\/wp-content\/uploads\/sites\/39\/2022\/05\/md-remei-alcover-768x575.jpeg 768w, https:\/\/assumpcio.alcover.arqtgn.cat\/wp-content\/uploads\/sites\/39\/2022\/05\/md-remei-alcover.jpeg 1080w\" sizes=\"(max-width: 300px) 100vw, 300px\" \/><\/a><p id=\"caption-attachment-579\" class=\"wp-caption-text\"><strong>Mare de D\u00e9u del Remei<\/strong><\/p><\/div>\n<p style=\"text-align: justify\">Els or\u00edgens de l\u2019ermita del Remei no s\u00f3n clars, ja que no hi ha documentaci\u00f3 que dati exactament els or\u00edgens d\u2019ella. Tot i aix\u00f2, sembla que en els or\u00edgens hi havia una<strong>\u00a0<\/strong>petita capella dedicada a <a href=\"https:\/\/ca.wikipedia.org\/wiki\/Antoni_Abat\">Sant Antoni<\/a>, on hi havia la imatge de la Verge del Remei.<\/p>\n<p style=\"text-align: justify\">Segons conta la veu popular,\u00a0<strong>va ser un pastor del\u00a0<\/strong><a href=\"https:\/\/ca.wikipedia.org\/wiki\/El_Rourell\" target=\"_blank\" rel=\"noopener\">Rourell<\/a> <strong>qui, mentre pasturava el seu ramat per les muntanyes d&#8217;Alcover, va trobar-se la imatge de la Mare de D\u00e9u del Remei en una cova<\/strong>. L&#8217;home la va agafar la pos\u00e0\u00a0en el seu sarr\u00f3 i la va portar al rector d&#8217;aquesta localitat, per\u00f2, en voler-li ensenyar, aquesta havia desaparegut del seu sarr\u00f3. Aix\u00ed que va tornar a buscar-la a la cova on l&#8217;havia trobat el primer cop i la va agafar una altra vegada. En arribar, va adonar-se que la imatge havia tornat a desapar\u00e8ixer. El pastor no ho entenia i el rector va explicar-li que aquesta era la voluntat de la Verge Maria, de romandre on ella volia i all\u00e0 es va aixecar l&#8217;ermita primitiva, que amb els anys s&#8217;ha convertit en un referent del patrimoni hist\u00f2ric de la comarca. La coronaci\u00f3 can\u00f2nica de la Mare de D\u00e9u del Remei es va celebrar el mes de juliol de l\u2019any 1989.<\/p>\n<p style=\"text-align: justify\"><strong>L\u2019ermita<br \/>\n<\/strong><\/p>\n<div id=\"attachment_554\" style=\"width: 235px\" class=\"wp-caption alignright\"><a href=\"https:\/\/assumpcio.alcover.arqtgn.cat\/wp-content\/uploads\/sites\/39\/2022\/05\/El-Remei-Alcover_1.jpeg\" target=\"_blank\" rel=\"noopener\"><img decoding=\"async\" aria-describedby=\"caption-attachment-554\" class=\"wp-image-554 size-medium\" src=\"https:\/\/assumpcio.alcover.arqtgn.cat\/wp-content\/uploads\/sites\/39\/2022\/05\/El-Remei-Alcover_1-225x300.jpeg\" alt=\"\" width=\"225\" height=\"300\" srcset=\"https:\/\/assumpcio.alcover.arqtgn.cat\/wp-content\/uploads\/sites\/39\/2022\/05\/El-Remei-Alcover_1-225x300.jpeg 225w, https:\/\/assumpcio.alcover.arqtgn.cat\/wp-content\/uploads\/sites\/39\/2022\/05\/El-Remei-Alcover_1-768x1024.jpeg 768w, https:\/\/assumpcio.alcover.arqtgn.cat\/wp-content\/uploads\/sites\/39\/2022\/05\/El-Remei-Alcover_1.jpeg 900w\" sizes=\"(max-width: 225px) 100vw, 225px\" \/><\/a><p id=\"caption-attachment-554\" class=\"wp-caption-text\"><strong>Ermita Mare de D\u00e9u del Remei<\/strong><\/p><\/div>\n<p style=\"text-align: justify\">L&#8217;<a href=\"https:\/\/ca.wikipedia.org\/wiki\/Ermita\">ermita<\/a> del Remei est\u00e0 situada als vessants orientals de les <a href=\"https:\/\/ca.wikipedia.org\/wiki\/Muntanyes_de_Prades\" target=\"_blank\" rel=\"noopener\">muntanyes de Prades<\/a>, elevada sobre la riba esquerra del riu <a href=\"https:\/\/ca.wikipedia.org\/wiki\/Riu_Glorieta\">Glorieta<\/a>, a uns tres quil\u00f2metres de la vila d&#8217;<a href=\"https:\/\/ca.wikipedia.org\/wiki\/Alcover\">Alcover<\/a>\u00a0(Alt Camp). L&#8217;actual edifici, bene\u00eft l&#8217;any 1779, va substituir un antic temple del segle XVI, dedicat a <a href=\"https:\/\/ca.wikipedia.org\/wiki\/Antoni_Abat\" target=\"_blank\" rel=\"noopener\">Sant Antoni<\/a> i a la Mare de D\u00e9u.\u00a0L&#8217;actual santuari, molt venerat a la comarca, presenta una fa\u00e7ana barroca flanquejada per dues torres circulars. Aquest monument est\u00e0 protegit com a\u00a0b\u00e9 cultural d&#8217;inter\u00e8s local.<\/p>\n<p style=\"text-align: justify\">Es tracta d&#8217;un edifici barroc de planta centralitzada cobert per una gran c\u00fapula esf\u00e8rica, amb un absis rectangular, un\u00a0cor\u00a0als peus i dues torres circulars, tamb\u00e9 als peus. \u00c9s interessant la\u00a0fa\u00e7ana, amb porta d&#8217;arc carpanell\u00a0molt rebaixat amb\u00a0cornisa, una\u00a0forn\u00edcula\u00a0amb la imatge de Sant Antoni i una\u00a0<a href=\"https:\/\/ca.wikipedia.org\/wiki\/Rosassa\">rosassa<\/a>\u00a0octogonal motllurada. A la part superior hi ha la data de 1769. En un segon relleu superior tamb\u00e9 hi ha la data de 1772 que ocupa el cos superior de la fa\u00e7ana.<\/p>\n<div id=\"attachment_557\" style=\"width: 310px\" class=\"wp-caption alignleft\"><a href=\"https:\/\/assumpcio.alcover.arqtgn.cat\/wp-content\/uploads\/sites\/39\/2022\/05\/Remei_2.jpeg\" target=\"_blank\" rel=\"noopener\"><img decoding=\"async\" aria-describedby=\"caption-attachment-557\" class=\"wp-image-557 size-medium\" src=\"https:\/\/assumpcio.alcover.arqtgn.cat\/wp-content\/uploads\/sites\/39\/2022\/05\/Remei_2-300x200.jpeg\" alt=\"\" width=\"300\" height=\"200\" srcset=\"https:\/\/assumpcio.alcover.arqtgn.cat\/wp-content\/uploads\/sites\/39\/2022\/05\/Remei_2-300x200.jpeg 300w, https:\/\/assumpcio.alcover.arqtgn.cat\/wp-content\/uploads\/sites\/39\/2022\/05\/Remei_2.jpeg 514w\" sizes=\"(max-width: 300px) 100vw, 300px\" \/><\/a><p id=\"caption-attachment-557\" class=\"wp-caption-text\"><strong>Interior de l&#8217;ermita<\/strong><\/p><\/div>\n<p style=\"text-align: justify\">L&#8217;interior \u00e9s d&#8217;una nau amb tram \u00fanic curt que correspon al cor. La cap\u00e7alera t\u00e9\u00a0volta bufada, i la\u00a0sagristia\u00a0d&#8217;aresta. L&#8217;obra \u00e9s de\u00a0<span style=\"color: #993300\"><strong><a style=\"color: #993300\" href=\"https:\/\/assumpcio.alcover.arqtgn.cat\/wp-content\/uploads\/sites\/39\/2022\/05\/210763-Text-de-larticle-291962-1-10-20101229.pdf\" target=\"_blank\" rel=\"noopener\">pedra saldonera<\/a><\/strong><\/span>. Hi ha un interessant treball de forja en els\u00a0<a href=\"https:\/\/ca.wikipedia.org\/wiki\/Penell\">penells<\/a>. L&#8217;estructura interior no es reflecteix clarament a l&#8217;exterior sin\u00f3 que presenta un mur continu que defineix un per\u00edmetre rectangular.<\/p>\n<p style=\"text-align: justify\">No hi ha una documentaci\u00f3 suficient que permeti la dataci\u00f3 exacta dels or\u00edgens d&#8217;aquesta ermita. Sembla que hi havia en principi una petita capella dedicada a Sant Antoni, on hi havia la imatge de la Interior de l&#8217;ermita \u00a0<a href=\"https:\/\/ca.wikipedia.org\/wiki\/Verge_del_Remei\">Verge del Remei<\/a>,\u00a0<a href=\"https:\/\/ca.wikipedia.org\/wiki\/Mareded%C3%A9u_trobada\" target=\"_blank\" rel=\"noopener\">marededeu trobada<\/a>\u00a0segons la tradici\u00f3.<\/p>\n<div id=\"attachment_555\" style=\"width: 310px\" class=\"wp-caption alignright\"><a href=\"https:\/\/assumpcio.alcover.arqtgn.cat\/wp-content\/uploads\/sites\/39\/2022\/05\/IMG_6181.jpeg\" target=\"_blank\" rel=\"noopener\"><img loading=\"lazy\" decoding=\"async\" aria-describedby=\"caption-attachment-555\" class=\"wp-image-555 size-medium\" src=\"https:\/\/assumpcio.alcover.arqtgn.cat\/wp-content\/uploads\/sites\/39\/2022\/05\/IMG_6181-300x200.jpeg\" alt=\"\" width=\"300\" height=\"200\" srcset=\"https:\/\/assumpcio.alcover.arqtgn.cat\/wp-content\/uploads\/sites\/39\/2022\/05\/IMG_6181-300x200.jpeg 300w, https:\/\/assumpcio.alcover.arqtgn.cat\/wp-content\/uploads\/sites\/39\/2022\/05\/IMG_6181-1024x682.jpeg 1024w, https:\/\/assumpcio.alcover.arqtgn.cat\/wp-content\/uploads\/sites\/39\/2022\/05\/IMG_6181-768x512.jpeg 768w, https:\/\/assumpcio.alcover.arqtgn.cat\/wp-content\/uploads\/sites\/39\/2022\/05\/IMG_6181-1536x1023.jpeg 1536w, https:\/\/assumpcio.alcover.arqtgn.cat\/wp-content\/uploads\/sites\/39\/2022\/05\/IMG_6181.jpeg 1600w\" sizes=\"(max-width: 300px) 100vw, 300px\" \/><\/a><p id=\"caption-attachment-555\" class=\"wp-caption-text\"><strong>L&#8217;ermita actual, Mare de D\u00e9u del Remei<\/strong><\/p><\/div>\n<p style=\"text-align: justify\">L&#8217;edifici actual es va construir per un acord pres pels ve\u00efns i l&#8217;Ajuntament d&#8217;Alcover l&#8217;any 1761. L&#8217;obra es va finalitzar el 1772, segons consta a la\u00a0<a href=\"https:\/\/ca.wikipedia.org\/wiki\/Motllura\">motllura<\/a> del coronament de la fa\u00e7ana, i va ser bene\u00efda el 21 de novembre de 1779 pel rector Joan Rimbau. Segurament s&#8217;aprofitaren elements d&#8217;una construcci\u00f3 anterior, com ho prova la data de la\u00a0campana, de 1744, i els documents descoberts recentment que parlen d&#8217;una ermita del Remei el 1638.<\/p>\n<p style=\"text-align: justify\">Actualment, la casa de l\u2019ermita ha estat restaurada i habilitada com una\u00a0casa de col\u00f2nies i<strong>\u00a0<a href=\"https:\/\/www.facebook.com\/restaurantermitadelremei\" target=\"_blank\" rel=\"noopener\">restaurant<\/a>,<\/strong> fent que aquesta obra s\u2019aprofiti al m\u00e0xim.<\/p>\n<div id=\"attachment_559\" style=\"width: 688px\" class=\"wp-caption aligncenter\"><a href=\"https:\/\/assumpcio.alcover.arqtgn.cat\/wp-content\/uploads\/sites\/39\/2022\/05\/Remei_3-1.jpeg\" target=\"_blank\" rel=\"noopener\"><img loading=\"lazy\" decoding=\"async\" aria-describedby=\"caption-attachment-559\" class=\"wp-image-559 size-large\" src=\"https:\/\/assumpcio.alcover.arqtgn.cat\/wp-content\/uploads\/sites\/39\/2022\/05\/Remei_3-1-1024x683.jpeg\" alt=\"\" width=\"678\" height=\"452\" srcset=\"https:\/\/assumpcio.alcover.arqtgn.cat\/wp-content\/uploads\/sites\/39\/2022\/05\/Remei_3-1-1024x683.jpeg 1024w, https:\/\/assumpcio.alcover.arqtgn.cat\/wp-content\/uploads\/sites\/39\/2022\/05\/Remei_3-1-300x200.jpeg 300w, https:\/\/assumpcio.alcover.arqtgn.cat\/wp-content\/uploads\/sites\/39\/2022\/05\/Remei_3-1-768x512.jpeg 768w, https:\/\/assumpcio.alcover.arqtgn.cat\/wp-content\/uploads\/sites\/39\/2022\/05\/Remei_3-1.jpeg 1200w\" sizes=\"(max-width: 678px) 100vw, 678px\" \/><\/a><p id=\"caption-attachment-559\" class=\"wp-caption-text\"><strong>Imatge de la baixada del Remei durant les Festes Decennals de 2009 | CEDIDA<\/strong><\/p><\/div>\n<div id=\"attachment_561\" style=\"width: 688px\" class=\"wp-caption aligncenter\"><a href=\"https:\/\/assumpcio.alcover.arqtgn.cat\/wp-content\/uploads\/sites\/39\/2022\/05\/Remei_7.jpeg\" target=\"_blank\" rel=\"noopener\"><img loading=\"lazy\" decoding=\"async\" aria-describedby=\"caption-attachment-561\" class=\"wp-image-561 size-large\" src=\"https:\/\/assumpcio.alcover.arqtgn.cat\/wp-content\/uploads\/sites\/39\/2022\/05\/Remei_7-1024x647.jpeg\" alt=\"\" width=\"678\" height=\"428\" srcset=\"https:\/\/assumpcio.alcover.arqtgn.cat\/wp-content\/uploads\/sites\/39\/2022\/05\/Remei_7-1024x647.jpeg 1024w, https:\/\/assumpcio.alcover.arqtgn.cat\/wp-content\/uploads\/sites\/39\/2022\/05\/Remei_7-300x190.jpeg 300w, https:\/\/assumpcio.alcover.arqtgn.cat\/wp-content\/uploads\/sites\/39\/2022\/05\/Remei_7-768x485.jpeg 768w, https:\/\/assumpcio.alcover.arqtgn.cat\/wp-content\/uploads\/sites\/39\/2022\/05\/Remei_7.jpeg 1200w\" sizes=\"(max-width: 678px) 100vw, 678px\" \/><\/a><p id=\"caption-attachment-561\" class=\"wp-caption-text\"><strong>La Mare de D\u00e9u del Remei visita Alcover en molt poques ocasions, com en la Santa Missi\u00f3 de l\u2019any 1954 | CEDIDA<\/strong><\/p><\/div>\n<table style=\"width: 100%;border-collapse: collapse;border-style: none;height: 519px\">\n<tbody>\n<tr style=\"height: 519px\">\n<td style=\"width: 50%;border-style: none;height: 519px\">\n<p><div id=\"attachment_876\" style=\"width: 325px\" class=\"wp-caption alignright\"><a href=\"https:\/\/assumpcio.alcover.arqtgn.cat\/wp-content\/uploads\/sites\/39\/2022\/06\/GOIS.jpeg\" target=\"_blank\" rel=\"noopener\"><img loading=\"lazy\" decoding=\"async\" aria-describedby=\"caption-attachment-876\" class=\"wp-image-876\" src=\"https:\/\/assumpcio.alcover.arqtgn.cat\/wp-content\/uploads\/sites\/39\/2022\/06\/GOIS-700x1024.jpeg\" alt=\"\" width=\"315\" height=\"460\" srcset=\"https:\/\/assumpcio.alcover.arqtgn.cat\/wp-content\/uploads\/sites\/39\/2022\/06\/GOIS-700x1024.jpeg 700w, https:\/\/assumpcio.alcover.arqtgn.cat\/wp-content\/uploads\/sites\/39\/2022\/06\/GOIS-205x300.jpeg 205w, https:\/\/assumpcio.alcover.arqtgn.cat\/wp-content\/uploads\/sites\/39\/2022\/06\/GOIS-768x1124.jpeg 768w, https:\/\/assumpcio.alcover.arqtgn.cat\/wp-content\/uploads\/sites\/39\/2022\/06\/GOIS-1049x1536.jpeg 1049w, https:\/\/assumpcio.alcover.arqtgn.cat\/wp-content\/uploads\/sites\/39\/2022\/06\/GOIS.jpeg 1093w\" sizes=\"(max-width: 315px) 100vw, 315px\" \/><\/a><p id=\"caption-attachment-876\" class=\"wp-caption-text\"><strong>GOIGS A LA MARE DE D\u00c9U DEL REMEI<\/strong><\/p><\/div><\/td>\n<td style=\"width: 50%;border-style: none;height: 519px\">\n<p><div id=\"attachment_875\" style=\"width: 306px\" class=\"wp-caption alignleft\"><a href=\"https:\/\/assumpcio.alcover.arqtgn.cat\/wp-content\/uploads\/sites\/39\/2022\/06\/Lloances.jpeg\" target=\"_blank\" rel=\"noopener\"><img loading=\"lazy\" decoding=\"async\" aria-describedby=\"caption-attachment-875\" class=\"wp-image-875\" src=\"https:\/\/assumpcio.alcover.arqtgn.cat\/wp-content\/uploads\/sites\/39\/2022\/06\/Lloances-207x300.jpeg\" alt=\"\" width=\"296\" height=\"429\" srcset=\"https:\/\/assumpcio.alcover.arqtgn.cat\/wp-content\/uploads\/sites\/39\/2022\/06\/Lloances-207x300.jpeg 207w, https:\/\/assumpcio.alcover.arqtgn.cat\/wp-content\/uploads\/sites\/39\/2022\/06\/Lloances-707x1024.jpeg 707w, https:\/\/assumpcio.alcover.arqtgn.cat\/wp-content\/uploads\/sites\/39\/2022\/06\/Lloances-768x1113.jpeg 768w, https:\/\/assumpcio.alcover.arqtgn.cat\/wp-content\/uploads\/sites\/39\/2022\/06\/Lloances-1060x1536.jpeg 1060w, https:\/\/assumpcio.alcover.arqtgn.cat\/wp-content\/uploads\/sites\/39\/2022\/06\/Lloances.jpeg 1104w\" sizes=\"(max-width: 296px) 100vw, 296px\" \/><\/a><p id=\"caption-attachment-875\" class=\"wp-caption-text\"><strong>LLOANCES A LA MARE DE D\u00c9U DEL REMEI<\/strong><\/p><\/div><\/td>\n<\/tr>\n<\/tbody>\n<\/table>\n<p><a href=\"https:\/\/assumpcio.alcover.arqtgn.cat\/\"><img loading=\"lazy\" decoding=\"async\" class=\"size-full wp-image-3242 alignright\" src=\"https:\/\/assumpcio.alcover.arqtgn.cat\/wp-content\/uploads\/sites\/39\/2022\/10\/Yo2Q.gif\" alt=\"\" width=\"64\" height=\"64\" \/><\/a><\/p>\n","protected":false},"excerpt":{"rendered":"<p>Els or\u00edgens de l\u2019ermita del Remei no s\u00f3n clars, ja que no hi ha documentaci\u00f3 que dati exactament els or\u00edgens d\u2019ella. Tot i aix\u00f2, sembla que en els or\u00edgens hi <a class=\"more-link\" href=\"https:\/\/assumpcio.alcover.arqtgn.cat\/?page_id=540\">Continue Reading &rarr;<\/a><\/p>\n","protected":false},"author":39,"featured_media":0,"parent":0,"menu_order":0,"comment_status":"closed","ping_status":"closed","template":"","meta":{"footnotes":""},"class_list":["post-540","page","type-page","status-publish","hentry"],"_links":{"self":[{"href":"https:\/\/assumpcio.alcover.arqtgn.cat\/index.php?rest_route=\/wp\/v2\/pages\/540","targetHints":{"allow":["GET"]}}],"collection":[{"href":"https:\/\/assumpcio.alcover.arqtgn.cat\/index.php?rest_route=\/wp\/v2\/pages"}],"about":[{"href":"https:\/\/assumpcio.alcover.arqtgn.cat\/index.php?rest_route=\/wp\/v2\/types\/page"}],"author":[{"embeddable":true,"href":"https:\/\/assumpcio.alcover.arqtgn.cat\/index.php?rest_route=\/wp\/v2\/users\/39"}],"replies":[{"embeddable":true,"href":"https:\/\/assumpcio.alcover.arqtgn.cat\/index.php?rest_route=%2Fwp%2Fv2%2Fcomments&post=540"}],"version-history":[{"count":55,"href":"https:\/\/assumpcio.alcover.arqtgn.cat\/index.php?rest_route=\/wp\/v2\/pages\/540\/revisions"}],"predecessor-version":[{"id":3282,"href":"https:\/\/assumpcio.alcover.arqtgn.cat\/index.php?rest_route=\/wp\/v2\/pages\/540\/revisions\/3282"}],"wp:attachment":[{"href":"https:\/\/assumpcio.alcover.arqtgn.cat\/index.php?rest_route=%2Fwp%2Fv2%2Fmedia&parent=540"}],"curies":[{"name":"wp","href":"https:\/\/api.w.org\/{rel}","templated":true}]}}