{"id":75,"date":"2022-05-20T17:29:27","date_gmt":"2022-05-20T15:29:27","guid":{"rendered":"http:\/\/assumpcio.alcover.arqtgn.cat\/?page_id=75"},"modified":"2023-05-27T12:43:24","modified_gmt":"2023-05-27T10:43:24","slug":"la-nostra-parroquia","status":"publish","type":"page","link":"https:\/\/assumpcio.alcover.arqtgn.cat\/?page_id=75","title":{"rendered":"Parr\u00f2quia de l&#8217;Assumpci\u00f3"},"content":{"rendered":"<div id=\"attachment_265\" style=\"width: 235px\" class=\"wp-caption alignleft\"><a href=\"https:\/\/assumpcio.alcover.arqtgn.cat\/wp-content\/uploads\/sites\/39\/2022\/05\/ALCOVER_3.jpeg\" target=\"_blank\" rel=\"noopener\"><img fetchpriority=\"high\" decoding=\"async\" aria-describedby=\"caption-attachment-265\" class=\"wp-image-265 size-medium\" src=\"https:\/\/assumpcio.alcover.arqtgn.cat\/wp-content\/uploads\/sites\/39\/2022\/05\/ALCOVER_3-225x300.jpeg\" alt=\"\" width=\"225\" height=\"300\" srcset=\"https:\/\/assumpcio.alcover.arqtgn.cat\/wp-content\/uploads\/sites\/39\/2022\/05\/ALCOVER_3-225x300.jpeg 225w, https:\/\/assumpcio.alcover.arqtgn.cat\/wp-content\/uploads\/sites\/39\/2022\/05\/ALCOVER_3.jpeg 600w\" sizes=\"(max-width: 225px) 100vw, 225px\" \/><\/a><p id=\"caption-attachment-265\" class=\"wp-caption-text\"><strong>Esgl\u00e9sia de l&#8217;Assumpci\u00f3<\/strong><\/p><\/div>\n<p style=\"text-align: justify\"><span style=\"color: #000000\">Esgl\u00e9sia Nova o de l&#8217;Assumpci\u00f3<\/span><\/p>\n<p style=\"text-align: justify\"><span style=\"color: #000000\">Edifici de tipus religi\u00f3s, del per\u00edode del segle XVI-XVII, d\u2019estil <a href=\"https:\/\/ca.wikipedia.org\/wiki\/Renaixement\" target=\"_blank\" rel=\"noopener\">renaixement<\/a> s\u00f3n autos els a<\/span>rquitectes: Joan Munter, Oliveri Auqui, Pere Blai, i Crist\u00f2fol de Bruel<span style=\"color: #000000\">, est\u00e0 situada a la pla\u00e7a de l\u2019esgl\u00e9sia Nova, <strong>\u00e9s un edifici d\u2019especial inter\u00e8s de b\u00e9 nacional (BCIN).<\/strong><\/span><\/p>\n<p style=\"text-align: justify\"><span style=\"color: #000000\">Constru\u00efda extramurs entre 1578 i 1630, any que va ser bene\u00efda. Tres anys despr\u00e9s es va traslladar el Sant\u00edssim des de l&#8217;esgl\u00e9sia vella a la nova, on encara es conserva. L&#8217;any 1795 va caure la part superior del campanar, i el nou, iniciat just despr\u00e9s, va restar inacabat. El projecte -la tra\u00e7a- va ser encomanada al mestre de cases <span style=\"text-decoration: underline\"><strong><a style=\"color: #000000;text-decoration: underline\" href=\"https:\/\/raco.cat\/index.php\/QHT\/article\/view\/94592\/164435\" target=\"_blank\" rel=\"noopener\">Joan Munter<\/a><\/strong><\/span>. A la seva mort, l&#8217;any 1603, va ser substitu\u00eft per Oliveri Auqui, que continu\u00e0 l&#8217;obra fins al 1662, quan va assumir la direcci\u00f3 Crist\u00f2for de Bruel. El prestigi\u00f3s mestre renaixentista Pere Blai tamb\u00e9 hi va intervenir, puntualment.<\/span><\/p>\n<div id=\"attachment_264\" style=\"width: 280px\" class=\"wp-caption alignright\"><a href=\"https:\/\/assumpcio.alcover.arqtgn.cat\/wp-content\/uploads\/sites\/39\/2022\/05\/ALCOVER_2.jpeg\" target=\"_blank\" rel=\"noopener\"><img decoding=\"async\" aria-describedby=\"caption-attachment-264\" class=\"wp-image-264\" src=\"https:\/\/assumpcio.alcover.arqtgn.cat\/wp-content\/uploads\/sites\/39\/2022\/05\/ALCOVER_2-300x225.jpeg\" alt=\"\" width=\"270\" height=\"203\" srcset=\"https:\/\/assumpcio.alcover.arqtgn.cat\/wp-content\/uploads\/sites\/39\/2022\/05\/ALCOVER_2-300x225.jpeg 300w, https:\/\/assumpcio.alcover.arqtgn.cat\/wp-content\/uploads\/sites\/39\/2022\/05\/ALCOVER_2-1024x768.jpeg 1024w, https:\/\/assumpcio.alcover.arqtgn.cat\/wp-content\/uploads\/sites\/39\/2022\/05\/ALCOVER_2-768x576.jpeg 768w, https:\/\/assumpcio.alcover.arqtgn.cat\/wp-content\/uploads\/sites\/39\/2022\/05\/ALCOVER_2.jpeg 1200w\" sizes=\"(max-width: 270px) 100vw, 270px\" \/><\/a><p id=\"caption-attachment-264\" class=\"wp-caption-text\"><strong>Esgl\u00e9sia de l&#8217;Assumpci\u00f3<\/strong><\/p><\/div>\n<p style=\"text-align: justify\"><span style=\"color: #000000\">L&#8217;edifici es pot considerar d&#8217;estil renaixentista, especialment la fa\u00e7ana, tot i que l&#8217;interior respon encara a l&#8217;esperit del g\u00f2tic tard\u00e0. Es pot relacionar amb la denominada <em>Escola del Camp de Tarragona<\/em>, que combina f\u00f3rmules del renaixement itali\u00e0 amb solucions arquitect\u00f2niques tradicionals. \u00c9s d&#8217;una sola nau, coberta amb volta de creuer, capelles laterals entre els contraforts, absis poligonal i cor als peus. La portalada \u00e9s d&#8217;una gran majestuositat, amb vuit forn\u00edcules flanquejades per columnes amb capitells compostos i un front\u00f3 triangular al capdamunt.<\/span><\/p>\n<p style=\"text-align: justify\"><span style=\"color: #000000\">Guarda el retaule major barroc (segle XVII) obra de Francesc Grau, Dom\u00e8nec Rovira II i Salvador Perearnau; a la capella neocl\u00e0ssica del Sant\u00edssim Sagrament (fi del segle XVIII i principis del XIX) unes pintures murals d&#8217;\u00e8poca moderna (posterior al 1939) de l&#8217;artista local Antoni Catal\u00e0.<br \/>\n<\/span><br \/>\n<span style=\"color: #000000\">Campanar neocl\u00e0ssic, inacabat, aixecat entre el 1795 al 1803 despr\u00e9s de caure el 1795 l&#8217;anterior renaixentista. T\u00e9 planta gaireb\u00e9 quadrada (8&#8217;37 x 8&#8217;40 m) amb un segon cos vuitavat de ma\u00f3 vist. La cel\u00b7la queda oberta amb vuit finestres d&#8217;arc de mig punt sense cobrir; hi penja alguna campana. Sembla que no es van entendre el rector i l&#8217;alcalde sobre el projecte d&#8217;acabat i des d&#8217;aleshores ha quedat incomplet; tanmateix, recentment ha quedat cobert per una senzilla teulada. Per l&#8217;interior hi puja una escala de cargol de pedra arrapada al mur ve\u00ed de l&#8217;esgl\u00e9sia pel cant\u00f3 de llevant.<br \/>\n<\/span><br \/>\n<span style=\"color: #000000\">Situaci\u00f3: mig encabit damunt l&#8217;ala esquerra del temple fent angle al sud-oest del frontis encarat a migdia.<\/span><br \/>\n<span style=\"color: #000000\"><br \/>\nAl\u00e7ada: 39&#8217;71 metres.<\/span><\/p>\n<h6 style=\"text-align: left\"><a href=\"https:\/\/core.ac.uk\/download\/pdf\/159261835.pdf\" target=\"_blank\" rel=\"noopener\"><img decoding=\"async\" class=\"alignleft wp-image-4698\" src=\"https:\/\/assumpcio.alcover.arqtgn.cat\/wp-content\/uploads\/sites\/39\/2023\/03\/La-Iglesia-de-Alcover-y-su-retablo.jpg\" alt=\"\" width=\"89\" height=\"126\" \/><\/a><a href=\"https:\/\/core.ac.uk\/download\/pdf\/159261835.pdf\" target=\"_blank\" rel=\"noopener\"><strong>Document o publicaci\u00f3 molt antic en format\u00a0Pdf<\/strong><\/a><br \/>\n<a href=\"https:\/\/core.ac.uk\/download\/pdf\/159261835.pdf\" target=\"_blank\" rel=\"noopener\"><strong>LA IGLESIA PARROQUIAL DE ALCOVER Y SU RETABLO MAYOR<\/strong><\/a><br \/>\n<a href=\"https:\/\/core.ac.uk\/download\/pdf\/159261835.pdf\" target=\"_blank\" rel=\"noopener\"><strong>De Joaqu\u00edn Avell\u00e1<\/strong><\/a><\/h6>\n<div id=\"attachment_3075\" style=\"width: 1610px\" class=\"wp-caption aligncenter\"><a href=\"https:\/\/assumpcio.alcover.arqtgn.cat\/wp-content\/uploads\/sites\/39\/2022\/09\/Vista-general-de-linterior-del-temple.jpg\" target=\"_blank\" rel=\"noopener\"><img loading=\"lazy\" decoding=\"async\" aria-describedby=\"caption-attachment-3075\" class=\"wp-image-3075 size-full\" src=\"https:\/\/assumpcio.alcover.arqtgn.cat\/wp-content\/uploads\/sites\/39\/2022\/09\/Vista-general-de-linterior-del-temple.jpg\" alt=\"\" width=\"1600\" height=\"800\" srcset=\"https:\/\/assumpcio.alcover.arqtgn.cat\/wp-content\/uploads\/sites\/39\/2022\/09\/Vista-general-de-linterior-del-temple.jpg 1600w, https:\/\/assumpcio.alcover.arqtgn.cat\/wp-content\/uploads\/sites\/39\/2022\/09\/Vista-general-de-linterior-del-temple-300x150.jpg 300w, https:\/\/assumpcio.alcover.arqtgn.cat\/wp-content\/uploads\/sites\/39\/2022\/09\/Vista-general-de-linterior-del-temple-1024x512.jpg 1024w, https:\/\/assumpcio.alcover.arqtgn.cat\/wp-content\/uploads\/sites\/39\/2022\/09\/Vista-general-de-linterior-del-temple-768x384.jpg 768w, https:\/\/assumpcio.alcover.arqtgn.cat\/wp-content\/uploads\/sites\/39\/2022\/09\/Vista-general-de-linterior-del-temple-1536x768.jpg 1536w\" sizes=\"(max-width: 1600px) 100vw, 1600px\" \/><\/a><p id=\"caption-attachment-3075\" class=\"wp-caption-text\"><strong>Vista general de l&#8217;interior del temple<\/strong><\/p><\/div>\n","protected":false},"excerpt":{"rendered":"<p>Esgl\u00e9sia Nova o de l&#8217;Assumpci\u00f3 Edifici de tipus religi\u00f3s, del per\u00edode del segle XVI-XVII, d\u2019estil renaixement s\u00f3n autos els arquitectes: Joan Munter, Oliveri Auqui, Pere Blai, i Crist\u00f2fol de Bruel, <a class=\"more-link\" href=\"https:\/\/assumpcio.alcover.arqtgn.cat\/?page_id=75\">Continue Reading &rarr;<\/a><\/p>\n","protected":false},"author":39,"featured_media":0,"parent":0,"menu_order":0,"comment_status":"closed","ping_status":"closed","template":"","meta":{"footnotes":""},"class_list":["post-75","page","type-page","status-publish","hentry"],"_links":{"self":[{"href":"https:\/\/assumpcio.alcover.arqtgn.cat\/index.php?rest_route=\/wp\/v2\/pages\/75","targetHints":{"allow":["GET"]}}],"collection":[{"href":"https:\/\/assumpcio.alcover.arqtgn.cat\/index.php?rest_route=\/wp\/v2\/pages"}],"about":[{"href":"https:\/\/assumpcio.alcover.arqtgn.cat\/index.php?rest_route=\/wp\/v2\/types\/page"}],"author":[{"embeddable":true,"href":"https:\/\/assumpcio.alcover.arqtgn.cat\/index.php?rest_route=\/wp\/v2\/users\/39"}],"replies":[{"embeddable":true,"href":"https:\/\/assumpcio.alcover.arqtgn.cat\/index.php?rest_route=%2Fwp%2Fv2%2Fcomments&post=75"}],"version-history":[{"count":44,"href":"https:\/\/assumpcio.alcover.arqtgn.cat\/index.php?rest_route=\/wp\/v2\/pages\/75\/revisions"}],"predecessor-version":[{"id":5279,"href":"https:\/\/assumpcio.alcover.arqtgn.cat\/index.php?rest_route=\/wp\/v2\/pages\/75\/revisions\/5279"}],"wp:attachment":[{"href":"https:\/\/assumpcio.alcover.arqtgn.cat\/index.php?rest_route=%2Fwp%2Fv2%2Fmedia&parent=75"}],"curies":[{"name":"wp","href":"https:\/\/api.w.org\/{rel}","templated":true}]}}